{"id":656,"date":"2022-05-02T10:51:45","date_gmt":"2022-05-02T08:51:45","guid":{"rendered":"https:\/\/holawifi.net\/?page_id=656"},"modified":"2022-05-02T10:55:41","modified_gmt":"2022-05-02T08:55:41","slug":"bases-juridiques-du-tirage-au-sort","status":"publish","type":"page","link":"https:\/\/holawifi.net\/fr\/bases-legales-sorteo\/","title":{"rendered":"Conditions d'utilisation"},"content":{"rendered":"<p><span style=\"color: #ffffff;\">[vc_row][vc_column][vc_column_text]<\/span><\/p>\r\n<p><strong>1.- EMPRESA ORGANIZADORA DE LA PROMOCI\u00d3N<\/strong> La empresa Newchance radio S.L.U, con domicilio fiscal en la C\/Manuel Catala Chana, n\u00ba17 7\u00ba A Benidorm, Alicante, CP: 03503 y con CIF B54802863, organiza con fines promocionales este sorteo para desarrollar a trav\u00e9s de Facebook.<\/p>\r\n<!-- \/wp:post-content -->\r\n\r\n<!-- wp:paragraph -->\r\n<p><strong>2.-FECHA DE INICIO Y FECHA DE FINALIZACI\u00d3N<\/strong> La Promoci\u00f3n se iniciar\u00e1 el<span style=\"color: #007db9;\"><strong> <span class=\"has-inline-color has-content-secondary-color\">lunes 02\/05\/2022 a las 12:00 horas y finalizar\u00e1 el lunes 16\/05\/2022 a las 12:00 horas<\/span><\/strong><\/span><span class=\"has-inline-color has-content-secondary-color\">.<\/span> S\u00f3lo ser\u00e1n contabilizadas como efectivas, las participaciones realizadas dentro de dicho periodo en nuestras redes sociales tanto <span class=\"has-inline-color has-content-secondary-color\">FACEBOOK <\/span>como <span class=\"has-inline-color has-content-secondary-color\">INSTAGRAM (holaWifi, holaVivienda) <\/span>. <strong>HolaWifi <\/strong>se reserva el derecho a aplazar o ampliar el periodo del concurso en caso de fuerza mayor as\u00ed como la facultad de interpretar los siguientes t\u00e9rminos y condiciones legales.<\/p>\r\n<!-- \/wp:paragraph -->\r\n\r\n<!-- wp:paragraph -->\r\n<p><strong>3.- REQUISITOS DE PARTICIPACI\u00d3N Y MEC\u00c1NICA DE LA PROMOCI\u00d3N<\/strong> Los requisitos de participaci\u00f3n ser\u00e1n los siguientes: &#8211; Podr\u00e1n participar aquellas personas que residan en Espa\u00f1a y sean mayores de 18 a\u00f1os. &#8211; S\u00f3lo podr\u00e1n participar aquellos participantes que tengan un perfil activo verdadero en Facebook, desestimando los perfiles fraudulentos as\u00ed como los de las personas expertas en concursos. Los datos personales con los que los participantes act\u00faen, deber\u00e1n ser veraces. &#8211; No podr\u00e1n participar en el concurso los empleados de la empresa as\u00ed como sus familiares.<\/p>\r\n<!-- \/wp:paragraph -->\r\n\r\n<!-- wp:paragraph -->\r\n<p>La mec\u00e1nica de la Promoci\u00f3n consiste en cumplir los siguientes requisitos:<\/p>\r\n<p><span class=\"has-inline-color has-content-secondary-color\" style=\"color: #007db9;\"><b>1) Dale like a la publicaci\u00f3n del sorteo <\/b><\/span><\/p>\r\n<p><span class=\"has-inline-color has-content-secondary-color\" style=\"color: #007db9;\"><b>2) Seguir a las p\u00e1ginas de holaWifi, holaVivienda. <\/b><\/span><\/p>\r\n<p><span class=\"has-inline-color has-content-secondary-color\" style=\"color: #007db9;\"><b>3) D\u00e9janos un comentario mencionando a una persona<\/b> <\/span><\/p>\r\n<p><span style=\"color: #007db9;\"><span class=\"has-inline-color has-content-secondary-color\"><b>4) Comp\u00e1rtelo en tu perfil <\/b><\/span><b>etiquet\u00e1ndonos<\/b><\/span><\/p>\r\n<p><strong>HolaWifi<\/strong> se reserva el derecho a efectuar cambio en la campa\u00f1a durante su desarrollo, si se produjese alguna causa que impida llevarla a buen t\u00e9rmino o con el fin de mejorar su avance.<\/p>\r\n<!-- \/wp:paragraph -->\r\n\r\n<!-- wp:paragraph -->\r\n<p><strong>4.- CONDICIONES DE LA PROMOCI\u00d3N Y PREMIOS<\/strong> Habr\u00e1 un ganador que obtendr\u00e1 como premio <span class=\"has-inline-color has-content-secondary-color\">de <span style=\"color: #007db9;\">un smart watch<strong> Mi Watch Lite<\/strong><\/span><\/span><span class=\"has-inline-color has-content-secondary-color\"><strong>.<\/strong><\/span> Ser\u00e1 elegido mediante sorteo aleatorio de entre todos los participantes que hayan cumplido las condiciones exigidas, d\u00e1ndose a conocer al d\u00eda siguiente de finalizar el sorteo. El ganador deber\u00e1 contactar con <strong>holaWifi <\/strong>dentro de los <strong>14 d\u00edas<\/strong> siguientes a la celebraci\u00f3n del sorteo. El ganador deber\u00e1 facilitar <strong>nombre completo, DNI, n\u00famero de tel\u00e9fono, correo y direcci\u00f3n postal<\/strong> para el env\u00edo del premio y tr\u00e1mites administrativos de la garant\u00eda del producto. El premio se enviar\u00e1 en el periodo de los 15 d\u00edas siguientes al contacto con el ganador.<\/p>\r\n<!-- \/wp:paragraph -->\r\n\r\n<!-- wp:paragraph -->\r\n<p><strong>5.- LIMITACIONES<\/strong> Si se evidenciase que cualquiera de los participantes no cumpliese con los requisitos exigidos en las Bases, o los datos proporcionados para participar no fuesen v\u00e1lidos, su participaci\u00f3n se considerar\u00e1 nula y quedar\u00e1n autom\u00e1ticamente excluidos del sorteo, perdiendo todo derecho sobre los premios otorgados en virtud de esta Promoci\u00f3n. El premio entregado no ser\u00e1 transferible ni susceptible de cambios, alteraciones o compensaciones a petici\u00f3n de los Participantes, no pudiendo ser canjeado por cualquier otro producto ni por dinero.<\/p>\r\n<!-- \/wp:paragraph -->\r\n\r\n<!-- wp:paragraph -->\r\n<p><strong>6.- EXONERACI\u00d3N DE RESPONSABILIDAD<\/strong> No asumimos la responsabilidad en casos de fuerza mayor o caso fortuito que pudieran impedir la realizaci\u00f3n de la Promoci\u00f3n o el disfrute total o parcial del premio. En caso de que esta Promoci\u00f3n no pudiera realizarse, bien por fraudes detectados en la misma, errores t\u00e9cnicos, o cualquier otro motivo que no est\u00e9 bajo el control de <strong>holaWifi <\/strong>y que afecte al normal desarrollo del Concurso, nos reservamos el derecho a cancelar, modificar, o suspender la misma, incluyendo la p\u00e1gina web de participaci\u00f3n.<\/p>\r\n<!-- \/wp:paragraph -->\r\n\r\n<!-- wp:paragraph -->\r\n<p><strong>7.- PROTECCI\u00d3N DE DATOS PERSONALES<\/strong> La empresa responsable del tratamiento de sus datos es Newchance radio S.L.U.<\/p>\r\n<!-- \/wp:paragraph -->\r\n\r\n<!-- wp:paragraph -->\r\n<p>De conformidad con lo establecido en la normativa aplicable en materia de protecci\u00f3n de datos, y concretamente en el Reglamento (UE) 2016\/679 del Parlamento Europeo y del Consejo, de 27 de abril de 2016, relativo a la protecci\u00f3n de las personas f\u00edsicas en lo que respecta al tratamiento de datos personales y a la libre circulaci\u00f3n de estos datos, cada Participante, con la aceptaci\u00f3n de estas Bases Legales consiente que los datos personales facilitados para la participaci\u00f3n en este concurso sean incorporados a un fichero titularidad de holaWifi para tramitar la participaci\u00f3n en el concurso y para comunicarle el premio en caso de que resultase Ganador.<\/p>\r\n<!-- \/wp:paragraph -->\r\n\r\n<!-- wp:paragraph {\"align\":\"left\"} -->\r\n<p class=\"has-text-align-left\"><strong>8.- LEGISLACI\u00d3N APLICABLE Y JURISDICCI\u00d3N<\/strong> Estas bases legales se regir\u00e1n de conformidad con la ley espa\u00f1ola. Ser\u00e1n competentes para resolver cualquier reclamaci\u00f3n o controversia que pudiera plantearse en relaci\u00f3n con la validez, interpretaci\u00f3n o cumplimiento de estas bases los Juzgados y Tribunales de la ciudad de Denia.<\/p>","protected":false},"excerpt":{"rendered":"<p>[vc_row][vc_column][vc_column_text] 1.- EMPRESA ORGANIZADORA DE LA PROMOCI\u00d3N La empresa Newchance radio S.L.U, con domicilio fiscal en la C\/Manuel Catala Chana, n\u00ba17 7\u00ba A Benidorm, Alicante, CP: 03503 y con CIF B54802863, organiza con fines promocionales este sorteo para desarrollar a trav\u00e9s de Facebook. 2.-FECHA DE INICIO Y FECHA DE FINALIZACI\u00d3N La Promoci\u00f3n se iniciar\u00e1 el [&hellip;]<\/p>\n","protected":false},"author":14,"featured_media":0,"parent":0,"menu_order":0,"comment_status":"closed","ping_status":"closed","template":"","meta":{"_acf_changed":false,"inline_featured_image":false,"footnotes":""},"class_list":["post-656","page","type-page","status-publish","hentry"],"acf":[],"yoast_head":"<!-- This site is optimized with the Yoast SEO plugin v27.5 - https:\/\/yoast.com\/product\/yoast-seo-wordpress\/ -->\n<title>Bases legales Sorteo | holaWifi<\/title>\n<meta name=\"robots\" content=\"index, follow, max-snippet:-1, max-image-preview:large, max-video-preview:-1\" \/>\n<link rel=\"canonical\" href=\"https:\/\/holawifi.net\/fr\/bases-juridiques-du-tirage-au-sort\/\" \/>\n<meta property=\"og:locale\" content=\"fr_FR\" \/>\n<meta property=\"og:type\" content=\"article\" \/>\n<meta property=\"og:title\" content=\"Bases legales Sorteo | holaWifi\" \/>\n<meta property=\"og:description\" content=\"[vc_row][vc_column][vc_column_text] 1.- EMPRESA ORGANIZADORA DE LA PROMOCI\u00d3N La empresa Newchance radio S.L.U, con domicilio fiscal en la C\/Manuel Catala Chana, n\u00ba17 7\u00ba A Benidorm, Alicante, CP: 03503 y con CIF B54802863, organiza con fines promocionales este sorteo para desarrollar a trav\u00e9s de Facebook. 2.-FECHA DE INICIO Y FECHA DE FINALIZACI\u00d3N La Promoci\u00f3n se iniciar\u00e1 el [&hellip;]\" \/>\n<meta property=\"og:url\" content=\"https:\/\/holawifi.net\/fr\/bases-juridiques-du-tirage-au-sort\/\" \/>\n<meta property=\"og:site_name\" content=\"holaWifi\" \/>\n<meta property=\"article:publisher\" content=\"https:\/\/www.facebook.com\/holawifi\/\" \/>\n<meta property=\"article:modified_time\" content=\"2022-05-02T08:55:41+00:00\" \/>\n<meta property=\"og:image\" content=\"https:\/\/holawifi.net\/wp-content\/uploads\/2025\/11\/13.jpg\" \/>\n\t<meta property=\"og:image:width\" content=\"1088\" \/>\n\t<meta property=\"og:image:height\" content=\"960\" \/>\n\t<meta property=\"og:image:type\" content=\"image\/jpeg\" \/>\n<meta name=\"twitter:card\" content=\"summary_large_image\" \/>\n<meta name=\"twitter:label1\" content=\"Dur\u00e9e de lecture estim\u00e9e\" \/>\n\t<meta name=\"twitter:data1\" content=\"4 minutes\" \/>\n<script type=\"application\/ld+json\" class=\"yoast-schema-graph\">{\"@context\":\"https:\\\/\\\/schema.org\",\"@graph\":[{\"@type\":\"WebPage\",\"@id\":\"https:\\\/\\\/holawifi.net\\\/bases-legales-sorteo\\\/\",\"url\":\"https:\\\/\\\/holawifi.net\\\/bases-legales-sorteo\\\/\",\"name\":\"Bases legales Sorteo | holaWifi\",\"isPartOf\":{\"@id\":\"https:\\\/\\\/holawifi.net\\\/#website\"},\"datePublished\":\"2022-05-02T08:51:45+00:00\",\"dateModified\":\"2022-05-02T08:55:41+00:00\",\"breadcrumb\":{\"@id\":\"https:\\\/\\\/holawifi.net\\\/bases-legales-sorteo\\\/#breadcrumb\"},\"inLanguage\":\"fr-FR\",\"potentialAction\":[{\"@type\":\"ReadAction\",\"target\":[\"https:\\\/\\\/holawifi.net\\\/bases-legales-sorteo\\\/\"]}]},{\"@type\":\"BreadcrumbList\",\"@id\":\"https:\\\/\\\/holawifi.net\\\/bases-legales-sorteo\\\/#breadcrumb\",\"itemListElement\":[{\"@type\":\"ListItem\",\"position\":1,\"name\":\"Portada\",\"item\":\"https:\\\/\\\/holawifi.net\\\/\"},{\"@type\":\"ListItem\",\"position\":2,\"name\":\"Bases legales Sorteo\"}]},{\"@type\":\"WebSite\",\"@id\":\"https:\\\/\\\/holawifi.net\\\/#website\",\"url\":\"https:\\\/\\\/holawifi.net\\\/\",\"name\":\"holaWifi\",\"description\":\"Internet en Comunidad Valenciana -Velocidades de fibra, vivas donde vivas\",\"publisher\":{\"@id\":\"https:\\\/\\\/holawifi.net\\\/#organization\"},\"potentialAction\":[{\"@type\":\"SearchAction\",\"target\":{\"@type\":\"EntryPoint\",\"urlTemplate\":\"https:\\\/\\\/holawifi.net\\\/?s={search_term_string}\"},\"query-input\":{\"@type\":\"PropertyValueSpecification\",\"valueRequired\":true,\"valueName\":\"search_term_string\"}}],\"inLanguage\":\"fr-FR\"},{\"@type\":\"Organization\",\"@id\":\"https:\\\/\\\/holawifi.net\\\/#organization\",\"name\":\"holaWifi\",\"url\":\"https:\\\/\\\/holawifi.net\\\/\",\"logo\":{\"@type\":\"ImageObject\",\"inLanguage\":\"fr-FR\",\"@id\":\"https:\\\/\\\/holawifi.net\\\/#\\\/schema\\\/logo\\\/image\\\/\",\"url\":\"https:\\\/\\\/holawifi.net\\\/wp-content\\\/uploads\\\/2021\\\/09\\\/cropped-FAVICON_hw.png\",\"contentUrl\":\"https:\\\/\\\/holawifi.net\\\/wp-content\\\/uploads\\\/2021\\\/09\\\/cropped-FAVICON_hw.png\",\"width\":512,\"height\":512,\"caption\":\"holaWifi\"},\"image\":{\"@id\":\"https:\\\/\\\/holawifi.net\\\/#\\\/schema\\\/logo\\\/image\\\/\"},\"sameAs\":[\"https:\\\/\\\/www.facebook.com\\\/holawifi\\\/\",\"https:\\\/\\\/www.instagram.com\\\/holawifi_\\\/\",\"https:\\\/\\\/es.linkedin.com\\\/company\\\/holawifi\"]}]}<\/script>\n<!-- \/ Yoast SEO plugin. -->","yoast_head_json":{"title":"Conditions l\u00e9gales : holaWifi","robots":{"index":"index","follow":"follow","max-snippet":"max-snippet:-1","max-image-preview":"max-image-preview:large","max-video-preview":"max-video-preview:-1"},"canonical":"https:\/\/holawifi.net\/fr\/bases-juridiques-du-tirage-au-sort\/","og_locale":"fr_FR","og_type":"article","og_title":"Bases legales Sorteo | holaWifi","og_description":"[vc_row][vc_column][vc_column_text] 1.- EMPRESA ORGANIZADORA DE LA PROMOCI\u00d3N La empresa Newchance radio S.L.U, con domicilio fiscal en la C\/Manuel Catala Chana, n\u00ba17 7\u00ba A Benidorm, Alicante, CP: 03503 y con CIF B54802863, organiza con fines promocionales este sorteo para desarrollar a trav\u00e9s de Facebook. 2.-FECHA DE INICIO Y FECHA DE FINALIZACI\u00d3N La Promoci\u00f3n se iniciar\u00e1 el [&hellip;]","og_url":"https:\/\/holawifi.net\/fr\/bases-juridiques-du-tirage-au-sort\/","og_site_name":"holaWifi","article_publisher":"https:\/\/www.facebook.com\/holawifi\/","article_modified_time":"2022-05-02T08:55:41+00:00","og_image":[{"width":1088,"height":960,"url":"https:\/\/holawifi.net\/wp-content\/uploads\/2025\/11\/13.jpg","type":"image\/jpeg"}],"twitter_card":"summary_large_image","twitter_misc":{"Dur\u00e9e de lecture estim\u00e9e":"4 minutes"},"schema":{"@context":"https:\/\/schema.org","@graph":[{"@type":"WebPage","@id":"https:\/\/holawifi.net\/bases-legales-sorteo\/","url":"https:\/\/holawifi.net\/bases-legales-sorteo\/","name":"Conditions l\u00e9gales : holaWifi","isPartOf":{"@id":"https:\/\/holawifi.net\/#website"},"datePublished":"2022-05-02T08:51:45+00:00","dateModified":"2022-05-02T08:55:41+00:00","breadcrumb":{"@id":"https:\/\/holawifi.net\/bases-legales-sorteo\/#breadcrumb"},"inLanguage":"fr-FR","potentialAction":[{"@type":"ReadAction","target":["https:\/\/holawifi.net\/bases-legales-sorteo\/"]}]},{"@type":"BreadcrumbList","@id":"https:\/\/holawifi.net\/bases-legales-sorteo\/#breadcrumb","itemListElement":[{"@type":"ListItem","position":1,"name":"Portada","item":"https:\/\/holawifi.net\/"},{"@type":"ListItem","position":2,"name":"Bases legales Sorteo"}]},{"@type":"WebSite","@id":"https:\/\/holawifi.net\/#website","url":"https:\/\/holawifi.net\/","name":"holaWifi","description":"Internet dans la Communaut\u00e9 autonome de Valence - Des d\u00e9bits de fibre optique, o\u00f9 que vous viviez","publisher":{"@id":"https:\/\/holawifi.net\/#organization"},"potentialAction":[{"@type":"SearchAction","target":{"@type":"EntryPoint","urlTemplate":"https:\/\/holawifi.net\/?s={search_term_string}"},"query-input":{"@type":"PropertyValueSpecification","valueRequired":true,"valueName":"search_term_string"}}],"inLanguage":"fr-FR"},{"@type":"Organization","@id":"https:\/\/holawifi.net\/#organization","name":"holaWifi","url":"https:\/\/holawifi.net\/","logo":{"@type":"ImageObject","inLanguage":"fr-FR","@id":"https:\/\/holawifi.net\/#\/schema\/logo\/image\/","url":"https:\/\/holawifi.net\/wp-content\/uploads\/2021\/09\/cropped-FAVICON_hw.png","contentUrl":"https:\/\/holawifi.net\/wp-content\/uploads\/2021\/09\/cropped-FAVICON_hw.png","width":512,"height":512,"caption":"holaWifi"},"image":{"@id":"https:\/\/holawifi.net\/#\/schema\/logo\/image\/"},"sameAs":["https:\/\/www.facebook.com\/holawifi\/","https:\/\/www.instagram.com\/holawifi_\/","https:\/\/es.linkedin.com\/company\/holawifi"]}]}},"_links":{"self":[{"href":"https:\/\/holawifi.net\/fr\/wp-json\/wp\/v2\/pages\/656","targetHints":{"allow":["GET"]}}],"collection":[{"href":"https:\/\/holawifi.net\/fr\/wp-json\/wp\/v2\/pages"}],"about":[{"href":"https:\/\/holawifi.net\/fr\/wp-json\/wp\/v2\/types\/page"}],"author":[{"embeddable":true,"href":"https:\/\/holawifi.net\/fr\/wp-json\/wp\/v2\/users\/14"}],"replies":[{"embeddable":true,"href":"https:\/\/holawifi.net\/fr\/wp-json\/wp\/v2\/comments?post=656"}],"version-history":[{"count":7,"href":"https:\/\/holawifi.net\/fr\/wp-json\/wp\/v2\/pages\/656\/revisions"}],"predecessor-version":[{"id":663,"href":"https:\/\/holawifi.net\/fr\/wp-json\/wp\/v2\/pages\/656\/revisions\/663"}],"wp:attachment":[{"href":"https:\/\/holawifi.net\/fr\/wp-json\/wp\/v2\/media?parent=656"}],"curies":[{"name":"wp","href":"https:\/\/api.w.org\/{rel}","templated":true}]}}