{"id":600,"date":"2022-02-24T00:08:14","date_gmt":"2022-02-23T23:08:14","guid":{"rendered":"https:\/\/holawifi.net\/?page_id=600"},"modified":"2022-02-24T00:09:20","modified_gmt":"2022-02-23T23:09:20","slug":"qui-nous-sommes","status":"publish","type":"page","link":"https:\/\/holawifi.net\/fr\/quienes-somos\/","title":{"rendered":"Qui sommes-nous ?"},"content":{"rendered":"<p>Au\u00a0<strong>holaWifi<\/strong>\u00a0nous pensons que l'internet n'est pas un luxe et nous avons d\u00e9ploy\u00e9 l'un des r\u00e9seaux sans fil les plus \u00e9tendus pour vous atteindre partout o\u00f9 vous en avez besoin. Et nous continuons \u00e0 aller de l'avant, en investissant toujours pour am\u00e9liorer notre r\u00e9seau et couvrir de nouvelles zones o\u00f9 nous pouvons offrir des services.<\/p>\n<p>De plus, nous ne nous contentons pas d'arriver l\u00e0 o\u00f9 vous \u00eates, mais nous le faisons avec la meilleure qualit\u00e9. Avec <strong>Air+ Max Fibre<\/strong> Nous avons d\u00e9j\u00e0 r\u00e9volutionn\u00e9 le secteur, et nous r\u00e9cidivons aujourd'hui avec <strong>LTU<\/strong>les <strong>les derni\u00e8res technologies<\/strong> disponibles sur le march\u00e9.<\/p>\n<p>Qui a dit qu'en <strong>holaWifi<\/strong> nous n'offrons que l'internet ! Profitez de ce dont vous avez besoin,<strong>\u00a0Internet, mobile, 4G<\/strong>... en sachant ce que vous allez payer. Contractez les tarifs qui vous int\u00e9ressent le plus et combinez-les \u00e0 votre guise. C'est vous qui d\u00e9cidez !<\/p>\n<p>Et ne vous inqui\u00e9tez pas, que vous soyez client ou non, si vous avez des questions, nous sommes l\u00e0 pour vous aider, par t\u00e9l\u00e9phone, par Whatsapp, ou dans nos magasins, mais toujours face \u00e0 face. Car nous aimons aussi parler aux gens.<\/p>\n<p>Contactez-nous au 671 113 113 ou visitez nos magasins et d\u00e9couvrez toutes les offres que nous avons pour vous ou votre entreprise.<\/p>\n<p>O\u00f9 que vous soyez, nous sommes s\u00fbrs d'y arriver !<\/p>\n<p>C'est ce que nous sommes et ce sont nos valeurs :<\/p>","protected":false},"excerpt":{"rendered":"<p>En\u00a0holaWifi\u00a0creemos que Internet no es un lujo y hemos desplegado una de las redes inal\u00e1mbricas m\u00e1s amplias para llegar donde lo necesites. Y seguimos avanzando, siempre invirtiendo para mejorar nuestra red y cubrir nuevas zonas donde ofrecer servicio. Adem\u00e1s, no solo llegamos donde est\u00e9s, sino que lo hacemos con la mejor calidad. Con Fibra Air+ [&hellip;]<\/p>\n","protected":false},"author":1,"featured_media":0,"parent":0,"menu_order":0,"comment_status":"closed","ping_status":"closed","template":"","meta":{"_acf_changed":false,"inline_featured_image":false,"footnotes":""},"class_list":["post-600","page","type-page","status-publish","hentry"],"acf":[],"yoast_head":"<!-- This site is optimized with the Yoast SEO plugin v27.4 - https:\/\/yoast.com\/product\/yoast-seo-wordpress\/ -->\n<title>Qui\u00e9nes somos | holaWifi<\/title>\n<meta name=\"robots\" content=\"index, follow, max-snippet:-1, max-image-preview:large, max-video-preview:-1\" \/>\n<link rel=\"canonical\" href=\"https:\/\/holawifi.net\/fr\/qui-nous-sommes\/\" \/>\n<meta property=\"og:locale\" content=\"fr_FR\" \/>\n<meta property=\"og:type\" content=\"article\" \/>\n<meta property=\"og:title\" content=\"Qui\u00e9nes somos | holaWifi\" \/>\n<meta property=\"og:description\" content=\"En\u00a0holaWifi\u00a0creemos que Internet no es un lujo y hemos desplegado una de las redes inal\u00e1mbricas m\u00e1s amplias para llegar donde lo necesites. Y seguimos avanzando, siempre invirtiendo para mejorar nuestra red y cubrir nuevas zonas donde ofrecer servicio. Adem\u00e1s, no solo llegamos donde est\u00e9s, sino que lo hacemos con la mejor calidad. Con Fibra Air+ [&hellip;]\" \/>\n<meta property=\"og:url\" content=\"https:\/\/holawifi.net\/fr\/qui-nous-sommes\/\" \/>\n<meta property=\"og:site_name\" content=\"holaWifi\" \/>\n<meta property=\"article:publisher\" content=\"https:\/\/www.facebook.com\/holawifi\/\" \/>\n<meta property=\"article:modified_time\" content=\"2022-02-23T23:09:20+00:00\" \/>\n<meta property=\"og:image\" content=\"https:\/\/holawifi.net\/wp-content\/uploads\/2025\/11\/13.jpg\" \/>\n\t<meta property=\"og:image:width\" content=\"1088\" \/>\n\t<meta property=\"og:image:height\" content=\"960\" \/>\n\t<meta property=\"og:image:type\" content=\"image\/jpeg\" \/>\n<meta name=\"twitter:card\" content=\"summary_large_image\" \/>\n<meta name=\"twitter:label1\" content=\"Dur\u00e9e de lecture estim\u00e9e\" \/>\n\t<meta name=\"twitter:data1\" content=\"1 minute\" \/>\n<script type=\"application\/ld+json\" class=\"yoast-schema-graph\">{\"@context\":\"https:\\\/\\\/schema.org\",\"@graph\":[{\"@type\":\"WebPage\",\"@id\":\"https:\\\/\\\/holawifi.net\\\/quienes-somos\\\/\",\"url\":\"https:\\\/\\\/holawifi.net\\\/quienes-somos\\\/\",\"name\":\"Qui\u00e9nes somos | holaWifi\",\"isPartOf\":{\"@id\":\"https:\\\/\\\/holawifi.net\\\/#website\"},\"datePublished\":\"2022-02-23T23:08:14+00:00\",\"dateModified\":\"2022-02-23T23:09:20+00:00\",\"breadcrumb\":{\"@id\":\"https:\\\/\\\/holawifi.net\\\/quienes-somos\\\/#breadcrumb\"},\"inLanguage\":\"fr-FR\",\"potentialAction\":[{\"@type\":\"ReadAction\",\"target\":[\"https:\\\/\\\/holawifi.net\\\/quienes-somos\\\/\"]}]},{\"@type\":\"BreadcrumbList\",\"@id\":\"https:\\\/\\\/holawifi.net\\\/quienes-somos\\\/#breadcrumb\",\"itemListElement\":[{\"@type\":\"ListItem\",\"position\":1,\"name\":\"Portada\",\"item\":\"https:\\\/\\\/holawifi.net\\\/\"},{\"@type\":\"ListItem\",\"position\":2,\"name\":\"Qui\u00e9nes somos\"}]},{\"@type\":\"WebSite\",\"@id\":\"https:\\\/\\\/holawifi.net\\\/#website\",\"url\":\"https:\\\/\\\/holawifi.net\\\/\",\"name\":\"holaWifi\",\"description\":\"Internet en Comunidad Valenciana -Velocidades de fibra, vivas donde vivas\",\"publisher\":{\"@id\":\"https:\\\/\\\/holawifi.net\\\/#organization\"},\"potentialAction\":[{\"@type\":\"SearchAction\",\"target\":{\"@type\":\"EntryPoint\",\"urlTemplate\":\"https:\\\/\\\/holawifi.net\\\/?s={search_term_string}\"},\"query-input\":{\"@type\":\"PropertyValueSpecification\",\"valueRequired\":true,\"valueName\":\"search_term_string\"}}],\"inLanguage\":\"fr-FR\"},{\"@type\":\"Organization\",\"@id\":\"https:\\\/\\\/holawifi.net\\\/#organization\",\"name\":\"holaWifi\",\"url\":\"https:\\\/\\\/holawifi.net\\\/\",\"logo\":{\"@type\":\"ImageObject\",\"inLanguage\":\"fr-FR\",\"@id\":\"https:\\\/\\\/holawifi.net\\\/#\\\/schema\\\/logo\\\/image\\\/\",\"url\":\"https:\\\/\\\/holawifi.net\\\/wp-content\\\/uploads\\\/2021\\\/09\\\/cropped-FAVICON_hw.png\",\"contentUrl\":\"https:\\\/\\\/holawifi.net\\\/wp-content\\\/uploads\\\/2021\\\/09\\\/cropped-FAVICON_hw.png\",\"width\":512,\"height\":512,\"caption\":\"holaWifi\"},\"image\":{\"@id\":\"https:\\\/\\\/holawifi.net\\\/#\\\/schema\\\/logo\\\/image\\\/\"},\"sameAs\":[\"https:\\\/\\\/www.facebook.com\\\/holawifi\\\/\",\"https:\\\/\\\/www.instagram.com\\\/holawifi_\\\/\",\"https:\\\/\\\/es.linkedin.com\\\/company\\\/holawifi\"]}]}<\/script>\n<!-- \/ Yoast SEO plugin. -->","yoast_head_json":{"title":"A propos de nous | holaWifi","robots":{"index":"index","follow":"follow","max-snippet":"max-snippet:-1","max-image-preview":"max-image-preview:large","max-video-preview":"max-video-preview:-1"},"canonical":"https:\/\/holawifi.net\/fr\/qui-nous-sommes\/","og_locale":"fr_FR","og_type":"article","og_title":"Qui\u00e9nes somos | holaWifi","og_description":"En\u00a0holaWifi\u00a0creemos que Internet no es un lujo y hemos desplegado una de las redes inal\u00e1mbricas m\u00e1s amplias para llegar donde lo necesites. Y seguimos avanzando, siempre invirtiendo para mejorar nuestra red y cubrir nuevas zonas donde ofrecer servicio. Adem\u00e1s, no solo llegamos donde est\u00e9s, sino que lo hacemos con la mejor calidad. Con Fibra Air+ [&hellip;]","og_url":"https:\/\/holawifi.net\/fr\/qui-nous-sommes\/","og_site_name":"holaWifi","article_publisher":"https:\/\/www.facebook.com\/holawifi\/","article_modified_time":"2022-02-23T23:09:20+00:00","og_image":[{"width":1088,"height":960,"url":"https:\/\/holawifi.net\/wp-content\/uploads\/2025\/11\/13.jpg","type":"image\/jpeg"}],"twitter_card":"summary_large_image","twitter_misc":{"Dur\u00e9e de lecture estim\u00e9e":"1 minute"},"schema":{"@context":"https:\/\/schema.org","@graph":[{"@type":"WebPage","@id":"https:\/\/holawifi.net\/quienes-somos\/","url":"https:\/\/holawifi.net\/quienes-somos\/","name":"A propos de nous | holaWifi","isPartOf":{"@id":"https:\/\/holawifi.net\/#website"},"datePublished":"2022-02-23T23:08:14+00:00","dateModified":"2022-02-23T23:09:20+00:00","breadcrumb":{"@id":"https:\/\/holawifi.net\/quienes-somos\/#breadcrumb"},"inLanguage":"fr-FR","potentialAction":[{"@type":"ReadAction","target":["https:\/\/holawifi.net\/quienes-somos\/"]}]},{"@type":"BreadcrumbList","@id":"https:\/\/holawifi.net\/quienes-somos\/#breadcrumb","itemListElement":[{"@type":"ListItem","position":1,"name":"Portada","item":"https:\/\/holawifi.net\/"},{"@type":"ListItem","position":2,"name":"Qui\u00e9nes somos"}]},{"@type":"WebSite","@id":"https:\/\/holawifi.net\/#website","url":"https:\/\/holawifi.net\/","name":"holaWifi","description":"Internet dans la Communaut\u00e9 autonome de Valence - Des d\u00e9bits de fibre optique, o\u00f9 que vous viviez","publisher":{"@id":"https:\/\/holawifi.net\/#organization"},"potentialAction":[{"@type":"SearchAction","target":{"@type":"EntryPoint","urlTemplate":"https:\/\/holawifi.net\/?s={search_term_string}"},"query-input":{"@type":"PropertyValueSpecification","valueRequired":true,"valueName":"search_term_string"}}],"inLanguage":"fr-FR"},{"@type":"Organization","@id":"https:\/\/holawifi.net\/#organization","name":"holaWifi","url":"https:\/\/holawifi.net\/","logo":{"@type":"ImageObject","inLanguage":"fr-FR","@id":"https:\/\/holawifi.net\/#\/schema\/logo\/image\/","url":"https:\/\/holawifi.net\/wp-content\/uploads\/2021\/09\/cropped-FAVICON_hw.png","contentUrl":"https:\/\/holawifi.net\/wp-content\/uploads\/2021\/09\/cropped-FAVICON_hw.png","width":512,"height":512,"caption":"holaWifi"},"image":{"@id":"https:\/\/holawifi.net\/#\/schema\/logo\/image\/"},"sameAs":["https:\/\/www.facebook.com\/holawifi\/","https:\/\/www.instagram.com\/holawifi_\/","https:\/\/es.linkedin.com\/company\/holawifi"]}]}},"_links":{"self":[{"href":"https:\/\/holawifi.net\/fr\/wp-json\/wp\/v2\/pages\/600","targetHints":{"allow":["GET"]}}],"collection":[{"href":"https:\/\/holawifi.net\/fr\/wp-json\/wp\/v2\/pages"}],"about":[{"href":"https:\/\/holawifi.net\/fr\/wp-json\/wp\/v2\/types\/page"}],"author":[{"embeddable":true,"href":"https:\/\/holawifi.net\/fr\/wp-json\/wp\/v2\/users\/1"}],"replies":[{"embeddable":true,"href":"https:\/\/holawifi.net\/fr\/wp-json\/wp\/v2\/comments?post=600"}],"version-history":[{"count":2,"href":"https:\/\/holawifi.net\/fr\/wp-json\/wp\/v2\/pages\/600\/revisions"}],"predecessor-version":[{"id":602,"href":"https:\/\/holawifi.net\/fr\/wp-json\/wp\/v2\/pages\/600\/revisions\/602"}],"wp:attachment":[{"href":"https:\/\/holawifi.net\/fr\/wp-json\/wp\/v2\/media?parent=600"}],"curies":[{"name":"wp","href":"https:\/\/api.w.org\/{rel}","templated":true}]}}