{"id":5168,"date":"2025-08-21T10:04:35","date_gmt":"2025-08-21T08:04:35","guid":{"rendered":"https:\/\/holawifi.net\/?page_id=5168"},"modified":"2025-08-21T10:04:35","modified_gmt":"2025-08-21T08:04:35","slug":"politique-de-confidentialite-du-rrss","status":"publish","type":"page","link":"https:\/\/holawifi.net\/fr\/rrss-politica-de-privacidad\/","title":{"rendered":"RRSS : Politique de confidentialit\u00e9"},"content":{"rendered":"<h1 data-start=\"738\" data-end=\"813\">Politique de confidentialit\u00e9 dans les r\u00e9seaux sociaux | Holawifi Comercializadora S.L.<\/h1>\n<h2 data-start=\"815\" data-end=\"843\">1. informations sur l'utilisateur<\/h2>\n<p data-start=\"844\" data-end=\"1205\"><strong data-start=\"844\" data-end=\"895\">Responsable du traitement des donn\u00e9es \u00e0 caract\u00e8re personnel<\/strong><br data-start=\"895\" data-end=\"898\" \/>HOLAWIFI COMERCIALIZADORA, S.L. (ci-apr\u00e8s d\u00e9nomm\u00e9e \"le <strong data-start=\"947\" data-end=\"962\">RESPONSABLE<\/strong>) a cr\u00e9\u00e9 des profils en <strong data-start=\"986\" data-end=\"1054\">Facebook, Instagram, Twitter, LinkedIn, YouTube, Vimeo et Google+.<\/strong>.<br data-start=\"1055\" data-end=\"1058\" \/>Le CONTR\u00d4LEUR traite les donn\u00e9es \u00e0 caract\u00e8re personnel des utilisateurs conform\u00e9ment \u00e0 la <strong data-start=\"1128\" data-end=\"1163\">R\u00e8glement (UE) 2016\/679 (GDPR)<\/strong> et le <strong data-start=\"1169\" data-end=\"1202\">Loi organique 3\/2018 (LOPDGDD)<\/strong>.<\/p>\n<h3 data-start=\"1207\" data-end=\"1251\">Pourquoi traitons-nous vos donn\u00e9es personnelles ?<\/h3>\n<ul data-start=\"1252\" data-end=\"1532\">\n<li data-start=\"1252\" data-end=\"1290\">\n<p data-start=\"1254\" data-end=\"1290\">G\u00e9rer les demandes et les requ\u00eates.<\/p>\n<\/li>\n<li data-start=\"1291\" data-end=\"1372\">\n<p data-start=\"1293\" data-end=\"1372\">Faire un rapport sur <strong data-start=\"1308\" data-end=\"1344\">activit\u00e9s, nouvelles et \u00e9v\u00e9nements<\/strong> organis\u00e9 par Holawifi.<\/p>\n<\/li>\n<li data-start=\"1373\" data-end=\"1450\">\n<p data-start=\"1375\" data-end=\"1450\">Communiquer des produits ou des services li\u00e9s \u00e0 nos r\u00e9seaux sociaux.<\/p>\n<\/li>\n<li data-start=\"1451\" data-end=\"1532\">\n<p data-start=\"1453\" data-end=\"1532\">Interagir directement avec les utilisateurs par le biais des profils officiels.<\/p>\n<\/li>\n<\/ul>\n<h3 data-start=\"1534\" data-end=\"1564\">Base juridique du traitement<\/h3>\n<p data-start=\"1565\" data-end=\"1768\">Le traitement est bas\u00e9 sur <strong data-start=\"1600\" data-end=\"1630\">consentement de l'utilisateur<\/strong> (art. 6.1.a GDPR).<br data-start=\"1649\" data-end=\"1652\" \/>En suivant nos profils, vous consentez au traitement des donn\u00e9es que vous avez rendues publiques dans votre profil.<\/p>\n<p data-start=\"1770\" data-end=\"1869\">Les utilisateurs peuvent configurer \u00e0 tout moment les <strong data-start=\"1820\" data-end=\"1847\">confidentialit\u00e9 de votre profil<\/strong> dans chaque r\u00e9seau social.<\/p>\n<hr data-start=\"1871\" data-end=\"1874\" \/>\n<h2 data-start=\"1876\" data-end=\"1907\">2. Conservation des donn\u00e9es<\/h2>\n<p data-start=\"1908\" data-end=\"1988\">Les donn\u00e9es seront conserv\u00e9es <strong data-start=\"1933\" data-end=\"1985\">tant que l'utilisateur ne r\u00e9voque pas son consentement<\/strong>.<\/p>\n<hr data-start=\"1990\" data-end=\"1993\" \/>\n<h2 data-start=\"1995\" data-end=\"2026\">3. Communication des donn\u00e9es<\/h2>\n<ul data-start=\"2027\" data-end=\"2364\">\n<li data-start=\"2027\" data-end=\"2115\">\n<p data-start=\"2029\" data-end=\"2115\">Les informations partag\u00e9es sur nos r\u00e9seaux sociaux peuvent \u00eatre visibles par le public.<\/p>\n<\/li>\n<li data-start=\"2116\" data-end=\"2213\">\n<p data-start=\"2118\" data-end=\"2213\">L'utilisateur contr\u00f4le les donn\u00e9es qu'il souhaite rendre publiques dans les param\u00e8tres de chaque r\u00e9seau social.<\/p>\n<\/li>\n<li data-start=\"2214\" data-end=\"2364\">\n<p data-start=\"2216\" data-end=\"2364\">Aucune donn\u00e9e ne sera divulgu\u00e9e \u00e0 des tiers en dehors du r\u00e9seau social, \u00e0 l'exception des prestataires de services autoris\u00e9s sous contrat de confidentialit\u00e9.<\/p>\n<\/li>\n<\/ul>\n<hr data-start=\"2366\" data-end=\"2369\" \/>\n<h2 data-start=\"2371\" data-end=\"2401\">4. Droits de l'utilisateur<\/h2>\n<p data-start=\"2402\" data-end=\"2448\">Les utilisateurs peuvent exercer leurs droits<\/p>\n<ul data-start=\"2449\" data-end=\"2700\">\n<li data-start=\"2449\" data-end=\"2510\">\n<p data-start=\"2451\" data-end=\"2510\">Acc\u00e8s, rectification, portabilit\u00e9 et suppression des donn\u00e9es.<\/p>\n<\/li>\n<li data-start=\"2511\" data-end=\"2553\">\n<p data-start=\"2513\" data-end=\"2553\">Limitation du traitement ou opposition au traitement.<\/p>\n<\/li>\n<li data-start=\"2554\" data-end=\"2607\">\n<p data-start=\"2556\" data-end=\"2607\">Retrait du consentement \u00e0 tout moment.<\/p>\n<\/li>\n<li data-start=\"2608\" data-end=\"2700\">\n<p data-start=\"2610\" data-end=\"2700\">D\u00e9poser une plainte aupr\u00e8s de la <strong data-start=\"2640\" data-end=\"2697\">Agence espagnole de protection des donn\u00e9es (<a class=\"decorated-link\" href=\"http:\/\/www.aepd.es\" target=\"_new\" rel=\"noopener\" data-start=\"2683\" data-end=\"2694\">www.aepd.es<\/a>)<\/strong>.<\/p>\n<\/li>\n<\/ul>\n<p data-start=\"2702\" data-end=\"2844\"><strong data-start=\"2702\" data-end=\"2737\">Contact pour l'exercice des droits :<\/strong><br data-start=\"2737\" data-end=\"2740\" \/>HOLAWIFI COMERCIALIZADORA, S.L. - Calle Segar\u00eda, 1 2 4, 03760 Ondara (Alicante)<br data-start=\"2819\" data-end=\"2822\" \/><a class=\"decorated-link cursor-pointer\" rel=\"noopener\" data-start=\"2825\" data-end=\"2842\">info@holawifi.net<\/a><\/p>\n<p data-start=\"2846\" data-end=\"2978\"><strong data-start=\"2846\" data-end=\"2888\">D\u00e9l\u00e9gu\u00e9 \u00e0 la protection des donn\u00e9es (DPD) :<\/strong><br data-start=\"2888\" data-end=\"2891\" \/>BM GESTDATA, S.L. (ONTIDATA), Avda. Albaida, 19, 46870 Ontinyent -\u00a0 <a class=\"decorated-link cursor-pointer\" rel=\"noopener\" data-start=\"2961\" data-end=\"2976\">dpd@ontidata.es<\/a><\/p>\n<hr data-start=\"2980\" data-end=\"2983\" \/>\n<h2 data-start=\"2985\" data-end=\"3023\">5. Utilisation du profil des m\u00e9dias sociaux<\/h2>\n<p data-start=\"3024\" data-end=\"3047\">La PARTIE RESPONSABLE peut :<\/p>\n<ul data-start=\"3048\" data-end=\"3251\">\n<li data-start=\"3048\" data-end=\"3096\">\n<p data-start=\"3050\" data-end=\"3096\">Acc\u00e9der aux informations du profil public.<\/p>\n<\/li>\n<li data-start=\"3097\" data-end=\"3149\">\n<p data-start=\"3099\" data-end=\"3149\">Publier du contenu sur les profils d'utilisateurs.<\/p>\n<\/li>\n<li data-start=\"3150\" data-end=\"3209\">\n<p data-start=\"3152\" data-end=\"3209\">Envoyez des messages directs li\u00e9s \u00e0 votre activit\u00e9.<\/p>\n<\/li>\n<li data-start=\"3210\" data-end=\"3251\">\n<p data-start=\"3212\" data-end=\"3251\">Partager des mises \u00e0 jour et des nouvelles.<\/p>\n<\/li>\n<\/ul>\n<p data-start=\"3253\" data-end=\"3381\">L'utilisateur peut \u00e0 tout moment configurer sa vie priv\u00e9e, supprimer des connexions ou restreindre les personnes avec lesquelles il partage des informations.<\/p>\n<hr data-start=\"3383\" data-end=\"3386\" \/>\n<h2 data-start=\"3388\" data-end=\"3423\">6. Publications des utilisateurs<\/h2>\n<ul data-start=\"3424\" data-end=\"3716\">\n<li data-start=\"3424\" data-end=\"3515\">\n<p data-start=\"3426\" data-end=\"3515\">L'utilisateur peut publier des commentaires, des liens, des images et d'autres contenus multim\u00e9dias.<\/p>\n<\/li>\n<li data-start=\"3516\" data-end=\"3618\">\n<p data-start=\"3518\" data-end=\"3618\">Seuls les contenus pour lesquels l'utilisateur a <strong data-start=\"3575\" data-end=\"3615\">droits d'auteur ou autorisations l\u00e9gales<\/strong>.<\/p>\n<\/li>\n<li data-start=\"3619\" data-end=\"3716\">\n<p data-start=\"3621\" data-end=\"3716\">Les publications contraires \u00e0 la morale, \u00e0 l'\u00e9thique, \u00e0 la propri\u00e9t\u00e9 intellectuelle ou \u00e0 la loi sont interdites.<\/p>\n<\/li>\n<\/ul>\n<p data-start=\"3718\" data-end=\"3800\">\u00a0La PARTIE RESPONSABLE peut retirer toute publication qui enfreint ces r\u00e8gles.<\/p>\n<hr data-start=\"3802\" data-end=\"3805\" \/>\n<h2 data-start=\"3807\" data-end=\"3875\">7. Donn\u00e9es sur les mineurs ou les personnes ayant des besoins particuliers<\/h2>\n<ul data-start=\"3876\" data-end=\"4207\">\n<li data-start=\"3876\" data-end=\"3956\">\n<p data-start=\"3878\" data-end=\"3956\">L'acc\u00e8s \u00e0 nos r\u00e9seaux sociaux est <strong data-start=\"3919\" data-end=\"3953\">interdit aux enfants de moins de 14 ans<\/strong>.<\/p>\n<\/li>\n<li data-start=\"3957\" data-end=\"4084\">\n<p data-start=\"3959\" data-end=\"4084\">Dans le cas d'utilisateurs ayant des capacit\u00e9s particuli\u00e8res, l'autorisation des parents, des tuteurs ou des repr\u00e9sentants l\u00e9gaux est requise.<\/p>\n<\/li>\n<li data-start=\"4085\" data-end=\"4207\">\n<p data-start=\"4087\" data-end=\"4207\">Le responsable ne recueille pas sciemment des donn\u00e9es aupr\u00e8s de mineurs. Si un mineur les fournit, elles seront imm\u00e9diatement supprim\u00e9es.<\/p>\n<\/li>\n<\/ul>","protected":false},"excerpt":{"rendered":"<p>Pol\u00edtica de Privacidad en Redes Sociales | Holawifi Comercializadora S.L. 1. Informaci\u00f3n al Usuario Responsable del tratamiento de datos personalesHOLAWIFI COMERCIALIZADORA, S.L. (en adelante, el RESPONSABLE) ha creado perfiles en Facebook, Instagram, Twitter, LinkedIn, YouTube, Vimeo y Google+.El RESPONSABLE trata los datos personales de los usuarios conforme al Reglamento (UE) 2016\/679 (GDPR) y la Ley [&hellip;]<\/p>\n","protected":false},"author":14,"featured_media":0,"parent":0,"menu_order":0,"comment_status":"closed","ping_status":"closed","template":"","meta":{"_acf_changed":false,"inline_featured_image":false,"footnotes":""},"class_list":["post-5168","page","type-page","status-publish","hentry"],"acf":[],"yoast_head":"<!-- This site is optimized with the Yoast SEO plugin v27.5 - https:\/\/yoast.com\/product\/yoast-seo-wordpress\/ -->\n<title>RRSS: Pol\u00edtica de Privacidad | holaWifi<\/title>\n<meta name=\"robots\" content=\"index, follow, max-snippet:-1, max-image-preview:large, max-video-preview:-1\" \/>\n<link rel=\"canonical\" href=\"https:\/\/holawifi.net\/fr\/politique-de-confidentialite-du-rrss\/\" \/>\n<meta property=\"og:locale\" content=\"fr_FR\" \/>\n<meta property=\"og:type\" content=\"article\" \/>\n<meta property=\"og:title\" content=\"RRSS: Pol\u00edtica de Privacidad | holaWifi\" \/>\n<meta property=\"og:description\" content=\"Pol\u00edtica de Privacidad en Redes Sociales | Holawifi Comercializadora S.L. 1. Informaci\u00f3n al Usuario Responsable del tratamiento de datos personalesHOLAWIFI COMERCIALIZADORA, S.L. (en adelante, el RESPONSABLE) ha creado perfiles en Facebook, Instagram, Twitter, LinkedIn, YouTube, Vimeo y Google+.El RESPONSABLE trata los datos personales de los usuarios conforme al Reglamento (UE) 2016\/679 (GDPR) y la Ley [&hellip;]\" \/>\n<meta property=\"og:url\" content=\"https:\/\/holawifi.net\/fr\/politique-de-confidentialite-du-rrss\/\" \/>\n<meta property=\"og:site_name\" content=\"holaWifi\" \/>\n<meta property=\"article:publisher\" content=\"https:\/\/www.facebook.com\/holawifi\/\" \/>\n<meta property=\"og:image\" content=\"https:\/\/holawifi.net\/wp-content\/uploads\/2025\/11\/13.jpg\" \/>\n\t<meta property=\"og:image:width\" content=\"1088\" \/>\n\t<meta property=\"og:image:height\" content=\"960\" \/>\n\t<meta property=\"og:image:type\" content=\"image\/jpeg\" \/>\n<meta name=\"twitter:card\" content=\"summary_large_image\" \/>\n<meta name=\"twitter:label1\" content=\"Dur\u00e9e de lecture estim\u00e9e\" \/>\n\t<meta name=\"twitter:data1\" content=\"3 minutes\" \/>\n<script type=\"application\/ld+json\" class=\"yoast-schema-graph\">{\"@context\":\"https:\\\/\\\/schema.org\",\"@graph\":[{\"@type\":\"WebPage\",\"@id\":\"https:\\\/\\\/holawifi.net\\\/rrss-politica-de-privacidad\\\/\",\"url\":\"https:\\\/\\\/holawifi.net\\\/rrss-politica-de-privacidad\\\/\",\"name\":\"RRSS: Pol\u00edtica de Privacidad | holaWifi\",\"isPartOf\":{\"@id\":\"https:\\\/\\\/holawifi.net\\\/#website\"},\"datePublished\":\"2025-08-21T08:04:35+00:00\",\"breadcrumb\":{\"@id\":\"https:\\\/\\\/holawifi.net\\\/rrss-politica-de-privacidad\\\/#breadcrumb\"},\"inLanguage\":\"fr-FR\",\"potentialAction\":[{\"@type\":\"ReadAction\",\"target\":[\"https:\\\/\\\/holawifi.net\\\/rrss-politica-de-privacidad\\\/\"]}]},{\"@type\":\"BreadcrumbList\",\"@id\":\"https:\\\/\\\/holawifi.net\\\/rrss-politica-de-privacidad\\\/#breadcrumb\",\"itemListElement\":[{\"@type\":\"ListItem\",\"position\":1,\"name\":\"Portada\",\"item\":\"https:\\\/\\\/holawifi.net\\\/\"},{\"@type\":\"ListItem\",\"position\":2,\"name\":\"RRSS: Pol\u00edtica de Privacidad\"}]},{\"@type\":\"WebSite\",\"@id\":\"https:\\\/\\\/holawifi.net\\\/#website\",\"url\":\"https:\\\/\\\/holawifi.net\\\/\",\"name\":\"holaWifi\",\"description\":\"Internet en Comunidad Valenciana -Velocidades de fibra, vivas donde vivas\",\"publisher\":{\"@id\":\"https:\\\/\\\/holawifi.net\\\/#organization\"},\"potentialAction\":[{\"@type\":\"SearchAction\",\"target\":{\"@type\":\"EntryPoint\",\"urlTemplate\":\"https:\\\/\\\/holawifi.net\\\/?s={search_term_string}\"},\"query-input\":{\"@type\":\"PropertyValueSpecification\",\"valueRequired\":true,\"valueName\":\"search_term_string\"}}],\"inLanguage\":\"fr-FR\"},{\"@type\":\"Organization\",\"@id\":\"https:\\\/\\\/holawifi.net\\\/#organization\",\"name\":\"holaWifi\",\"url\":\"https:\\\/\\\/holawifi.net\\\/\",\"logo\":{\"@type\":\"ImageObject\",\"inLanguage\":\"fr-FR\",\"@id\":\"https:\\\/\\\/holawifi.net\\\/#\\\/schema\\\/logo\\\/image\\\/\",\"url\":\"https:\\\/\\\/holawifi.net\\\/wp-content\\\/uploads\\\/2021\\\/09\\\/cropped-FAVICON_hw.png\",\"contentUrl\":\"https:\\\/\\\/holawifi.net\\\/wp-content\\\/uploads\\\/2021\\\/09\\\/cropped-FAVICON_hw.png\",\"width\":512,\"height\":512,\"caption\":\"holaWifi\"},\"image\":{\"@id\":\"https:\\\/\\\/holawifi.net\\\/#\\\/schema\\\/logo\\\/image\\\/\"},\"sameAs\":[\"https:\\\/\\\/www.facebook.com\\\/holawifi\\\/\",\"https:\\\/\\\/www.instagram.com\\\/holawifi_\\\/\",\"https:\\\/\\\/es.linkedin.com\\\/company\\\/holawifi\"]}]}<\/script>\n<!-- \/ Yoast SEO plugin. -->","yoast_head_json":{"title":"RRSS : Politique de confidentialit\u00e9 | holaWifi","robots":{"index":"index","follow":"follow","max-snippet":"max-snippet:-1","max-image-preview":"max-image-preview:large","max-video-preview":"max-video-preview:-1"},"canonical":"https:\/\/holawifi.net\/fr\/politique-de-confidentialite-du-rrss\/","og_locale":"fr_FR","og_type":"article","og_title":"RRSS: Pol\u00edtica de Privacidad | holaWifi","og_description":"Pol\u00edtica de Privacidad en Redes Sociales | Holawifi Comercializadora S.L. 1. Informaci\u00f3n al Usuario Responsable del tratamiento de datos personalesHOLAWIFI COMERCIALIZADORA, S.L. (en adelante, el RESPONSABLE) ha creado perfiles en Facebook, Instagram, Twitter, LinkedIn, YouTube, Vimeo y Google+.El RESPONSABLE trata los datos personales de los usuarios conforme al Reglamento (UE) 2016\/679 (GDPR) y la Ley [&hellip;]","og_url":"https:\/\/holawifi.net\/fr\/politique-de-confidentialite-du-rrss\/","og_site_name":"holaWifi","article_publisher":"https:\/\/www.facebook.com\/holawifi\/","og_image":[{"width":1088,"height":960,"url":"https:\/\/holawifi.net\/wp-content\/uploads\/2025\/11\/13.jpg","type":"image\/jpeg"}],"twitter_card":"summary_large_image","twitter_misc":{"Dur\u00e9e de lecture estim\u00e9e":"3 minutes"},"schema":{"@context":"https:\/\/schema.org","@graph":[{"@type":"WebPage","@id":"https:\/\/holawifi.net\/rrss-politica-de-privacidad\/","url":"https:\/\/holawifi.net\/rrss-politica-de-privacidad\/","name":"RRSS : Politique de confidentialit\u00e9 | holaWifi","isPartOf":{"@id":"https:\/\/holawifi.net\/#website"},"datePublished":"2025-08-21T08:04:35+00:00","breadcrumb":{"@id":"https:\/\/holawifi.net\/rrss-politica-de-privacidad\/#breadcrumb"},"inLanguage":"fr-FR","potentialAction":[{"@type":"ReadAction","target":["https:\/\/holawifi.net\/rrss-politica-de-privacidad\/"]}]},{"@type":"BreadcrumbList","@id":"https:\/\/holawifi.net\/rrss-politica-de-privacidad\/#breadcrumb","itemListElement":[{"@type":"ListItem","position":1,"name":"Portada","item":"https:\/\/holawifi.net\/"},{"@type":"ListItem","position":2,"name":"RRSS: Pol\u00edtica de Privacidad"}]},{"@type":"WebSite","@id":"https:\/\/holawifi.net\/#website","url":"https:\/\/holawifi.net\/","name":"holaWifi","description":"Internet dans la Communaut\u00e9 autonome de Valence - Des d\u00e9bits de fibre optique, o\u00f9 que vous viviez","publisher":{"@id":"https:\/\/holawifi.net\/#organization"},"potentialAction":[{"@type":"SearchAction","target":{"@type":"EntryPoint","urlTemplate":"https:\/\/holawifi.net\/?s={search_term_string}"},"query-input":{"@type":"PropertyValueSpecification","valueRequired":true,"valueName":"search_term_string"}}],"inLanguage":"fr-FR"},{"@type":"Organization","@id":"https:\/\/holawifi.net\/#organization","name":"holaWifi","url":"https:\/\/holawifi.net\/","logo":{"@type":"ImageObject","inLanguage":"fr-FR","@id":"https:\/\/holawifi.net\/#\/schema\/logo\/image\/","url":"https:\/\/holawifi.net\/wp-content\/uploads\/2021\/09\/cropped-FAVICON_hw.png","contentUrl":"https:\/\/holawifi.net\/wp-content\/uploads\/2021\/09\/cropped-FAVICON_hw.png","width":512,"height":512,"caption":"holaWifi"},"image":{"@id":"https:\/\/holawifi.net\/#\/schema\/logo\/image\/"},"sameAs":["https:\/\/www.facebook.com\/holawifi\/","https:\/\/www.instagram.com\/holawifi_\/","https:\/\/es.linkedin.com\/company\/holawifi"]}]}},"_links":{"self":[{"href":"https:\/\/holawifi.net\/fr\/wp-json\/wp\/v2\/pages\/5168","targetHints":{"allow":["GET"]}}],"collection":[{"href":"https:\/\/holawifi.net\/fr\/wp-json\/wp\/v2\/pages"}],"about":[{"href":"https:\/\/holawifi.net\/fr\/wp-json\/wp\/v2\/types\/page"}],"author":[{"embeddable":true,"href":"https:\/\/holawifi.net\/fr\/wp-json\/wp\/v2\/users\/14"}],"replies":[{"embeddable":true,"href":"https:\/\/holawifi.net\/fr\/wp-json\/wp\/v2\/comments?post=5168"}],"version-history":[{"count":3,"href":"https:\/\/holawifi.net\/fr\/wp-json\/wp\/v2\/pages\/5168\/revisions"}],"predecessor-version":[{"id":5171,"href":"https:\/\/holawifi.net\/fr\/wp-json\/wp\/v2\/pages\/5168\/revisions\/5171"}],"wp:attachment":[{"href":"https:\/\/holawifi.net\/fr\/wp-json\/wp\/v2\/media?parent=5168"}],"curies":[{"name":"wp","href":"https:\/\/api.w.org\/{rel}","templated":true}]}}