{"id":2967,"date":"2023-12-01T20:09:33","date_gmt":"2023-12-01T19:09:33","guid":{"rendered":"https:\/\/holawifi.net\/?page_id=2967"},"modified":"2023-12-01T20:09:44","modified_gmt":"2023-12-01T19:09:44","slug":"air-plus-f2-06-fibre-plus-communication-avec-les-clients","status":"publish","type":"page","link":"https:\/\/holawifi.net\/fr\/comunicacion-clientes-fibra-air-plus-f2-06\/","title":{"rendered":"Clients de la communication Fibre Air Plus F2 06"},"content":{"rendered":"<div data-elementor-type=\"wp-page\" data-elementor-id=\"2967\" class=\"elementor elementor-2967\" data-elementor-post-type=\"page\">\n\t\t\t\t<div class=\"elementor-element elementor-element-5ca1508 e-flex e-con-boxed e-con e-parent\" data-id=\"5ca1508\" data-element_type=\"container\" data-e-type=\"container\">\n\t\t\t\t\t<div class=\"e-con-inner\">\n\t\t\t\t<div class=\"elementor-element elementor-element-fa10e6e elementor-widget elementor-widget-image\" data-id=\"fa10e6e\" data-element_type=\"widget\" data-e-type=\"widget\" data-widget_type=\"image.default\">\n\t\t\t\t<div class=\"elementor-widget-container\">\n\t\t\t\t\t\t\t\t\t\t\t\t\t\t\t<img decoding=\"async\" width=\"300\" height=\"135\" src=\"https:\/\/holawifi.net\/wp-content\/uploads\/2023\/06\/idwVaPHkRQ-300x135.png\" class=\"attachment-medium size-medium wp-image-2412\" alt=\"\" srcset=\"https:\/\/holawifi.net\/wp-content\/uploads\/2023\/06\/idwVaPHkRQ-300x135.png 300w, https:\/\/holawifi.net\/wp-content\/uploads\/2023\/06\/idwVaPHkRQ-768x346.png 768w, https:\/\/holawifi.net\/wp-content\/uploads\/2023\/06\/idwVaPHkRQ-18x8.png 18w, https:\/\/holawifi.net\/wp-content\/uploads\/2023\/06\/idwVaPHkRQ.png 820w\" sizes=\"(max-width: 300px) 100vw, 300px\" \/>\t\t\t\t\t\t\t\t\t\t\t\t\t\t\t<\/div>\n\t\t\t\t<\/div>\n\t\t\t\t<div class=\"elementor-element elementor-element-07bcd15 elementor-widget elementor-widget-text-editor\" data-id=\"07bcd15\" data-element_type=\"widget\" data-e-type=\"widget\" data-widget_type=\"text-editor.default\">\n\t\t\t\t<div class=\"elementor-widget-container\">\n\t\t\t\t\t\t\t\t\t<p style=\"text-align: left;\">Bonjour,<\/p>\n<p style=\"text-align: left;\">Au <strong>holaWifi<\/strong>&nbsp;nous appr\u00e9cions grandement votre loyaut\u00e9 et votre confiance dans le service internet que nous vous offrons, et c'est pourquoi nous nous adressons \u00e0 vous pour<i>&nbsp;<\/i>pour vous informer d'une nouvelle fonctionnalit\u00e9 qui am\u00e9liorera votre exp\u00e9rience de navigation.<\/p>\n<p style=\"text-align: left;\">Comme vous le savez peut-\u00eatre, la consommation de donn\u00e9es a connu une croissance exponentielle ces derni\u00e8res ann\u00e9es, principalement en raison du t\u00e9l\u00e9travail, de l'apprentissage en ligne et de la diffusion en continu de divertissements en direct (s\u00e9ries, films, etc.). C'est pourquoi, conform\u00e9ment \u00e0 notre engagement de vous fournir une connexion rapide et stable, nous avons r\u00e9alis\u00e9 d'importants investissements technologiques pour r\u00e9pondre \u00e0 vos besoins ; et nous sommes heureux de savoir que nous y sommes parvenus tout en maintenant nos prix depuis plus de 6 ans.<\/p>\n<p style=\"text-align: left;\">Cependant, l'augmentation des co\u00fbts d'exploitation due \u00e0 l'augmentation de l'IPC sera r\u00e9percut\u00e9e sur nos prix. Toutefois, afin de continuer \u00e0 vous offrir le meilleur service possible, nous avons d\u00e9cid\u00e9 d'augmenter nos tarifs. <strong>holaWifi<\/strong>&nbsp;Nous sommes en train de finaliser les arrangements pour que vous receviez tr\u00e8s bient\u00f4t plus de vitesse, plus de m\u00e9gaoctets pour booster votre connexion !<\/p>\n<p style=\"text-align: left;\"><span style=\"font-weight: 400;\">C'est ainsi que<\/span><i><span style=\"font-weight: 400;\">, <\/span><\/i><span style=\"font-weight: 400;\">A partir du 1er janvier, vous verrez une mise \u00e0 jour de votre service internet qui vous permettra de profiter de Fibra Air+. <\/span><span style=\"font-weight: 400;\">&nbsp;pour seulement 19,95<\/span><span style=\"font-weight: 400;\">\u20ac par mois (TVA incluse). <\/span><b>Nous avons conserv\u00e9 la r\u00e9duction de fid\u00e9lit\u00e9 dont vous b\u00e9n\u00e9ficiez, vous payez donc toujours moins cher pour le tarif que vous avez contract\u00e9.<\/b><span style=\"font-weight: 400;\"> Les avantages de cette am\u00e9lioration seront doubles : d'une part, vous b\u00e9n\u00e9ficierez d'une vitesse et d'une stabilit\u00e9 accrues et, d'autre part, cela nous permettra de continuer \u00e0 cr\u00e9er et \u00e0 entretenir notre propre r\u00e9seau afin d'offrir un service de qualit\u00e9 l\u00e0 o\u00f9 d'autres n'y parviennent pas. <\/span><\/p>\n<p style=\"text-align: left;\">Nous comprenons que tout changement de prix peut susciter des doutes, c'est pourquoi nous profitons de l'occasion pour vous rappeler que notre service client\u00e8le est \u00e0 votre disposition. <strong>holaWifi<\/strong>o\u00f9 nous vous \u00e9couterons et r\u00e9pondrons \u00e0 toutes vos questions. Votre satisfaction \u00e0 l'\u00e9gard de notre travail est tr\u00e8s importante pour nous, c'est pourquoi nous serons toujours heureux de trouver la meilleure solution pour vous.&nbsp;<\/p>\n<p style=\"text-align: left;\">Merci de nous avoir permis d'\u00eatre votre soci\u00e9t\u00e9 internet.&nbsp;<\/p>\n<p style=\"text-align: left;\">Je vous prie d'agr\u00e9er, Madame, Monsieur, l'expression de mes salutations distingu\u00e9es,<\/p>\n<p style=\"text-align: left;\">HOLAWIFI COMERCIALIZADORA S.L.<\/p>\t\t\t\t\t\t\t\t<\/div>\n\t\t\t\t<\/div>\n\t\t\t\t\t<\/div>\n\t\t\t\t<\/div>\n\t\t\t\t<\/div>","protected":false},"excerpt":{"rendered":"<p>Hola, En holaWifi&nbsp;valoramos enormemente tu lealtad y confianza en el servicio de internet que te ofrecemos, y por eso nos dirigimos&nbsp;a ti para informarte de una novedad que beneficiar\u00e1 tu experiencia de navegaci\u00f3n. Como sabr\u00e1s, durante los \u00faltimos a\u00f1os se ha producido un crecimiento exponencial en el consumo de datos, debido sobre todo al teletrabajo, [&hellip;]<\/p>\n","protected":false},"author":14,"featured_media":0,"parent":0,"menu_order":0,"comment_status":"closed","ping_status":"closed","template":"elementor_canvas","meta":{"_acf_changed":false,"inline_featured_image":false,"footnotes":""},"class_list":["post-2967","page","type-page","status-publish","hentry"],"acf":[],"yoast_head":"<!-- This site is optimized with the Yoast SEO plugin v27.3 - https:\/\/yoast.com\/product\/yoast-seo-wordpress\/ -->\n<title>Comunicaci\u00f3n clientes Fibra Air Plus F2 06 | holaWifi<\/title>\n<meta name=\"robots\" content=\"index, follow, max-snippet:-1, max-image-preview:large, max-video-preview:-1\" \/>\n<link rel=\"canonical\" href=\"https:\/\/holawifi.net\/fr\/air-plus-f2-06-fibre-plus-communication-avec-les-clients\/\" \/>\n<meta property=\"og:locale\" content=\"fr_FR\" \/>\n<meta property=\"og:type\" content=\"article\" \/>\n<meta property=\"og:title\" content=\"Comunicaci\u00f3n clientes Fibra Air Plus F2 06 | holaWifi\" \/>\n<meta property=\"og:description\" content=\"Hola, En holaWifi&nbsp;valoramos enormemente tu lealtad y confianza en el servicio de internet que te ofrecemos, y por eso nos dirigimos&nbsp;a ti para informarte de una novedad que beneficiar\u00e1 tu experiencia de navegaci\u00f3n. Como sabr\u00e1s, durante los \u00faltimos a\u00f1os se ha producido un crecimiento exponencial en el consumo de datos, debido sobre todo al teletrabajo, [&hellip;]\" \/>\n<meta property=\"og:url\" content=\"https:\/\/holawifi.net\/fr\/air-plus-f2-06-fibre-plus-communication-avec-les-clients\/\" \/>\n<meta property=\"og:site_name\" content=\"holaWifi\" \/>\n<meta property=\"article:publisher\" content=\"https:\/\/www.facebook.com\/holawifi\/\" \/>\n<meta property=\"article:modified_time\" content=\"2023-12-01T19:09:44+00:00\" \/>\n<meta property=\"og:image\" content=\"https:\/\/holawifi.net\/wp-content\/uploads\/2023\/06\/idwVaPHkRQ-300x135.png\" \/>\n<meta name=\"twitter:card\" content=\"summary_large_image\" \/>\n<meta name=\"twitter:label1\" content=\"Dur\u00e9e de lecture estim\u00e9e\" \/>\n\t<meta name=\"twitter:data1\" content=\"2 minutes\" \/>\n<script type=\"application\/ld+json\" class=\"yoast-schema-graph\">{\"@context\":\"https:\\\/\\\/schema.org\",\"@graph\":[{\"@type\":\"WebPage\",\"@id\":\"https:\\\/\\\/holawifi.net\\\/comunicacion-clientes-fibra-air-plus-f2-06\\\/\",\"url\":\"https:\\\/\\\/holawifi.net\\\/comunicacion-clientes-fibra-air-plus-f2-06\\\/\",\"name\":\"Comunicaci\u00f3n clientes Fibra Air Plus F2 06 | holaWifi\",\"isPartOf\":{\"@id\":\"https:\\\/\\\/holawifi.net\\\/#website\"},\"primaryImageOfPage\":{\"@id\":\"https:\\\/\\\/holawifi.net\\\/comunicacion-clientes-fibra-air-plus-f2-06\\\/#primaryimage\"},\"image\":{\"@id\":\"https:\\\/\\\/holawifi.net\\\/comunicacion-clientes-fibra-air-plus-f2-06\\\/#primaryimage\"},\"thumbnailUrl\":\"https:\\\/\\\/holawifi.net\\\/wp-content\\\/uploads\\\/2023\\\/06\\\/idwVaPHkRQ-300x135.png\",\"datePublished\":\"2023-12-01T19:09:33+00:00\",\"dateModified\":\"2023-12-01T19:09:44+00:00\",\"breadcrumb\":{\"@id\":\"https:\\\/\\\/holawifi.net\\\/comunicacion-clientes-fibra-air-plus-f2-06\\\/#breadcrumb\"},\"inLanguage\":\"fr-FR\",\"potentialAction\":[{\"@type\":\"ReadAction\",\"target\":[\"https:\\\/\\\/holawifi.net\\\/comunicacion-clientes-fibra-air-plus-f2-06\\\/\"]}]},{\"@type\":\"ImageObject\",\"inLanguage\":\"fr-FR\",\"@id\":\"https:\\\/\\\/holawifi.net\\\/comunicacion-clientes-fibra-air-plus-f2-06\\\/#primaryimage\",\"url\":\"https:\\\/\\\/holawifi.net\\\/wp-content\\\/uploads\\\/2023\\\/06\\\/idwVaPHkRQ-300x135.png\",\"contentUrl\":\"https:\\\/\\\/holawifi.net\\\/wp-content\\\/uploads\\\/2023\\\/06\\\/idwVaPHkRQ-300x135.png\"},{\"@type\":\"BreadcrumbList\",\"@id\":\"https:\\\/\\\/holawifi.net\\\/comunicacion-clientes-fibra-air-plus-f2-06\\\/#breadcrumb\",\"itemListElement\":[{\"@type\":\"ListItem\",\"position\":1,\"name\":\"Portada\",\"item\":\"https:\\\/\\\/holawifi.net\\\/\"},{\"@type\":\"ListItem\",\"position\":2,\"name\":\"Comunicaci\u00f3n clientes Fibra Air Plus F2 06\"}]},{\"@type\":\"WebSite\",\"@id\":\"https:\\\/\\\/holawifi.net\\\/#website\",\"url\":\"https:\\\/\\\/holawifi.net\\\/\",\"name\":\"holaWifi\",\"description\":\"Internet en Comunidad Valenciana -Velocidades de fibra, vivas donde vivas\",\"publisher\":{\"@id\":\"https:\\\/\\\/holawifi.net\\\/#organization\"},\"potentialAction\":[{\"@type\":\"SearchAction\",\"target\":{\"@type\":\"EntryPoint\",\"urlTemplate\":\"https:\\\/\\\/holawifi.net\\\/?s={search_term_string}\"},\"query-input\":{\"@type\":\"PropertyValueSpecification\",\"valueRequired\":true,\"valueName\":\"search_term_string\"}}],\"inLanguage\":\"fr-FR\"},{\"@type\":\"Organization\",\"@id\":\"https:\\\/\\\/holawifi.net\\\/#organization\",\"name\":\"holaWifi\",\"url\":\"https:\\\/\\\/holawifi.net\\\/\",\"logo\":{\"@type\":\"ImageObject\",\"inLanguage\":\"fr-FR\",\"@id\":\"https:\\\/\\\/holawifi.net\\\/#\\\/schema\\\/logo\\\/image\\\/\",\"url\":\"https:\\\/\\\/holawifi.net\\\/wp-content\\\/uploads\\\/2021\\\/09\\\/cropped-FAVICON_hw.png\",\"contentUrl\":\"https:\\\/\\\/holawifi.net\\\/wp-content\\\/uploads\\\/2021\\\/09\\\/cropped-FAVICON_hw.png\",\"width\":512,\"height\":512,\"caption\":\"holaWifi\"},\"image\":{\"@id\":\"https:\\\/\\\/holawifi.net\\\/#\\\/schema\\\/logo\\\/image\\\/\"},\"sameAs\":[\"https:\\\/\\\/www.facebook.com\\\/holawifi\\\/\",\"https:\\\/\\\/www.instagram.com\\\/holawifi_\\\/\",\"https:\\\/\\\/es.linkedin.com\\\/company\\\/holawifi\"]}]}<\/script>\n<!-- \/ Yoast SEO plugin. -->","yoast_head_json":{"title":"Communication clients Fibra Air Plus F2 06 | helloWifi","robots":{"index":"index","follow":"follow","max-snippet":"max-snippet:-1","max-image-preview":"max-image-preview:large","max-video-preview":"max-video-preview:-1"},"canonical":"https:\/\/holawifi.net\/fr\/air-plus-f2-06-fibre-plus-communication-avec-les-clients\/","og_locale":"fr_FR","og_type":"article","og_title":"Comunicaci\u00f3n clientes Fibra Air Plus F2 06 | holaWifi","og_description":"Hola, En holaWifi&nbsp;valoramos enormemente tu lealtad y confianza en el servicio de internet que te ofrecemos, y por eso nos dirigimos&nbsp;a ti para informarte de una novedad que beneficiar\u00e1 tu experiencia de navegaci\u00f3n. Como sabr\u00e1s, durante los \u00faltimos a\u00f1os se ha producido un crecimiento exponencial en el consumo de datos, debido sobre todo al teletrabajo, [&hellip;]","og_url":"https:\/\/holawifi.net\/fr\/air-plus-f2-06-fibre-plus-communication-avec-les-clients\/","og_site_name":"holaWifi","article_publisher":"https:\/\/www.facebook.com\/holawifi\/","article_modified_time":"2023-12-01T19:09:44+00:00","og_image":[{"url":"https:\/\/holawifi.net\/wp-content\/uploads\/2023\/06\/idwVaPHkRQ-300x135.png","type":"","width":"","height":""}],"twitter_card":"summary_large_image","twitter_misc":{"Dur\u00e9e de lecture estim\u00e9e":"2 minutes"},"schema":{"@context":"https:\/\/schema.org","@graph":[{"@type":"WebPage","@id":"https:\/\/holawifi.net\/comunicacion-clientes-fibra-air-plus-f2-06\/","url":"https:\/\/holawifi.net\/comunicacion-clientes-fibra-air-plus-f2-06\/","name":"Communication clients Fibra Air Plus F2 06 | helloWifi","isPartOf":{"@id":"https:\/\/holawifi.net\/#website"},"primaryImageOfPage":{"@id":"https:\/\/holawifi.net\/comunicacion-clientes-fibra-air-plus-f2-06\/#primaryimage"},"image":{"@id":"https:\/\/holawifi.net\/comunicacion-clientes-fibra-air-plus-f2-06\/#primaryimage"},"thumbnailUrl":"https:\/\/holawifi.net\/wp-content\/uploads\/2023\/06\/idwVaPHkRQ-300x135.png","datePublished":"2023-12-01T19:09:33+00:00","dateModified":"2023-12-01T19:09:44+00:00","breadcrumb":{"@id":"https:\/\/holawifi.net\/comunicacion-clientes-fibra-air-plus-f2-06\/#breadcrumb"},"inLanguage":"fr-FR","potentialAction":[{"@type":"ReadAction","target":["https:\/\/holawifi.net\/comunicacion-clientes-fibra-air-plus-f2-06\/"]}]},{"@type":"ImageObject","inLanguage":"fr-FR","@id":"https:\/\/holawifi.net\/comunicacion-clientes-fibra-air-plus-f2-06\/#primaryimage","url":"https:\/\/holawifi.net\/wp-content\/uploads\/2023\/06\/idwVaPHkRQ-300x135.png","contentUrl":"https:\/\/holawifi.net\/wp-content\/uploads\/2023\/06\/idwVaPHkRQ-300x135.png"},{"@type":"BreadcrumbList","@id":"https:\/\/holawifi.net\/comunicacion-clientes-fibra-air-plus-f2-06\/#breadcrumb","itemListElement":[{"@type":"ListItem","position":1,"name":"Portada","item":"https:\/\/holawifi.net\/"},{"@type":"ListItem","position":2,"name":"Comunicaci\u00f3n clientes Fibra Air Plus F2 06"}]},{"@type":"WebSite","@id":"https:\/\/holawifi.net\/#website","url":"https:\/\/holawifi.net\/","name":"holaWifi","description":"Internet dans la Communaut\u00e9 autonome de Valence - Des d\u00e9bits de fibre optique, o\u00f9 que vous viviez","publisher":{"@id":"https:\/\/holawifi.net\/#organization"},"potentialAction":[{"@type":"SearchAction","target":{"@type":"EntryPoint","urlTemplate":"https:\/\/holawifi.net\/?s={search_term_string}"},"query-input":{"@type":"PropertyValueSpecification","valueRequired":true,"valueName":"search_term_string"}}],"inLanguage":"fr-FR"},{"@type":"Organization","@id":"https:\/\/holawifi.net\/#organization","name":"holaWifi","url":"https:\/\/holawifi.net\/","logo":{"@type":"ImageObject","inLanguage":"fr-FR","@id":"https:\/\/holawifi.net\/#\/schema\/logo\/image\/","url":"https:\/\/holawifi.net\/wp-content\/uploads\/2021\/09\/cropped-FAVICON_hw.png","contentUrl":"https:\/\/holawifi.net\/wp-content\/uploads\/2021\/09\/cropped-FAVICON_hw.png","width":512,"height":512,"caption":"holaWifi"},"image":{"@id":"https:\/\/holawifi.net\/#\/schema\/logo\/image\/"},"sameAs":["https:\/\/www.facebook.com\/holawifi\/","https:\/\/www.instagram.com\/holawifi_\/","https:\/\/es.linkedin.com\/company\/holawifi"]}]}},"_links":{"self":[{"href":"https:\/\/holawifi.net\/fr\/wp-json\/wp\/v2\/pages\/2967","targetHints":{"allow":["GET"]}}],"collection":[{"href":"https:\/\/holawifi.net\/fr\/wp-json\/wp\/v2\/pages"}],"about":[{"href":"https:\/\/holawifi.net\/fr\/wp-json\/wp\/v2\/types\/page"}],"author":[{"embeddable":true,"href":"https:\/\/holawifi.net\/fr\/wp-json\/wp\/v2\/users\/14"}],"replies":[{"embeddable":true,"href":"https:\/\/holawifi.net\/fr\/wp-json\/wp\/v2\/comments?post=2967"}],"version-history":[{"count":4,"href":"https:\/\/holawifi.net\/fr\/wp-json\/wp\/v2\/pages\/2967\/revisions"}],"predecessor-version":[{"id":2971,"href":"https:\/\/holawifi.net\/fr\/wp-json\/wp\/v2\/pages\/2967\/revisions\/2971"}],"wp:attachment":[{"href":"https:\/\/holawifi.net\/fr\/wp-json\/wp\/v2\/media?parent=2967"}],"curies":[{"name":"wp","href":"https:\/\/api.w.org\/{rel}","templated":true}]}}