{"id":2044,"date":"2023-05-02T17:54:55","date_gmt":"2023-05-02T15:54:55","guid":{"rendered":"https:\/\/holawifi.net\/?page_id=2044"},"modified":"2025-08-18T09:44:21","modified_gmt":"2025-08-18T07:44:21","slug":"lemploi","status":"publish","type":"page","link":"https:\/\/holawifi.net\/fr\/empleo\/","title":{"rendered":"Emploi"},"content":{"rendered":"<div data-elementor-type=\"wp-page\" data-elementor-id=\"2044\" class=\"elementor elementor-2044\" data-elementor-post-type=\"page\">\n\t\t\t\t<div class=\"elementor-element elementor-element-a73c2ec e-flex e-con-boxed e-con e-parent\" data-id=\"a73c2ec\" data-element_type=\"container\" data-e-type=\"container\">\n\t\t\t\t\t<div class=\"e-con-inner\">\n\t\t\t\t<div class=\"elementor-element elementor-element-aa4e0bc elementor-widget__width-inherit elementor-widget elementor-widget-image\" data-id=\"aa4e0bc\" data-element_type=\"widget\" data-e-type=\"widget\" data-widget_type=\"image.default\">\n\t\t\t\t<div class=\"elementor-widget-container\">\n\t\t\t\t\t\t\t\t\t\t\t\t\t\t\t<img fetchpriority=\"high\" decoding=\"async\" width=\"1200\" height=\"300\" src=\"https:\/\/holawifi.net\/wp-content\/uploads\/2025\/05\/Banner-HWEM.png\" class=\"attachment-full size-full wp-image-4453\" alt=\"\" srcset=\"https:\/\/holawifi.net\/wp-content\/uploads\/2025\/05\/Banner-HWEM.png 1200w, https:\/\/holawifi.net\/wp-content\/uploads\/2025\/05\/Banner-HWEM-300x75.png 300w, https:\/\/holawifi.net\/wp-content\/uploads\/2025\/05\/Banner-HWEM-1024x256.png 1024w, https:\/\/holawifi.net\/wp-content\/uploads\/2025\/05\/Banner-HWEM-768x192.png 768w, https:\/\/holawifi.net\/wp-content\/uploads\/2025\/05\/Banner-HWEM-18x5.png 18w\" sizes=\"(max-width: 1200px) 100vw, 1200px\" \/>\t\t\t\t\t\t\t\t\t\t\t\t\t\t\t<\/div>\n\t\t\t\t<\/div>\n\t\t\t\t\t<\/div>\n\t\t\t\t<\/div>\n\t\t<div class=\"elementor-element elementor-element-9694292 e-flex e-con-boxed e-con e-parent\" data-id=\"9694292\" data-element_type=\"container\" data-e-type=\"container\">\n\t\t\t\t\t<div class=\"e-con-inner\">\n\t\t\t\t<div class=\"elementor-element elementor-element-232b3a2 elementor-widget__width-initial elementor-grid-2 elementor-posts--align-left elementor-widget-tablet__width-initial elementor-widget-mobile__width-inherit elementor-grid-tablet-2 elementor-grid-mobile-1 elementor-posts--thumbnail-top elementor-posts__hover-gradient elementor-widget elementor-widget-posts\" data-id=\"232b3a2\" data-element_type=\"widget\" data-e-type=\"widget\" data-settings=\"{&quot;cards_row_gap&quot;:{&quot;unit&quot;:&quot;px&quot;,&quot;size&quot;:30,&quot;sizes&quot;:[]},&quot;cards_columns&quot;:&quot;2&quot;,&quot;cards_columns_tablet&quot;:&quot;2&quot;,&quot;cards_columns_mobile&quot;:&quot;1&quot;,&quot;cards_row_gap_tablet&quot;:{&quot;unit&quot;:&quot;px&quot;,&quot;size&quot;:&quot;&quot;,&quot;sizes&quot;:[]},&quot;cards_row_gap_mobile&quot;:{&quot;unit&quot;:&quot;px&quot;,&quot;size&quot;:&quot;&quot;,&quot;sizes&quot;:[]}}\" data-widget_type=\"posts.cards\">\n\t\t\t\t<div class=\"elementor-widget-container\">\n\t\t\t\t\t\t\t<div class=\"elementor-posts-container elementor-posts elementor-posts--skin-cards elementor-grid\" role=\"list\">\n\t\t\t\t<article class=\"elementor-post elementor-grid-item post-5119 post type-post status-publish format-standard has-post-thumbnail hentry category-empleo tag-empleo tag-vacante\" role=\"listitem\">\n\t\t\t<div class=\"elementor-post__card\">\n\t\t\t\t<a class=\"elementor-post__thumbnail__link\" href=\"https:\/\/holawifi.net\/fr\/tecnico-a-rrhh\/\" tabindex=\"-1\" ><div class=\"elementor-post__thumbnail\"><img decoding=\"async\" width=\"300\" height=\"200\" src=\"https:\/\/holawifi.net\/wp-content\/uploads\/2025\/04\/foto-web-empleo-300x200.png\" class=\"attachment-medium size-medium wp-image-4387\" alt=\"consultant et chef d&#039;entreprise\" srcset=\"https:\/\/holawifi.net\/wp-content\/uploads\/2025\/04\/foto-web-empleo-300x200.png 300w, https:\/\/holawifi.net\/wp-content\/uploads\/2025\/04\/foto-web-empleo-1024x683.png 1024w, https:\/\/holawifi.net\/wp-content\/uploads\/2025\/04\/foto-web-empleo-768x512.png 768w, https:\/\/holawifi.net\/wp-content\/uploads\/2025\/04\/foto-web-empleo-18x12.png 18w, https:\/\/holawifi.net\/wp-content\/uploads\/2025\/04\/foto-web-empleo.png 1500w\" sizes=\"(max-width: 300px) 100vw, 300px\" \/><\/div><\/a>\n\t\t\t\t<div class=\"elementor-post__text\">\n\t\t\t\t<h3 class=\"elementor-post__title\">\n\t\t\t<a href=\"https:\/\/holawifi.net\/fr\/tecnico-a-rrhh\/\" >\n\t\t\t\tTechnicien RH\t\t\t<\/a>\n\t\t<\/h3>\n\t\t\n\t\t<a class=\"elementor-post__read-more\" href=\"https:\/\/holawifi.net\/fr\/tecnico-a-rrhh\/\" aria-label=\"En savoir plus sur Technicien RH\" tabindex=\"-1\" >\n\t\t\tLire l'offre \"\t\t<\/a>\n\n\t\t\t\t<\/div>\n\t\t\t\t\t<\/div>\n\t\t<\/article>\n\t\t\t\t<article class=\"elementor-post elementor-grid-item post-5093 post type-post status-publish format-standard has-post-thumbnail hentry category-empleo tag-empleo tag-vacante\" role=\"listitem\">\n\t\t\t<div class=\"elementor-post__card\">\n\t\t\t\t<a class=\"elementor-post__thumbnail__link\" href=\"https:\/\/holawifi.net\/fr\/tecnico-a-instalador-a-de-antenas-y-redes-comunidad-valenciana\/\" tabindex=\"-1\" ><div class=\"elementor-post__thumbnail\"><img decoding=\"async\" width=\"300\" height=\"200\" src=\"https:\/\/holawifi.net\/wp-content\/uploads\/2024\/12\/instalador-300x200.jpg\" class=\"attachment-medium size-medium wp-image-3664\" alt=\"\" srcset=\"https:\/\/holawifi.net\/wp-content\/uploads\/2024\/12\/instalador-300x200.jpg 300w, https:\/\/holawifi.net\/wp-content\/uploads\/2024\/12\/instalador-1024x683.jpg 1024w, https:\/\/holawifi.net\/wp-content\/uploads\/2024\/12\/instalador-768x512.jpg 768w, https:\/\/holawifi.net\/wp-content\/uploads\/2024\/12\/instalador-18x12.jpg 18w, https:\/\/holawifi.net\/wp-content\/uploads\/2024\/12\/instalador.jpg 1500w\" sizes=\"(max-width: 300px) 100vw, 300px\" \/><\/div><\/a>\n\t\t\t\t<div class=\"elementor-post__text\">\n\t\t\t\t<h3 class=\"elementor-post__title\">\n\t\t\t<a href=\"https:\/\/holawifi.net\/fr\/tecnico-a-instalador-a-de-antenas-y-redes-comunidad-valenciana\/\" >\n\t\t\t\tTechnicien installateur d'antennes et de r\u00e9seaux - Comunidad Valenciana\t\t\t<\/a>\n\t\t<\/h3>\n\t\t\n\t\t<a class=\"elementor-post__read-more\" href=\"https:\/\/holawifi.net\/fr\/tecnico-a-instalador-a-de-antenas-y-redes-comunidad-valenciana\/\" aria-label=\"En savoir plus sur Technicien installateur d&#039;antennes et de r\u00e9seaux - Communaut\u00e9 valencienne\" tabindex=\"-1\" >\n\t\t\tLire l'offre \"\t\t<\/a>\n\n\t\t\t\t<\/div>\n\t\t\t\t\t<\/div>\n\t\t<\/article>\n\t\t\t\t<\/div>\n\t\t\n\t\t\t\t\t\t<\/div>\n\t\t\t\t<\/div>\n\t\t\t\t\t<\/div>\n\t\t\t\t<\/div>\n\t\t<div class=\"elementor-element elementor-element-63d063e e-flex e-con-boxed e-con e-parent\" data-id=\"63d063e\" data-element_type=\"container\" data-e-type=\"container\">\n\t\t\t\t\t<div class=\"e-con-inner\">\n\t\t\t\t<div class=\"elementor-element elementor-element-d797f0b elementor-widget elementor-widget-text-editor\" data-id=\"d797f0b\" data-element_type=\"widget\" data-e-type=\"widget\" data-widget_type=\"text-editor.default\">\n\t\t\t\t<div class=\"elementor-widget-container\">\n\t\t\t\t\t\t\t\t\t<p>Chez holaWifi, nous sommes en constante \u00e9volution et nous sommes toujours int\u00e9ress\u00e9s \u00e0 rencontrer des personnes et des professionnels avec du talent, de l'initiative et l'envie de grandir avec nous dans le secteur des t\u00e9l\u00e9communications.<\/p><p>Nous collaborons selon diff\u00e9rentes modalit\u00e9s : de l'incorporation directe \u00e0 notre \u00e9quipe, \u00e0 des accords professionnels autonomes ou \u00e0 des soci\u00e9t\u00e9s de services sp\u00e9cialis\u00e9es.<\/p><p>Nous sommes int\u00e9ress\u00e9s par des profils vari\u00e9s dans diff\u00e9rents domaines : technique, administratif, commercial, strat\u00e9gique, soutien ou sp\u00e9cialisation dans des domaines tels que le marketing, la communication, le service \u00e0 la client\u00e8le ou le d\u00e9veloppement commercial. Nous sommes pr\u00eats \u00e0 explorer de nouvelles id\u00e9es et approches susceptibles de g\u00e9n\u00e9rer de la valeur. Si vous pensez pouvoir contribuer <strong>Nous voulons vous rencontrer !\u00a0<\/strong><\/p><p>Envoyez-nous votre CV et une courte pr\u00e9sentation \u00e0 <strong>empleo@holawifi.net<\/strong>\u00a0ou appuyez sur la touche <strong>\"Postulez pour moi\"<\/strong> et remplir le formulaire\u00a0<\/p>\t\t\t\t\t\t\t\t<\/div>\n\t\t\t\t<\/div>\n\t\t\t\t<div class=\"elementor-element elementor-element-58dac22 elementor-align-left elementor-mobile-align-left elementor-widget elementor-widget-button\" data-id=\"58dac22\" data-element_type=\"widget\" data-e-type=\"widget\" data-widget_type=\"button.default\">\n\t\t\t\t<div class=\"elementor-widget-container\">\n\t\t\t\t\t\t\t\t\t<div class=\"elementor-button-wrapper\">\n\t\t\t\t\t<a class=\"elementor-button elementor-button-link elementor-size-lg\" href=\"#elementor-action%3Aaction%3Dpopup%3Aopen%26settings%3DeyJpZCI6IjIxNzEiLCJ0b2dnbGUiOmZhbHNlfQ%3D%3D\">\n\t\t\t\t\t\t<span class=\"elementor-button-content-wrapper\">\n\t\t\t\t\t\t\t\t\t<span class=\"elementor-button-text\">Postuler<\/span>\n\t\t\t\t\t<\/span>\n\t\t\t\t\t<\/a>\n\t\t\t\t<\/div>\n\t\t\t\t\t\t\t\t<\/div>\n\t\t\t\t<\/div>\n\t\t\t\t\t<\/div>\n\t\t\t\t<\/div>\n\t\t\t\t<\/div>","protected":false},"excerpt":{"rendered":"<p>Chez holaWifi, nous sommes en constante \u00e9volution et nous sommes toujours int\u00e9ress\u00e9s \u00e0 rencontrer des personnes et des professionnels avec du talent, de l'initiative et un d\u00e9sir de grandir avec nous dans le domaine de l'\u00e9ducation.<\/p>","protected":false},"author":14,"featured_media":0,"parent":0,"menu_order":0,"comment_status":"closed","ping_status":"closed","template":"elementor_header_footer","meta":{"_acf_changed":false,"inline_featured_image":false,"footnotes":""},"class_list":["post-2044","page","type-page","status-publish","hentry"],"acf":[],"yoast_head":"<!-- This site is optimized with the Yoast SEO plugin v27.3 - https:\/\/yoast.com\/product\/yoast-seo-wordpress\/ -->\n<title>Empleo | holaWifi<\/title>\n<meta name=\"robots\" content=\"index, follow, max-snippet:-1, max-image-preview:large, max-video-preview:-1\" \/>\n<link rel=\"canonical\" href=\"https:\/\/holawifi.net\/fr\/lemploi\/\" \/>\n<meta property=\"og:locale\" content=\"fr_FR\" \/>\n<meta property=\"og:type\" content=\"article\" \/>\n<meta property=\"og:title\" content=\"Empleo | holaWifi\" \/>\n<meta property=\"og:description\" content=\"En holaWifi, estamos en constante evoluci\u00f3n y siempre nos interesa conocer personas y profesionales con talento, iniciativa y ganas de crecer junto\u00a0 nosotros en el\" \/>\n<meta property=\"og:url\" content=\"https:\/\/holawifi.net\/fr\/lemploi\/\" \/>\n<meta property=\"og:site_name\" content=\"holaWifi\" \/>\n<meta property=\"article:publisher\" content=\"https:\/\/www.facebook.com\/holawifi\/\" \/>\n<meta property=\"article:modified_time\" content=\"2025-08-18T07:44:21+00:00\" \/>\n<meta property=\"og:image\" content=\"https:\/\/holawifi.net\/wp-content\/uploads\/2025\/05\/Banner-HWEM.png\" \/>\n\t<meta property=\"og:image:width\" content=\"1200\" \/>\n\t<meta property=\"og:image:height\" content=\"300\" \/>\n\t<meta property=\"og:image:type\" content=\"image\/png\" \/>\n<meta name=\"twitter:card\" content=\"summary_large_image\" \/>\n<meta name=\"twitter:label1\" content=\"Dur\u00e9e de lecture estim\u00e9e\" \/>\n\t<meta name=\"twitter:data1\" content=\"2 minutes\" \/>\n<script type=\"application\/ld+json\" class=\"yoast-schema-graph\">{\"@context\":\"https:\\\/\\\/schema.org\",\"@graph\":[{\"@type\":\"WebPage\",\"@id\":\"https:\\\/\\\/holawifi.net\\\/empleo\\\/\",\"url\":\"https:\\\/\\\/holawifi.net\\\/empleo\\\/\",\"name\":\"Empleo | holaWifi\",\"isPartOf\":{\"@id\":\"https:\\\/\\\/holawifi.net\\\/#website\"},\"primaryImageOfPage\":{\"@id\":\"https:\\\/\\\/holawifi.net\\\/empleo\\\/#primaryimage\"},\"image\":{\"@id\":\"https:\\\/\\\/holawifi.net\\\/empleo\\\/#primaryimage\"},\"thumbnailUrl\":\"https:\\\/\\\/holawifi.net\\\/wp-content\\\/uploads\\\/2025\\\/05\\\/Banner-HWEM.png\",\"datePublished\":\"2023-05-02T15:54:55+00:00\",\"dateModified\":\"2025-08-18T07:44:21+00:00\",\"breadcrumb\":{\"@id\":\"https:\\\/\\\/holawifi.net\\\/empleo\\\/#breadcrumb\"},\"inLanguage\":\"fr-FR\",\"potentialAction\":[{\"@type\":\"ReadAction\",\"target\":[\"https:\\\/\\\/holawifi.net\\\/empleo\\\/\"]}]},{\"@type\":\"ImageObject\",\"inLanguage\":\"fr-FR\",\"@id\":\"https:\\\/\\\/holawifi.net\\\/empleo\\\/#primaryimage\",\"url\":\"https:\\\/\\\/holawifi.net\\\/wp-content\\\/uploads\\\/2025\\\/05\\\/Banner-HWEM.png\",\"contentUrl\":\"https:\\\/\\\/holawifi.net\\\/wp-content\\\/uploads\\\/2025\\\/05\\\/Banner-HWEM.png\"},{\"@type\":\"BreadcrumbList\",\"@id\":\"https:\\\/\\\/holawifi.net\\\/empleo\\\/#breadcrumb\",\"itemListElement\":[{\"@type\":\"ListItem\",\"position\":1,\"name\":\"Portada\",\"item\":\"https:\\\/\\\/holawifi.net\\\/\"},{\"@type\":\"ListItem\",\"position\":2,\"name\":\"Empleo\"}]},{\"@type\":\"WebSite\",\"@id\":\"https:\\\/\\\/holawifi.net\\\/#website\",\"url\":\"https:\\\/\\\/holawifi.net\\\/\",\"name\":\"holaWifi\",\"description\":\"Internet en Comunidad Valenciana -Velocidades de fibra, vivas donde vivas\",\"publisher\":{\"@id\":\"https:\\\/\\\/holawifi.net\\\/#organization\"},\"potentialAction\":[{\"@type\":\"SearchAction\",\"target\":{\"@type\":\"EntryPoint\",\"urlTemplate\":\"https:\\\/\\\/holawifi.net\\\/?s={search_term_string}\"},\"query-input\":{\"@type\":\"PropertyValueSpecification\",\"valueRequired\":true,\"valueName\":\"search_term_string\"}}],\"inLanguage\":\"fr-FR\"},{\"@type\":\"Organization\",\"@id\":\"https:\\\/\\\/holawifi.net\\\/#organization\",\"name\":\"holaWifi\",\"url\":\"https:\\\/\\\/holawifi.net\\\/\",\"logo\":{\"@type\":\"ImageObject\",\"inLanguage\":\"fr-FR\",\"@id\":\"https:\\\/\\\/holawifi.net\\\/#\\\/schema\\\/logo\\\/image\\\/\",\"url\":\"https:\\\/\\\/holawifi.net\\\/wp-content\\\/uploads\\\/2021\\\/09\\\/cropped-FAVICON_hw.png\",\"contentUrl\":\"https:\\\/\\\/holawifi.net\\\/wp-content\\\/uploads\\\/2021\\\/09\\\/cropped-FAVICON_hw.png\",\"width\":512,\"height\":512,\"caption\":\"holaWifi\"},\"image\":{\"@id\":\"https:\\\/\\\/holawifi.net\\\/#\\\/schema\\\/logo\\\/image\\\/\"},\"sameAs\":[\"https:\\\/\\\/www.facebook.com\\\/holawifi\\\/\",\"https:\\\/\\\/www.instagram.com\\\/holawifi_\\\/\",\"https:\\\/\\\/es.linkedin.com\\\/company\\\/holawifi\"]}]}<\/script>\n<!-- \/ Yoast SEO plugin. -->","yoast_head_json":{"title":"Emploi | helloWifi","robots":{"index":"index","follow":"follow","max-snippet":"max-snippet:-1","max-image-preview":"max-image-preview:large","max-video-preview":"max-video-preview:-1"},"canonical":"https:\/\/holawifi.net\/fr\/lemploi\/","og_locale":"fr_FR","og_type":"article","og_title":"Empleo | holaWifi","og_description":"En holaWifi, estamos en constante evoluci\u00f3n y siempre nos interesa conocer personas y profesionales con talento, iniciativa y ganas de crecer junto\u00a0 nosotros en el","og_url":"https:\/\/holawifi.net\/fr\/lemploi\/","og_site_name":"holaWifi","article_publisher":"https:\/\/www.facebook.com\/holawifi\/","article_modified_time":"2025-08-18T07:44:21+00:00","og_image":[{"width":1200,"height":300,"url":"https:\/\/holawifi.net\/wp-content\/uploads\/2025\/05\/Banner-HWEM.png","type":"image\/png"}],"twitter_card":"summary_large_image","twitter_misc":{"Dur\u00e9e de lecture estim\u00e9e":"2 minutes"},"schema":{"@context":"https:\/\/schema.org","@graph":[{"@type":"WebPage","@id":"https:\/\/holawifi.net\/empleo\/","url":"https:\/\/holawifi.net\/empleo\/","name":"Emploi | helloWifi","isPartOf":{"@id":"https:\/\/holawifi.net\/#website"},"primaryImageOfPage":{"@id":"https:\/\/holawifi.net\/empleo\/#primaryimage"},"image":{"@id":"https:\/\/holawifi.net\/empleo\/#primaryimage"},"thumbnailUrl":"https:\/\/holawifi.net\/wp-content\/uploads\/2025\/05\/Banner-HWEM.png","datePublished":"2023-05-02T15:54:55+00:00","dateModified":"2025-08-18T07:44:21+00:00","breadcrumb":{"@id":"https:\/\/holawifi.net\/empleo\/#breadcrumb"},"inLanguage":"fr-FR","potentialAction":[{"@type":"ReadAction","target":["https:\/\/holawifi.net\/empleo\/"]}]},{"@type":"ImageObject","inLanguage":"fr-FR","@id":"https:\/\/holawifi.net\/empleo\/#primaryimage","url":"https:\/\/holawifi.net\/wp-content\/uploads\/2025\/05\/Banner-HWEM.png","contentUrl":"https:\/\/holawifi.net\/wp-content\/uploads\/2025\/05\/Banner-HWEM.png"},{"@type":"BreadcrumbList","@id":"https:\/\/holawifi.net\/empleo\/#breadcrumb","itemListElement":[{"@type":"ListItem","position":1,"name":"Portada","item":"https:\/\/holawifi.net\/"},{"@type":"ListItem","position":2,"name":"Empleo"}]},{"@type":"WebSite","@id":"https:\/\/holawifi.net\/#website","url":"https:\/\/holawifi.net\/","name":"holaWifi","description":"Internet dans la Communaut\u00e9 autonome de Valence - Des d\u00e9bits de fibre optique, o\u00f9 que vous viviez","publisher":{"@id":"https:\/\/holawifi.net\/#organization"},"potentialAction":[{"@type":"SearchAction","target":{"@type":"EntryPoint","urlTemplate":"https:\/\/holawifi.net\/?s={search_term_string}"},"query-input":{"@type":"PropertyValueSpecification","valueRequired":true,"valueName":"search_term_string"}}],"inLanguage":"fr-FR"},{"@type":"Organization","@id":"https:\/\/holawifi.net\/#organization","name":"holaWifi","url":"https:\/\/holawifi.net\/","logo":{"@type":"ImageObject","inLanguage":"fr-FR","@id":"https:\/\/holawifi.net\/#\/schema\/logo\/image\/","url":"https:\/\/holawifi.net\/wp-content\/uploads\/2021\/09\/cropped-FAVICON_hw.png","contentUrl":"https:\/\/holawifi.net\/wp-content\/uploads\/2021\/09\/cropped-FAVICON_hw.png","width":512,"height":512,"caption":"holaWifi"},"image":{"@id":"https:\/\/holawifi.net\/#\/schema\/logo\/image\/"},"sameAs":["https:\/\/www.facebook.com\/holawifi\/","https:\/\/www.instagram.com\/holawifi_\/","https:\/\/es.linkedin.com\/company\/holawifi"]}]}},"_links":{"self":[{"href":"https:\/\/holawifi.net\/fr\/wp-json\/wp\/v2\/pages\/2044","targetHints":{"allow":["GET"]}}],"collection":[{"href":"https:\/\/holawifi.net\/fr\/wp-json\/wp\/v2\/pages"}],"about":[{"href":"https:\/\/holawifi.net\/fr\/wp-json\/wp\/v2\/types\/page"}],"author":[{"embeddable":true,"href":"https:\/\/holawifi.net\/fr\/wp-json\/wp\/v2\/users\/14"}],"replies":[{"embeddable":true,"href":"https:\/\/holawifi.net\/fr\/wp-json\/wp\/v2\/comments?post=2044"}],"version-history":[{"count":145,"href":"https:\/\/holawifi.net\/fr\/wp-json\/wp\/v2\/pages\/2044\/revisions"}],"predecessor-version":[{"id":5134,"href":"https:\/\/holawifi.net\/fr\/wp-json\/wp\/v2\/pages\/2044\/revisions\/5134"}],"wp:attachment":[{"href":"https:\/\/holawifi.net\/fr\/wp-json\/wp\/v2\/media?parent=2044"}],"curies":[{"name":"wp","href":"https:\/\/api.w.org\/{rel}","templated":true}]}}