{"id":1876,"date":"2022-12-21T10:29:31","date_gmt":"2022-12-21T09:29:31","guid":{"rendered":"https:\/\/holawifi.net\/?page_id=1876"},"modified":"2022-12-21T13:33:00","modified_gmt":"2022-12-21T12:33:00","slug":"politique-en-matiere-de-cookies","status":"publish","type":"page","link":"https:\/\/holawifi.net\/fr\/politica-de-cookies\/","title":{"rendered":"Politique en mati\u00e8re de cookies"},"content":{"rendered":"<p class=\"p1\"><strong>INFORMATIONS SUR LES COOKIES<\/strong><\/p>\n<p class=\"p1\">Conform\u00e9ment \u00e0 la loi 34\/2002, du 11 juillet, sur les services de la soci\u00e9t\u00e9 de l'information et le commerce \u00e9lectronique (LSSI), en relation avec le r\u00e8glement (UE) 2016\/679 du Parlement europ\u00e9en et du Conseil, du 27 avril 2016, R\u00e8glement g\u00e9n\u00e9ral sur la protection des donn\u00e9es (RGPD) et la loi organique 3\/2018, du 5 d\u00e9cembre, sur la protection des donn\u00e9es et la garantie des droits num\u00e9riques (LOPDGDD), il est obligatoire d'obtenir le consentement expr\u00e8s de l'utilisateur de tous les sites Web qui utilisent des cookies dispensables, avant que l'utilisateur ne navigue sur ces derniers.<\/p>\n<p><strong>QU'EST-CE QU'UN BISCUIT ? <\/strong><br \/>\nLes cookies et autres technologies similaires telles que les objets locaux partag\u00e9s, les cookies flash ou les pixels sont des outils utilis\u00e9s par les serveurs web pour stocker et r\u00e9cup\u00e9rer des informations sur leurs visiteurs et pour assurer le bon fonctionnement du site.<\/p>\n<p class=\"p1\">L'utilisation de ces dispositifs permet au serveur web de m\u00e9moriser certaines donn\u00e9es concernant l'utilisateur, telles que ses pr\u00e9f\u00e9rences en mati\u00e8re de consultation des pages de ce serveur, son nom et son mot de passe, les produits qui l'int\u00e9ressent le plus, etc.<\/p>\n<p><strong>COOKIES CONCERN\u00c9S PAR LE R\u00c8GLEMENT ET COOKIES EXEMPT\u00c9S <\/strong><br \/>\nSelon la directive europ\u00e9enne, les cookies qui requi\u00e8rent le consentement \u00e9clair\u00e9 de l'utilisateur sont les cookies analytiques et les cookies publicitaires et d'affiliation, \u00e0 l'exception des cookies techniques et de ceux qui sont n\u00e9cessaires au fonctionnement du site web ou \u00e0 la fourniture de services express\u00e9ment demand\u00e9s par l'utilisateur.<\/p>\n<p class=\"p1\"><strong>TYPES DE COOKIES<\/strong><\/p>\n<p><strong>EN FONCTION DE L'OBJECTIF<\/strong><\/p>\n<ul>\n<li class=\"p1\">Cookies techniques et fonctionnels : il s'agit de cookies qui permettent \u00e0 l'utilisateur de naviguer sur un site web, une plateforme ou une application et d'utiliser les diff\u00e9rentes options ou services qui y sont propos\u00e9s.<\/li>\n<li class=\"p1\">Cookies analytiques : il s'agit de cookies qui permettent au responsable de suivre et d'analyser le comportement des utilisateurs des sites web auxquels ils sont li\u00e9s. Les informations collect\u00e9es par ce type de cookies sont utilis\u00e9es pour mesurer l'activit\u00e9 des sites web, de l'application ou de la plateforme et pour l'\u00e9laboration de profils de navigation des utilisateurs de ces sites, applications et plateformes, afin d'introduire des am\u00e9liorations bas\u00e9es sur l'analyse des donn\u00e9es d'utilisation des utilisateurs du service.<\/li>\n<li class=\"p1\">Cookies publicitaires : ce sont ceux qui permettent de g\u00e9rer, de la mani\u00e8re la plus efficace possible, les espaces publicitaires que, le cas \u00e9ch\u00e9ant, l'\u00e9diteur a inclus sur un site web, une application ou une plateforme \u00e0 partir de laquelle le service demand\u00e9 est fourni, sur la base de crit\u00e8res tels que le contenu \u00e9dit\u00e9 ou la fr\u00e9quence \u00e0 laquelle les publicit\u00e9s sont affich\u00e9es.<\/li>\n<li class=\"p1\">Cookies de publicit\u00e9 comportementale : ils collectent des informations sur les pr\u00e9f\u00e9rences et les choix personnels de l'utilisateur (retargeting) pour permettre de g\u00e9rer, de la mani\u00e8re la plus efficace possible, les espaces publicitaires que, le cas \u00e9ch\u00e9ant, l'\u00e9diteur a inclus sur un site web, une application ou une plateforme \u00e0 partir desquels le service demand\u00e9 est fourni.<\/li>\n<li class=\"p1\">Cookies sociaux : ils sont mis en place par les plateformes de m\u00e9dias sociaux sur les Services pour vous permettre de partager du contenu avec vos amis et r\u00e9seaux. Les plateformes de m\u00e9dias sociaux ont la possibilit\u00e9 de suivre votre activit\u00e9 en ligne en dehors des services. Cela peut affecter le contenu et les messages que vous voyez sur d'autres services que vous visitez.<\/li>\n<li class=\"p1\">Cookies d'affiliation : ils permettent de suivre les visites d'autres sites web avec lesquels le site web a un contrat d'affiliation (soci\u00e9t\u00e9s d'affiliation).<\/li>\n<li class=\"p1\">Cookies de s\u00e9curit\u00e9 : ils stockent des informations crypt\u00e9es afin d'\u00e9viter que les donn\u00e9es qu'ils contiennent ne soient vuln\u00e9rables aux attaques malveillantes de tiers.<\/li>\n<\/ul>\n<p><strong>EN FONCTION DE LA PROPRI\u00c9T\u00c9 <\/strong><\/p>\n<ul>\n<li>Cookies propres : ce sont ceux qui sont envoy\u00e9s \u00e0 l'\u00e9quipement terminal de l'utilisateur \u00e0 partir d'un ordinateur ou d'un domaine g\u00e9r\u00e9 par l'\u00e9diteur lui-m\u00eame et \u00e0 partir duquel le service demand\u00e9 par l'utilisateur est fourni.<\/li>\n<li>Cookies de tiers : il s'agit de cookies envoy\u00e9s \u00e0 l'\u00e9quipement terminal de l'utilisateur \u00e0 partir d'un ordinateur ou d'un domaine qui n'est pas g\u00e9r\u00e9 par l'\u00e9diteur, mais par une autre entit\u00e9 qui traite les donn\u00e9es obtenues par le biais des cookies.<\/li>\n<\/ul>\n<p><strong>EN FONCTION DE LA DUR\u00c9E DE CONSERVATION <\/strong><\/p>\n<ul>\n<li>Cookies de session : il s'agit d'un type de cookie con\u00e7u pour collecter et stocker des donn\u00e9es pendant que l'utilisateur acc\u00e8de \u00e0 une page web.<\/li>\n<li>Cookies persistants : il s'agit d'un type de cookie dans lequel les donn\u00e9es restent stock\u00e9es dans le terminal et peuvent \u00eatre consult\u00e9es et trait\u00e9es pendant une p\u00e9riode d\u00e9finie par le responsable du cookie, qui peut aller de quelques minutes \u00e0 plusieurs ann\u00e9es.<\/li>\n<\/ul>\n<p class=\"p1\"><strong>TRAITEMENT DES DONN\u00c9ES \u00c0 CARACT\u00c8RE PERSONNEL<\/strong><\/p>\n<p>HOLAWIFI COMERCIALIZADORA, S.L. est le contr\u00f4leur des donn\u00e9es personnelles de la personne concern\u00e9e et vous informe que ces donn\u00e9es seront trait\u00e9es conform\u00e9ment aux dispositions du R\u00e8glement (UE) 2016\/679, du 27 avril 2016 (GDPR), pour lequel vous \u00eates fourni avec les informations de traitement suivantes :<\/p>\n<p><strong>Objectifs du traitement :<\/strong> comme sp\u00e9cifi\u00e9 dans la section sur les cookies utilis\u00e9s sur ce site web.<\/p>\n<p><strong>L\u00e9gitimation du traitement :<\/strong> sauf dans les cas o\u00f9 cela est n\u00e9cessaire pour naviguer sur le site web, avec le consentement de la personne concern\u00e9e (article 6, paragraphe 1, du RGPD).<\/p>\n<p>Crit\u00e8res de conservation des donn\u00e9es : tels que sp\u00e9cifi\u00e9s dans la section relative aux cookies utilis\u00e9s sur le site web. Communication des donn\u00e9es : les donn\u00e9es ne seront pas communiqu\u00e9es \u00e0 des tiers, sauf dans les cookies appartenant \u00e0 des tiers ou par obligation l\u00e9gale.<\/p>\n<p><strong>Droits de la partie int\u00e9ress\u00e9e :<\/strong><br \/>\n- Droit de retirer son consentement \u00e0 tout moment.<br \/>\n- Le droit d'acc\u00e8s, de rectification, de portabilit\u00e9 et d'effacement de vos donn\u00e9es, ainsi que le droit de limiter leur traitement ou de s'y opposer.<br \/>\n- Le droit d'introduire une r\u00e9clamation aupr\u00e8s de l'autorit\u00e9 de contr\u00f4le (www.aepd.es) si vous estimez que le traitement n'est pas conforme \u00e0 la r\u00e9glementation en vigueur.<\/p>\n<p>Coordonn\u00e9es pour l'exercice de vos droits :<\/p>\n<p>HOLAWIFI COMERCIALIZADORA, S.L.. Calle Segar\u00eda, 1 2 4 - 03760 Ondara (Alacant). E-mail : info@holawifi.net Coordonn\u00e9es du d\u00e9l\u00e9gu\u00e9 \u00e0 la protection des donn\u00e9es : Avda. Albaida, 19, 46870 Ontinyent - dpd@ontidata.es<\/p>\n<p>&nbsp;<\/p>\n<p class=\"p1\"><b>COOKIES<\/b><b> <\/b><b>USED<\/b><b> <\/b><b>FR<\/b><b> <\/b><b>CECI<\/b><b> <\/b><b>SITE WEB<\/b><b> <\/b><b>WEB<\/b><\/p>\n<p class=\"p3\"><b>COOKIES<\/b><b> <\/b><b>CONTR\u00d4L\u00c9<\/b><b> <\/b><b>BY<\/b><b> <\/b><b>EL<\/b><b> <\/b><b>R\u00c9DACTEUR<\/b><\/p>\n<p class=\"p5\">Aucun cookie contr\u00f4l\u00e9 par l'\u00e9diteur n'est install\u00e9<\/p>\n<p class=\"p6\"><b>COOKIES<\/b><b> <\/b><b>DE<\/b><b> <\/b><b>TROISI\u00c8ME PARTIE<\/b><\/p>\n<p class=\"p7\">Les services de tiers \u00e9chappent au contr\u00f4le de l'\u00e9diteur. Les fournisseurs peuvent modifier \u00e0 tout moment leurs conditions de service, la finalit\u00e9 et l'utilisation des cookies, etc.<\/p>\n<p class=\"p9\"><b>Fournisseurs<\/b><b> <\/b><b>externe<\/b><b> <\/b><b>de<\/b><b> <\/b><b>cette<\/b><b> <\/b><b>site<\/b><b> <\/b><b>web :<\/b><\/p>\n<p class=\"p10\">Aucun cookie contr\u00f4l\u00e9 par des tiers n'est install\u00e9<\/p>\n<p class=\"p11\"><b>PANEL<\/b><b> <\/b><b>DE<\/b><b> <\/b><b>CONFIGURATION<\/b><b> <\/b><b>DE<\/b><b> <\/b><b>COOKIES<\/b><\/p>\n<p class=\"p7\">Depuis ce panneau, vous pouvez con\ufb01gurer les cookies que le site web peut installer sur votre navigateur, \u00e0 l'exception des cookies techniques ou fonctionnels qui sont n\u00e9cessaires \u00e0 la navigation et \u00e0 l'utilisation des diff\u00e9rentes options ou services propos\u00e9s.<\/p>\n<p class=\"p12\"><span class=\"s6\"><a href=\"https:\/\/holawifi.net\/fr\/panel-de-cookies\/\">Panneau de cookies<\/a><\/span><\/p>\n<table class=\"t1\" cellspacing=\"0\" cellpadding=\"0\">\n<tbody>\n<tr>\n<td class=\"td1\" valign=\"top\">\n<p class=\"p14\"><b>COMMENT<\/b><b> <\/b><b>G\u00c9RER<\/b><b> <\/b><b>LE<\/b><b> <\/b><b>COOKIES<\/b><b> <\/b><b>DE<\/b><b> <\/b><b>EL<\/b><b> <\/b><b>BROWSER<\/b><\/p>\n<\/td>\n<\/tr>\n<tr>\n<td class=\"td2\" valign=\"top\">\n<p class=\"p16\"><b>Supprimer<\/b><b> <\/b><b>les<\/b><b> <\/b><b>biscuits<\/b><b> <\/b><b>de<\/b><b> <\/b><b>dispositif<\/b><\/p>\n<\/td>\n<td class=\"td2\" valign=\"top\">\n<p class=\"p17\">Les cookies qui se trouvent d\u00e9j\u00e0 sur un appareil peuvent \u00eatre supprim\u00e9s en effa\u00e7ant l'historique du navigateur, ce qui supprime les cookies de tous les sites web visit\u00e9s.<\/p>\n<p class=\"p16\">Toutefois, certaines des informations enregistr\u00e9es (par exemple, les donn\u00e9es de connexion ou les pr\u00e9f\u00e9rences du site web) peuvent \u00e9galement \u00eatre perdues.<\/p>\n<\/td>\n<\/tr>\n<tr>\n<td class=\"td3\" valign=\"top\">\n<p class=\"p17\"><b>G\u00e9rer<\/b><b> <\/b><b>les<\/b><b> <\/b><b>biscuits<\/b><b> <\/b><b>speci\ufb01c<\/b><b> <\/b><b>de<\/b><b> <\/b><b>site<\/b><\/p>\n<\/td>\n<td class=\"td3\" valign=\"top\">\n<p class=\"p17\">Pour avoir un contr\u00f4le plus pr\u00e9cis sur les cookies sp\u00e9cifiques \u00e0 un site, les utilisateurs peuvent ajuster leurs param\u00e8tres de confidentialit\u00e9 et de cookies dans leur navigateur.<\/p>\n<\/td>\n<\/tr>\n<tr>\n<td class=\"td4\" valign=\"top\">\n<p class=\"p16\"><b>Bloc<\/b><b> <\/b><b>les<\/b><b> <\/b><b>biscuits<\/b><\/p>\n<\/td>\n<td class=\"td4\" valign=\"top\">\n<p class=\"p17\">Bien que la plupart des navigateurs modernes puissent \u00eatre configur\u00e9s pour emp\u00eacher l'installation de cookies sur votre appareil, cela peut vous obliger \u00e0 ajuster manuellement certaines pr\u00e9f\u00e9rences chaque fois que vous visitez un site ou une page. En outre, certains services et fonctionnalit\u00e9s peuvent ne pas fonctionner correctement (par exemple, les connexions per\ufb01l).<\/p>\n<\/td>\n<\/tr>\n<tr>\n<td class=\"td5\" valign=\"top\">\n<p class=\"p19\"><b>COMMENT<\/b><b> <\/b><b>ENLEVER<\/b><b> <\/b><b>LE<\/b><b> <\/b><b>COOKIES<\/b><b> <\/b><b>DE<\/b><b> <\/b><b>LE<\/b><b> <\/b><b>NAVIGATEURS<\/b><b> <\/b><b>PLUS<\/b><b> <\/b><b>COMMUN<\/b><\/p>\n<\/td>\n<\/tr>\n<tr>\n<td class=\"td2\" valign=\"top\">\n<p class=\"p20\"><b>Chrome<\/b><\/p>\n<\/td>\n<td class=\"td2\" valign=\"top\">\n<p class=\"p21\"><span class=\"s6\"><a href=\"http:\/\/support.google.com\/chrome\/answer\/95647?hl=es\">http:\/\/support.google.com\/chrome\/answer\/95647?hl=es<\/a><\/span><\/p>\n<\/td>\n<\/tr>\n<tr>\n<td class=\"td3\" valign=\"top\">\n<p class=\"p20\"><b>Bord<\/b><\/p>\n<\/td>\n<td class=\"td3\" valign=\"top\">\n<p class=\"p21\"><span class=\"s6\"><a href=\"https:\/\/support.microsoft.com\/es-es\/microsoft-edge\/eliminar-las-cookies-en-microsoft-edge-63947406-40ac-c3b8-57b9-2a946a29ae09\">https:\/\/support.microsoft.com\/es-es\/microsoft-edge\/eliminar-las-cookies-en-microsoft-edge-63947406-40ac-c3b8-57b9-2a946a29ae09<\/a><\/span><\/p>\n<\/td>\n<\/tr>\n<tr>\n<td class=\"td3\" valign=\"top\">\n<p class=\"p20\"><b>Explorateur<\/b><\/p>\n<\/td>\n<td class=\"td3\" valign=\"top\">\n<p class=\"p21\"><span class=\"s6\"><a href=\"https:\/\/support.microsoft.com\/es-es\/help\/278835\/how-to-delete-cookie-files-in-internet-explorer\">https:\/\/support.microsoft.com\/es-es\/help\/278835\/how-to-delete-cookie-\ufb01les-in-internet-explorer<\/a><\/span><\/p>\n<\/td>\n<\/tr>\n<tr>\n<td class=\"td3\" valign=\"top\">\n<p class=\"p20\"><b>Firefox<\/b><\/p>\n<\/td>\n<td class=\"td3\" valign=\"top\">\n<p class=\"p21\"><span class=\"s6\"><a href=\"https:\/\/www.mozilla.org\/es-ES\/privacy\/websites\/#cookies\">https:\/\/www.mozilla.org\/es-ES\/privacy\/websites\/#cookies<\/a><\/span><\/p>\n<\/td>\n<\/tr>\n<tr>\n<td class=\"td3\" valign=\"top\">\n<p class=\"p20\"><b>Safari<\/b><\/p>\n<\/td>\n<td class=\"td3\" valign=\"top\">\n<p class=\"p21\"><span class=\"s6\"><a href=\"https:\/\/support.apple.com\/es-es\/guide\/safari\/sfri11471\/mac\">https:\/\/support.apple.com\/es-es\/guide\/safari\/sfri11471\/mac<\/a><\/span><\/p>\n<\/td>\n<\/tr>\n<tr>\n<td class=\"td3\" valign=\"top\">\n<p class=\"p20\"><b>Op\u00e9ra<\/b><\/p>\n<\/td>\n<td class=\"td3\" valign=\"top\">\n<p class=\"p21\"><span class=\"s6\"><a href=\"https:\/\/help.opera.com\/en\/latest\/security-and-privacy\/#clearBrowsingData\">https:\/\/help.opera.com\/en\/latest\/security-and-privacy\/#clearBrowsingData<\/a><\/span><\/p>\n<\/td>\n<\/tr>\n<\/tbody>\n<\/table>","protected":false},"excerpt":{"rendered":"<p>INFORMACI\u00d3N SOBRE COOKIES Conforme con la Ley 34\/2002, de 11 de julio, de servicios de la sociedad de la informaci\u00f3n y de comercio electr\u00f3nico (LSSI), en relaci\u00f3n con el Reglamento (UE) 2016\/679 del Parlamento Europeo y del Consejo, de 27 de abril de 2016, General de Protecci\u00f3n de Datos (GDPR) y la Ley Org\u00e1nica 3\/2018, [&hellip;]<\/p>\n","protected":false},"author":14,"featured_media":0,"parent":0,"menu_order":0,"comment_status":"closed","ping_status":"closed","template":"","meta":{"_acf_changed":false,"inline_featured_image":false,"footnotes":""},"class_list":["post-1876","page","type-page","status-publish","hentry"],"acf":[],"yoast_head":"<!-- This site is optimized with the Yoast SEO plugin v27.3 - https:\/\/yoast.com\/product\/yoast-seo-wordpress\/ -->\n<title>Pol\u00edtica de cookies | holaWifi<\/title>\n<meta name=\"robots\" content=\"index, follow, max-snippet:-1, max-image-preview:large, max-video-preview:-1\" \/>\n<link rel=\"canonical\" href=\"https:\/\/holawifi.net\/fr\/politique-en-matiere-de-cookies\/\" \/>\n<meta property=\"og:locale\" content=\"fr_FR\" \/>\n<meta property=\"og:type\" content=\"article\" \/>\n<meta property=\"og:title\" content=\"Pol\u00edtica de cookies | holaWifi\" \/>\n<meta property=\"og:description\" content=\"INFORMACI\u00d3N SOBRE COOKIES Conforme con la Ley 34\/2002, de 11 de julio, de servicios de la sociedad de la informaci\u00f3n y de comercio electr\u00f3nico (LSSI), en relaci\u00f3n con el Reglamento (UE) 2016\/679 del Parlamento Europeo y del Consejo, de 27 de abril de 2016, General de Protecci\u00f3n de Datos (GDPR) y la Ley Org\u00e1nica 3\/2018, [&hellip;]\" \/>\n<meta property=\"og:url\" content=\"https:\/\/holawifi.net\/fr\/politique-en-matiere-de-cookies\/\" \/>\n<meta property=\"og:site_name\" content=\"holaWifi\" \/>\n<meta property=\"article:publisher\" content=\"https:\/\/www.facebook.com\/holawifi\/\" \/>\n<meta property=\"article:modified_time\" content=\"2022-12-21T12:33:00+00:00\" \/>\n<meta property=\"og:image\" content=\"https:\/\/holawifi.net\/wp-content\/uploads\/2025\/11\/13.jpg\" \/>\n\t<meta property=\"og:image:width\" content=\"1088\" \/>\n\t<meta property=\"og:image:height\" content=\"960\" \/>\n\t<meta property=\"og:image:type\" content=\"image\/jpeg\" \/>\n<meta name=\"twitter:card\" content=\"summary_large_image\" \/>\n<meta name=\"twitter:label1\" content=\"Dur\u00e9e de lecture estim\u00e9e\" \/>\n\t<meta name=\"twitter:data1\" content=\"6 minutes\" \/>\n<script type=\"application\/ld+json\" class=\"yoast-schema-graph\">{\"@context\":\"https:\\\/\\\/schema.org\",\"@graph\":[{\"@type\":\"WebPage\",\"@id\":\"https:\\\/\\\/holawifi.net\\\/politica-de-cookies\\\/\",\"url\":\"https:\\\/\\\/holawifi.net\\\/politica-de-cookies\\\/\",\"name\":\"Pol\u00edtica de cookies | holaWifi\",\"isPartOf\":{\"@id\":\"https:\\\/\\\/holawifi.net\\\/#website\"},\"datePublished\":\"2022-12-21T09:29:31+00:00\",\"dateModified\":\"2022-12-21T12:33:00+00:00\",\"breadcrumb\":{\"@id\":\"https:\\\/\\\/holawifi.net\\\/politica-de-cookies\\\/#breadcrumb\"},\"inLanguage\":\"fr-FR\",\"potentialAction\":[{\"@type\":\"ReadAction\",\"target\":[\"https:\\\/\\\/holawifi.net\\\/politica-de-cookies\\\/\"]}]},{\"@type\":\"BreadcrumbList\",\"@id\":\"https:\\\/\\\/holawifi.net\\\/politica-de-cookies\\\/#breadcrumb\",\"itemListElement\":[{\"@type\":\"ListItem\",\"position\":1,\"name\":\"Portada\",\"item\":\"https:\\\/\\\/holawifi.net\\\/\"},{\"@type\":\"ListItem\",\"position\":2,\"name\":\"Pol\u00edtica de cookies\"}]},{\"@type\":\"WebSite\",\"@id\":\"https:\\\/\\\/holawifi.net\\\/#website\",\"url\":\"https:\\\/\\\/holawifi.net\\\/\",\"name\":\"holaWifi\",\"description\":\"Internet en Comunidad Valenciana -Velocidades de fibra, vivas donde vivas\",\"publisher\":{\"@id\":\"https:\\\/\\\/holawifi.net\\\/#organization\"},\"potentialAction\":[{\"@type\":\"SearchAction\",\"target\":{\"@type\":\"EntryPoint\",\"urlTemplate\":\"https:\\\/\\\/holawifi.net\\\/?s={search_term_string}\"},\"query-input\":{\"@type\":\"PropertyValueSpecification\",\"valueRequired\":true,\"valueName\":\"search_term_string\"}}],\"inLanguage\":\"fr-FR\"},{\"@type\":\"Organization\",\"@id\":\"https:\\\/\\\/holawifi.net\\\/#organization\",\"name\":\"holaWifi\",\"url\":\"https:\\\/\\\/holawifi.net\\\/\",\"logo\":{\"@type\":\"ImageObject\",\"inLanguage\":\"fr-FR\",\"@id\":\"https:\\\/\\\/holawifi.net\\\/#\\\/schema\\\/logo\\\/image\\\/\",\"url\":\"https:\\\/\\\/holawifi.net\\\/wp-content\\\/uploads\\\/2021\\\/09\\\/cropped-FAVICON_hw.png\",\"contentUrl\":\"https:\\\/\\\/holawifi.net\\\/wp-content\\\/uploads\\\/2021\\\/09\\\/cropped-FAVICON_hw.png\",\"width\":512,\"height\":512,\"caption\":\"holaWifi\"},\"image\":{\"@id\":\"https:\\\/\\\/holawifi.net\\\/#\\\/schema\\\/logo\\\/image\\\/\"},\"sameAs\":[\"https:\\\/\\\/www.facebook.com\\\/holawifi\\\/\",\"https:\\\/\\\/www.instagram.com\\\/holawifi_\\\/\",\"https:\\\/\\\/es.linkedin.com\\\/company\\\/holawifi\"]}]}<\/script>\n<!-- \/ Yoast SEO plugin. -->","yoast_head_json":{"title":"Politique en mati\u00e8re de cookies | holaWifi","robots":{"index":"index","follow":"follow","max-snippet":"max-snippet:-1","max-image-preview":"max-image-preview:large","max-video-preview":"max-video-preview:-1"},"canonical":"https:\/\/holawifi.net\/fr\/politique-en-matiere-de-cookies\/","og_locale":"fr_FR","og_type":"article","og_title":"Pol\u00edtica de cookies | holaWifi","og_description":"INFORMACI\u00d3N SOBRE COOKIES Conforme con la Ley 34\/2002, de 11 de julio, de servicios de la sociedad de la informaci\u00f3n y de comercio electr\u00f3nico (LSSI), en relaci\u00f3n con el Reglamento (UE) 2016\/679 del Parlamento Europeo y del Consejo, de 27 de abril de 2016, General de Protecci\u00f3n de Datos (GDPR) y la Ley Org\u00e1nica 3\/2018, [&hellip;]","og_url":"https:\/\/holawifi.net\/fr\/politique-en-matiere-de-cookies\/","og_site_name":"holaWifi","article_publisher":"https:\/\/www.facebook.com\/holawifi\/","article_modified_time":"2022-12-21T12:33:00+00:00","og_image":[{"width":1088,"height":960,"url":"https:\/\/holawifi.net\/wp-content\/uploads\/2025\/11\/13.jpg","type":"image\/jpeg"}],"twitter_card":"summary_large_image","twitter_misc":{"Dur\u00e9e de lecture estim\u00e9e":"6 minutes"},"schema":{"@context":"https:\/\/schema.org","@graph":[{"@type":"WebPage","@id":"https:\/\/holawifi.net\/politica-de-cookies\/","url":"https:\/\/holawifi.net\/politica-de-cookies\/","name":"Politique en mati\u00e8re de cookies | holaWifi","isPartOf":{"@id":"https:\/\/holawifi.net\/#website"},"datePublished":"2022-12-21T09:29:31+00:00","dateModified":"2022-12-21T12:33:00+00:00","breadcrumb":{"@id":"https:\/\/holawifi.net\/politica-de-cookies\/#breadcrumb"},"inLanguage":"fr-FR","potentialAction":[{"@type":"ReadAction","target":["https:\/\/holawifi.net\/politica-de-cookies\/"]}]},{"@type":"BreadcrumbList","@id":"https:\/\/holawifi.net\/politica-de-cookies\/#breadcrumb","itemListElement":[{"@type":"ListItem","position":1,"name":"Portada","item":"https:\/\/holawifi.net\/"},{"@type":"ListItem","position":2,"name":"Pol\u00edtica de cookies"}]},{"@type":"WebSite","@id":"https:\/\/holawifi.net\/#website","url":"https:\/\/holawifi.net\/","name":"holaWifi","description":"Internet dans la Communaut\u00e9 autonome de Valence - Des d\u00e9bits de fibre optique, o\u00f9 que vous viviez","publisher":{"@id":"https:\/\/holawifi.net\/#organization"},"potentialAction":[{"@type":"SearchAction","target":{"@type":"EntryPoint","urlTemplate":"https:\/\/holawifi.net\/?s={search_term_string}"},"query-input":{"@type":"PropertyValueSpecification","valueRequired":true,"valueName":"search_term_string"}}],"inLanguage":"fr-FR"},{"@type":"Organization","@id":"https:\/\/holawifi.net\/#organization","name":"holaWifi","url":"https:\/\/holawifi.net\/","logo":{"@type":"ImageObject","inLanguage":"fr-FR","@id":"https:\/\/holawifi.net\/#\/schema\/logo\/image\/","url":"https:\/\/holawifi.net\/wp-content\/uploads\/2021\/09\/cropped-FAVICON_hw.png","contentUrl":"https:\/\/holawifi.net\/wp-content\/uploads\/2021\/09\/cropped-FAVICON_hw.png","width":512,"height":512,"caption":"holaWifi"},"image":{"@id":"https:\/\/holawifi.net\/#\/schema\/logo\/image\/"},"sameAs":["https:\/\/www.facebook.com\/holawifi\/","https:\/\/www.instagram.com\/holawifi_\/","https:\/\/es.linkedin.com\/company\/holawifi"]}]}},"_links":{"self":[{"href":"https:\/\/holawifi.net\/fr\/wp-json\/wp\/v2\/pages\/1876","targetHints":{"allow":["GET"]}}],"collection":[{"href":"https:\/\/holawifi.net\/fr\/wp-json\/wp\/v2\/pages"}],"about":[{"href":"https:\/\/holawifi.net\/fr\/wp-json\/wp\/v2\/types\/page"}],"author":[{"embeddable":true,"href":"https:\/\/holawifi.net\/fr\/wp-json\/wp\/v2\/users\/14"}],"replies":[{"embeddable":true,"href":"https:\/\/holawifi.net\/fr\/wp-json\/wp\/v2\/comments?post=1876"}],"version-history":[{"count":2,"href":"https:\/\/holawifi.net\/fr\/wp-json\/wp\/v2\/pages\/1876\/revisions"}],"predecessor-version":[{"id":1880,"href":"https:\/\/holawifi.net\/fr\/wp-json\/wp\/v2\/pages\/1876\/revisions\/1880"}],"wp:attachment":[{"href":"https:\/\/holawifi.net\/fr\/wp-json\/wp\/v2\/media?parent=1876"}],"curies":[{"name":"wp","href":"https:\/\/api.w.org\/{rel}","templated":true}]}}