{"id":1871,"date":"2022-12-21T10:03:30","date_gmt":"2022-12-21T09:03:30","guid":{"rendered":"https:\/\/holawifi.net\/?page_id=1871"},"modified":"2022-12-21T13:33:40","modified_gmt":"2022-12-21T12:33:40","slug":"politique-de-confidentialite","status":"publish","type":"page","link":"https:\/\/holawifi.net\/fr\/politica-de-privacidad\/","title":{"rendered":"Politique de confidentialit\u00e9"},"content":{"rendered":"<p class=\"p1\"><strong>POLITIQUE DE CONFIDENTIALIT\u00c9<\/strong><\/p>\n<p class=\"p1\"><strong>1. INFORMATIONS SUR L'UTILISATEUR<\/strong><\/p>\n<p class=\"p1\"><strong>Qui est responsable du traitement de vos donn\u00e9es personnelles ?<\/strong><br \/>\nHOLAWIFI COMERCIALIZADORA, S.L. est RESPONSABLE du traitement des donn\u00e9es personnelles de l'UTILISATEUR et vous informe que ces donn\u00e9es seront trait\u00e9es conform\u00e9ment aux dispositions du r\u00e8glement (UE) 2016\/679, du 27 avril (GDPR), et de la loi organique 3\/2018, du 5 d\u00e9cembre (LOPDGDD).<\/p>\n<p class=\"p1\"><strong>Dans quel but et pourquoi traitons-nous vos donn\u00e9es personnelles ?<\/strong><br \/>\nSelon la forme sous laquelle nous avons obtenu vos donn\u00e9es personnelles, nous les traiterons de mani\u00e8re confidentielle aux fins suivantes :<\/p>\n<p><strong>Combien de temps conserverons-nous vos donn\u00e9es personnelles ?<\/strong><br \/>\nElles sont conserv\u00e9es pendant une dur\u00e9e n'exc\u00e9dant pas celle n\u00e9cessaire pour atteindre la finalit\u00e9 du traitement ou pour r\u00e9pondre \u00e0 des exigences l\u00e9gales imposant leur conservation et, lorsqu'elles ne sont plus n\u00e9cessaires \u00e0 cette finalit\u00e9, elles sont effac\u00e9es avec des mesures de s\u00e9curit\u00e9 appropri\u00e9es pour garantir l'anonymisation des donn\u00e9es ou leur destruction totale.<\/p>\n<p><strong>\u00c0 qui fournissons-nous vos donn\u00e9es personnelles ?<\/strong><br \/>\nAucune communication de donn\u00e9es \u00e0 caract\u00e8re personnel \u00e0 des tiers n'est pr\u00e9vue, sauf, si cela est n\u00e9cessaire au d\u00e9veloppement et \u00e0 l'ex\u00e9cution des finalit\u00e9s du traitement, \u00e0 nos prestataires de services li\u00e9s aux communications, avec lesquels le RESPONSABLE a sign\u00e9 les contrats de confidentialit\u00e9 et de traitement des donn\u00e9es requis par la r\u00e9glementation en vigueur en mati\u00e8re de protection de la vie priv\u00e9e.<\/p>\n<p><strong>Quels sont vos droits ?<\/strong><br \/>\nLes droits de l'UTILISATEUR sont les suivants :<\/p>\n<ul>\n<li>Droit de retirer son consentement \u00e0 tout moment.<\/li>\n<li>Le droit d'acc\u00e8s, de rectification, de portabilit\u00e9 et d'effacement de vos donn\u00e9es, ainsi que le droit de limiter leur traitement ou de s'y opposer.<\/li>\n<li>Le droit d'introduire une r\u00e9clamation aupr\u00e8s de l'autorit\u00e9 de contr\u00f4le (www.aepd.es) si vous estimez que le traitement n'est pas conforme \u00e0 la r\u00e9glementation en vigueur.<\/li>\n<\/ul>\n<p><strong>Coordonn\u00e9es pour l'exercice de vos droits :<\/strong><br \/>\nHOLAWIFI COMERCIALIZADORA, S.L.. Calle Segar\u00eda, 1 2 4 - 03760 Ondara (Alacant). E-mail : info@holawifi.net Coordonn\u00e9es du d\u00e9l\u00e9gu\u00e9 \u00e0 la protection des donn\u00e9es : Avda. Albaida, 19, 46870 Ontinyent - dpd@ontidata.es<\/p>\n<p><strong>2. LE CARACT\u00c8RE OBLIGATOIRE OU FACULTATIF DES INFORMATIONS FOURNIES PAR L'UTILISATEUR<\/strong><\/p>\n<p>L'UTILISATEUR, en cochant les cases correspondantes et en saisissant des donn\u00e9es dans les champs marqu\u00e9s d'un ast\u00e9risque (*) dans le formulaire de contact ou pr\u00e9sent\u00e9s dans les formulaires de t\u00e9l\u00e9chargement, accepte express\u00e9ment, librement et sans \u00e9quivoque que ses donn\u00e9es soient n\u00e9cessaires pour r\u00e9pondre \u00e0 sa demande, par le fournisseur, \u00e9tant volontaire l'inclusion de donn\u00e9es dans les champs restants. L'UTILISATEUR garantit que les donn\u00e9es personnelles fournies au RESPONSABLE sont v\u00e9ridiques et est responsable de la communication de tout changement les concernant.<\/p>\n<p class=\"p1\">Le RESPONSABLE informe que toutes les donn\u00e9es demand\u00e9es par le biais du site web sont obligatoires, car elles sont n\u00e9cessaires \u00e0 la fourniture d'un service optimal \u00e0 l'UTILISATEUR. Si toutes les donn\u00e9es ne sont pas fournies, il n'est pas garanti que les informations et les services fournis seront parfaitement adapt\u00e9s \u00e0 vos besoins.<\/p>\n<p class=\"p1\"><strong>3. LES MESURES DE S\u00c9CURIT\u00c9<\/strong><\/p>\n<p class=\"p1\">Que conform\u00e9ment aux dispositions de la r\u00e9glementation en vigueur en mati\u00e8re de protection des donn\u00e9es personnelles, le RESPONSABLE respecte l'ensemble des dispositions du GDPR et du r\u00e8glement LOPDGDD pour le traitement des donn\u00e9es personnelles sous sa responsabilit\u00e9, et manifestement les principes d\u00e9crits \u00e0 l'article 5 du GDPR, selon lesquels elles sont trait\u00e9es de mani\u00e8re licite, loyale et transparente \u00e0 l'\u00e9gard de la personne concern\u00e9e et sont ad\u00e9quates, pertinentes et limit\u00e9es \u00e0 ce qui est n\u00e9cessaire au regard des finalit\u00e9s pour lesquelles elles sont trait\u00e9es.<\/p>\n<p class=\"p1\">Le RESPONSABLE garantit qu'il a mis en \u0153uvre les politiques techniques et organisationnelles appropri\u00e9es pour appliquer les mesures de s\u00e9curit\u00e9 \u00e9tablies par le GDPR et la LOPDGDD afin de prot\u00e9ger les droits et libert\u00e9s des UTILISATEURS et qu'il leur a communiqu\u00e9 les informations appropri\u00e9es pour qu'ils puissent les exercer.<\/p>\n<p class=\"p1\">Pour plus d'information sur les garanties de confidentialit\u00e9, vous pouvez contacter le RESPONSABLE par l'interm\u00e9diaire de HOLAWIFI COMERCIALIZADORA, S.L.. Calle Segar\u00eda, 1 2 4 - 03760 Ondara (Alacant). Courrier \u00e9lectronique : info@holawifi.net<br \/>\nCoordonn\u00e9es du d\u00e9l\u00e9gu\u00e9 \u00e0 la protection des donn\u00e9es : Avda. Albaida, 19, 46870 Ontinyent - dpd@ontidata.es<\/p>","protected":false},"excerpt":{"rendered":"<p>POL\u00cdTICA DE PRIVACIDAD 1. INFORMACI\u00d3N AL USUARIO \u00bfQui\u00e9n es el responsable del tratamiento de tus datos personales? HOLAWIFI COMERCIALIZADORA, S.L. es el RESPONSABLE del tratamiento de los datos personales del USUARIO y le informa de que estos datos ser\u00e1n tratados de conformidad con lo dispuesto en el Reglamento (UE) 2016\/679, de 27 de abril (GDPR), [&hellip;]<\/p>\n","protected":false},"author":14,"featured_media":0,"parent":0,"menu_order":0,"comment_status":"closed","ping_status":"closed","template":"","meta":{"_acf_changed":false,"inline_featured_image":false,"footnotes":""},"class_list":["post-1871","page","type-page","status-publish","hentry"],"acf":[],"yoast_head":"<!-- This site is optimized with the Yoast SEO plugin v27.3 - https:\/\/yoast.com\/product\/yoast-seo-wordpress\/ -->\n<title>Pol\u00edtica de privacidad | holaWifi<\/title>\n<meta name=\"robots\" content=\"noindex, follow\" \/>\n<meta property=\"og:locale\" content=\"fr_FR\" \/>\n<meta property=\"og:type\" content=\"article\" \/>\n<meta property=\"og:title\" content=\"Pol\u00edtica de privacidad | holaWifi\" \/>\n<meta property=\"og:description\" content=\"POL\u00cdTICA DE PRIVACIDAD 1. INFORMACI\u00d3N AL USUARIO \u00bfQui\u00e9n es el responsable del tratamiento de tus datos personales? HOLAWIFI COMERCIALIZADORA, S.L. es el RESPONSABLE del tratamiento de los datos personales del USUARIO y le informa de que estos datos ser\u00e1n tratados de conformidad con lo dispuesto en el Reglamento (UE) 2016\/679, de 27 de abril (GDPR), [&hellip;]\" \/>\n<meta property=\"og:url\" content=\"https:\/\/holawifi.net\/fr\/politique-de-confidentialite\/\" \/>\n<meta property=\"og:site_name\" content=\"holaWifi\" \/>\n<meta property=\"article:publisher\" content=\"https:\/\/www.facebook.com\/holawifi\/\" \/>\n<meta property=\"article:modified_time\" content=\"2022-12-21T12:33:40+00:00\" \/>\n<meta property=\"og:image\" content=\"https:\/\/holawifi.net\/wp-content\/uploads\/2025\/11\/13.jpg\" \/>\n\t<meta property=\"og:image:width\" content=\"1088\" \/>\n\t<meta property=\"og:image:height\" content=\"960\" \/>\n\t<meta property=\"og:image:type\" content=\"image\/jpeg\" \/>\n<meta name=\"twitter:card\" content=\"summary_large_image\" \/>\n<meta name=\"twitter:label1\" content=\"Dur\u00e9e de lecture estim\u00e9e\" \/>\n\t<meta name=\"twitter:data1\" content=\"3 minutes\" \/>\n<script type=\"application\/ld+json\" class=\"yoast-schema-graph\">{\"@context\":\"https:\\\/\\\/schema.org\",\"@graph\":[{\"@type\":\"WebPage\",\"@id\":\"https:\\\/\\\/holawifi.net\\\/politica-de-privacidad\\\/\",\"url\":\"https:\\\/\\\/holawifi.net\\\/politica-de-privacidad\\\/\",\"name\":\"Pol\u00edtica de privacidad | holaWifi\",\"isPartOf\":{\"@id\":\"https:\\\/\\\/holawifi.net\\\/#website\"},\"datePublished\":\"2022-12-21T09:03:30+00:00\",\"dateModified\":\"2022-12-21T12:33:40+00:00\",\"breadcrumb\":{\"@id\":\"https:\\\/\\\/holawifi.net\\\/politica-de-privacidad\\\/#breadcrumb\"},\"inLanguage\":\"fr-FR\",\"potentialAction\":[{\"@type\":\"ReadAction\",\"target\":[\"https:\\\/\\\/holawifi.net\\\/politica-de-privacidad\\\/\"]}]},{\"@type\":\"BreadcrumbList\",\"@id\":\"https:\\\/\\\/holawifi.net\\\/politica-de-privacidad\\\/#breadcrumb\",\"itemListElement\":[{\"@type\":\"ListItem\",\"position\":1,\"name\":\"Portada\",\"item\":\"https:\\\/\\\/holawifi.net\\\/\"},{\"@type\":\"ListItem\",\"position\":2,\"name\":\"Pol\u00edtica de privacidad\"}]},{\"@type\":\"WebSite\",\"@id\":\"https:\\\/\\\/holawifi.net\\\/#website\",\"url\":\"https:\\\/\\\/holawifi.net\\\/\",\"name\":\"holaWifi\",\"description\":\"Internet en Comunidad Valenciana -Velocidades de fibra, vivas donde vivas\",\"publisher\":{\"@id\":\"https:\\\/\\\/holawifi.net\\\/#organization\"},\"potentialAction\":[{\"@type\":\"SearchAction\",\"target\":{\"@type\":\"EntryPoint\",\"urlTemplate\":\"https:\\\/\\\/holawifi.net\\\/?s={search_term_string}\"},\"query-input\":{\"@type\":\"PropertyValueSpecification\",\"valueRequired\":true,\"valueName\":\"search_term_string\"}}],\"inLanguage\":\"fr-FR\"},{\"@type\":\"Organization\",\"@id\":\"https:\\\/\\\/holawifi.net\\\/#organization\",\"name\":\"holaWifi\",\"url\":\"https:\\\/\\\/holawifi.net\\\/\",\"logo\":{\"@type\":\"ImageObject\",\"inLanguage\":\"fr-FR\",\"@id\":\"https:\\\/\\\/holawifi.net\\\/#\\\/schema\\\/logo\\\/image\\\/\",\"url\":\"https:\\\/\\\/holawifi.net\\\/wp-content\\\/uploads\\\/2021\\\/09\\\/cropped-FAVICON_hw.png\",\"contentUrl\":\"https:\\\/\\\/holawifi.net\\\/wp-content\\\/uploads\\\/2021\\\/09\\\/cropped-FAVICON_hw.png\",\"width\":512,\"height\":512,\"caption\":\"holaWifi\"},\"image\":{\"@id\":\"https:\\\/\\\/holawifi.net\\\/#\\\/schema\\\/logo\\\/image\\\/\"},\"sameAs\":[\"https:\\\/\\\/www.facebook.com\\\/holawifi\\\/\",\"https:\\\/\\\/www.instagram.com\\\/holawifi_\\\/\",\"https:\\\/\\\/es.linkedin.com\\\/company\\\/holawifi\"]}]}<\/script>\n<!-- \/ Yoast SEO plugin. -->","yoast_head_json":{"title":"Politique de confidentialit\u00e9 | holaWifi","robots":{"index":"noindex","follow":"follow"},"og_locale":"fr_FR","og_type":"article","og_title":"Pol\u00edtica de privacidad | holaWifi","og_description":"POL\u00cdTICA DE PRIVACIDAD 1. INFORMACI\u00d3N AL USUARIO \u00bfQui\u00e9n es el responsable del tratamiento de tus datos personales? HOLAWIFI COMERCIALIZADORA, S.L. es el RESPONSABLE del tratamiento de los datos personales del USUARIO y le informa de que estos datos ser\u00e1n tratados de conformidad con lo dispuesto en el Reglamento (UE) 2016\/679, de 27 de abril (GDPR), [&hellip;]","og_url":"https:\/\/holawifi.net\/fr\/politique-de-confidentialite\/","og_site_name":"holaWifi","article_publisher":"https:\/\/www.facebook.com\/holawifi\/","article_modified_time":"2022-12-21T12:33:40+00:00","og_image":[{"width":1088,"height":960,"url":"https:\/\/holawifi.net\/wp-content\/uploads\/2025\/11\/13.jpg","type":"image\/jpeg"}],"twitter_card":"summary_large_image","twitter_misc":{"Dur\u00e9e de lecture estim\u00e9e":"3 minutes"},"schema":{"@context":"https:\/\/schema.org","@graph":[{"@type":"WebPage","@id":"https:\/\/holawifi.net\/politica-de-privacidad\/","url":"https:\/\/holawifi.net\/politica-de-privacidad\/","name":"Politique de confidentialit\u00e9 | holaWifi","isPartOf":{"@id":"https:\/\/holawifi.net\/#website"},"datePublished":"2022-12-21T09:03:30+00:00","dateModified":"2022-12-21T12:33:40+00:00","breadcrumb":{"@id":"https:\/\/holawifi.net\/politica-de-privacidad\/#breadcrumb"},"inLanguage":"fr-FR","potentialAction":[{"@type":"ReadAction","target":["https:\/\/holawifi.net\/politica-de-privacidad\/"]}]},{"@type":"BreadcrumbList","@id":"https:\/\/holawifi.net\/politica-de-privacidad\/#breadcrumb","itemListElement":[{"@type":"ListItem","position":1,"name":"Portada","item":"https:\/\/holawifi.net\/"},{"@type":"ListItem","position":2,"name":"Pol\u00edtica de privacidad"}]},{"@type":"WebSite","@id":"https:\/\/holawifi.net\/#website","url":"https:\/\/holawifi.net\/","name":"holaWifi","description":"Internet dans la Communaut\u00e9 autonome de Valence - Des d\u00e9bits de fibre optique, o\u00f9 que vous viviez","publisher":{"@id":"https:\/\/holawifi.net\/#organization"},"potentialAction":[{"@type":"SearchAction","target":{"@type":"EntryPoint","urlTemplate":"https:\/\/holawifi.net\/?s={search_term_string}"},"query-input":{"@type":"PropertyValueSpecification","valueRequired":true,"valueName":"search_term_string"}}],"inLanguage":"fr-FR"},{"@type":"Organization","@id":"https:\/\/holawifi.net\/#organization","name":"holaWifi","url":"https:\/\/holawifi.net\/","logo":{"@type":"ImageObject","inLanguage":"fr-FR","@id":"https:\/\/holawifi.net\/#\/schema\/logo\/image\/","url":"https:\/\/holawifi.net\/wp-content\/uploads\/2021\/09\/cropped-FAVICON_hw.png","contentUrl":"https:\/\/holawifi.net\/wp-content\/uploads\/2021\/09\/cropped-FAVICON_hw.png","width":512,"height":512,"caption":"holaWifi"},"image":{"@id":"https:\/\/holawifi.net\/#\/schema\/logo\/image\/"},"sameAs":["https:\/\/www.facebook.com\/holawifi\/","https:\/\/www.instagram.com\/holawifi_\/","https:\/\/es.linkedin.com\/company\/holawifi"]}]}},"_links":{"self":[{"href":"https:\/\/holawifi.net\/fr\/wp-json\/wp\/v2\/pages\/1871","targetHints":{"allow":["GET"]}}],"collection":[{"href":"https:\/\/holawifi.net\/fr\/wp-json\/wp\/v2\/pages"}],"about":[{"href":"https:\/\/holawifi.net\/fr\/wp-json\/wp\/v2\/types\/page"}],"author":[{"embeddable":true,"href":"https:\/\/holawifi.net\/fr\/wp-json\/wp\/v2\/users\/14"}],"replies":[{"embeddable":true,"href":"https:\/\/holawifi.net\/fr\/wp-json\/wp\/v2\/comments?post=1871"}],"version-history":[{"count":5,"href":"https:\/\/holawifi.net\/fr\/wp-json\/wp\/v2\/pages\/1871\/revisions"}],"predecessor-version":[{"id":1883,"href":"https:\/\/holawifi.net\/fr\/wp-json\/wp\/v2\/pages\/1871\/revisions\/1883"}],"wp:attachment":[{"href":"https:\/\/holawifi.net\/fr\/wp-json\/wp\/v2\/media?parent=1871"}],"curies":[{"name":"wp","href":"https:\/\/api.w.org\/{rel}","templated":true}]}}