{"id":1869,"date":"2022-12-21T09:40:44","date_gmt":"2022-12-21T08:40:44","guid":{"rendered":"https:\/\/holawifi.net\/?page_id=1869"},"modified":"2022-12-21T13:32:33","modified_gmt":"2022-12-21T12:32:33","slug":"avis-juridique","status":"publish","type":"page","link":"https:\/\/holawifi.net\/fr\/aviso-legal\/","title":{"rendered":"Avis juridique"},"content":{"rendered":"<p><strong>LOI SUR LES SERVICES DE LA SOCI\u00c9T\u00c9 DE L'INFORMATION (LSSI)<\/strong><\/p>\n<p>HOLAWIFI COMERCIALIZADORA, S.L., responsable du site web, ci-apr\u00e8s d\u00e9nomm\u00e9 RESPONSABLE, met \u00e0 la disposition des utilisateurs ce document qui a pour but de respecter les obligations \u00e9tablies dans la Loi 34\/2002, du 11 juillet, des Services de la Soci\u00e9t\u00e9 de l'Information et du Commerce \u00c9lectronique (LSSICE), BOE n\u00ba 166, ainsi que d'informer tous les utilisateurs du site web sur les conditions d'utilisation.<\/p>\n<p class=\"p1\">Toute personne acc\u00e9dant \u00e0 ce site web assume le r\u00f4le d'utilisateur et s'engage \u00e0 observer et \u00e0 respecter scrupuleusement les dispositions du pr\u00e9sent document, ainsi que toute autre disposition l\u00e9gale applicable.<\/p>\n<p class=\"p1\">HOLAWIFI COMERCIALIZADORA, S.L. se r\u00e9serve le droit de modifier tout type d'information pouvant appara\u00eetre sur le site web, sans obligation de pr\u00e9avis ou d'information des utilisateurs, la publication sur le site web de HOLAWIFI COMERCIALIZADORA, S.L. \u00e9tant consid\u00e9r\u00e9e comme suffisante.<\/p>\n<p>&nbsp;<\/p>\n<p><strong>1.DONN\u00c9ES D'IDENTIFICATION<\/strong><\/p>\n<p>Nom de domaine : holawi\ufb01.net<br \/>\nNom commercial : HOLAWIFI COMERCIALIZADORA, S.L.<br \/>\nNom de l'entreprise : HOLAWIFI COMERCIALIZADORA, S.L.<br \/>\nNUM\u00c9RO DE TVA : B54945761<br \/>\nSi\u00e8ge social : C\/ Segaria, n\u00ba 1, piso 2, puerta 4, 03760 Ondara (Alicante).<\/p>\n<p>&nbsp;<\/p>\n<p><strong>2. DROITS DE PROPRI\u00c9T\u00c9 INTELLECTUELLE ET INDUSTRIELLE<\/strong><\/p>\n<p>Le site web, y compris, mais sans s'y limiter, sa programmation, son \u00e9dition, sa compilation et les autres \u00e9l\u00e9ments n\u00e9cessaires \u00e0 son fonctionnement, les dessins, les logos, les textes et\/ou les graphiques, sont la propri\u00e9t\u00e9 du RESPONSABLE ou, le cas \u00e9ch\u00e9ant, font l'objet d'une licence ou d'une autorisation expresse de la part des auteurs. Tous les contenus du site Web sont d\u00fbment prot\u00e9g\u00e9s par la r\u00e9glementation en mati\u00e8re de propri\u00e9t\u00e9 intellectuelle et industrielle, et inscrits dans les registres publics correspondants. Ind\u00e9pendamment de la finalit\u00e9 \u00e0 laquelle ils sont destin\u00e9s, la reproduction, l'utilisation, l'exploitation, la distribution et la commercialisation, totales ou partielles, requi\u00e8rent dans tous les cas l'autorisation \u00e9crite pr\u00e9alable du RESPONSABLE. Toute utilisation non autoris\u00e9e au pr\u00e9alable est consid\u00e9r\u00e9e comme une violation grave des droits de propri\u00e9t\u00e9 intellectuelle ou industrielle de l'auteur. Les dessins, logos, textes et\/ou graphiques qui n'appartiennent pas au RESPONSABLE et qui peuvent appara\u00eetre sur le site web appartiennent \u00e0 leurs propri\u00e9taires respectifs, qui sont eux-m\u00eames responsables de toute controverse \u00e9ventuelle \u00e0 leur sujet. Le RESPONSABLE autorise express\u00e9ment les tiers \u00e0 rediriger directement vers les contenus sp\u00e9cifiques du site, et dans tous les cas \u00e0 rediriger vers le site principal holawifi.net. Le RESPONSABLE reconna\u00eet en faveur de leurs propri\u00e9taires les droits de propri\u00e9t\u00e9 intellectuelle et industrielle correspondants, et leur simple mention ou apparition sur le site web n'implique l'existence d'aucun droit ou responsabilit\u00e9 de quelque nature que ce soit sur eux, ni aucune approbation, parrainage ou recommandation de leur part. Pour formuler tout type d'observation concernant d'\u00e9ventuelles violations des droits de propri\u00e9t\u00e9 intellectuelle ou industrielle, ainsi que tout contenu du site web, vous pouvez le faire en envoyant un courrier \u00e9lectronique \u00e0 info@holawifi.net.<\/p>\n<p><strong>3. EXON\u00c9RATION DE RESPONSABILIT\u00c9<\/strong><\/p>\n<p>Le RESPONSABLE est exon\u00e9r\u00e9 de tout type de responsabilit\u00e9 d\u00e9riv\u00e9e des informations publi\u00e9es sur son site web \u00e0 condition qu'il n'ait pas connaissance effective que ces informations ont \u00e9t\u00e9 manipul\u00e9es ou introduites par un tiers ext\u00e9rieur \u00e0 lui ou, si c'est le cas, qu'il ait agi avec diligence pour retirer les donn\u00e9es ou rendre l'acc\u00e8s \u00e0 celles-ci impossible.<\/p>\n<p>Utilisation de cookies Ce site web peut utiliser des cookies techniques (petits fichiers d'information que le serveur envoie \u00e0 l'ordinateur de la personne qui acc\u00e8de \u00e0 la page) pour ex\u00e9cuter certaines fonctions consid\u00e9r\u00e9es comme essentielles au bon fonctionnement et \u00e0 la visualisation du site. Les cookies utilis\u00e9s sont, dans tous les cas, de nature temporaire, dans le seul but de rendre la navigation plus efficace, et disparaissent \u00e0 la fin de la session de l'utilisateur. En aucun cas ces cookies ne fournissent eux-m\u00eames des donn\u00e9es personnelles et ils ne seront pas utilis\u00e9s pour collecter de telles donn\u00e9es. Gr\u00e2ce \u00e0 l'utilisation de cookies, il est \u00e9galement possible que le serveur o\u00f9 se trouve le site web reconnaisse le navigateur utilis\u00e9 par l'utilisateur afin de faciliter la navigation, en permettant, par exemple, aux utilisateurs qui se sont pr\u00e9alablement enregistr\u00e9s d'acc\u00e9der aux zones, services, promotions ou concours qui leur sont exclusivement r\u00e9serv\u00e9s sans avoir \u00e0 s'enregistrer \u00e0 chaque visite. Ils peuvent \u00e9galement \u00eatre utilis\u00e9s pour mesurer l'audience, les param\u00e8tres de trafic, contr\u00f4ler le d\u00e9roulement et le nombre d'inscriptions, etc., \u00e9tant dans ces cas des cookies techniquement dispensables, mais b\u00e9n\u00e9fiques pour l'utilisateur. Ce site web n'installera pas de cookies dispensables sans le consentement pr\u00e9alable de l'utilisateur. Ce site web utilise ses propres cookies et ceux de tiers \u00e0 des fins d'analyse et pour vous montrer des publicit\u00e9s personnalis\u00e9es bas\u00e9es sur un profil \u00e9tabli \u00e0 partir de vos habitudes de navigation (par exemple, les pages visit\u00e9es). Tous les utilisateurs qui visitent le site sont inform\u00e9s de l'utilisation de ces cookies par le biais d'une banni\u00e8re flottante. Si vous acceptez leur utilisation, la banni\u00e8re dispara\u00eet, mais vous pouvez \u00e0 tout moment r\u00e9voquer votre consentement et obtenir plus d'informations en consultant notre Politique en mati\u00e8re de cookies. L'utilisateur a la possibilit\u00e9 de configurer son navigateur pour \u00eatre alert\u00e9 de la r\u00e9ception de cookies et pour emp\u00eacher leur installation sur son ordinateur. Veuillez consulter les instructions de votre navigateur pour plus d'informations.<\/p>\n<p><strong>Politique de liaison <\/strong><\/p>\n<p>Depuis le site web, il est possible que vous soyez redirig\u00e9 vers des contenus de sites web de tiers. \u00c9tant donn\u00e9 que le RESPONSABLE ne peut pas toujours contr\u00f4ler les contenus introduits par des tiers sur leurs sites web respectifs, il n'assume aucun type de responsabilit\u00e9 \u00e0 l'\u00e9gard desdits contenus. Dans tous les cas, il proc\u00e9dera au retrait imm\u00e9diat de tout contenu susceptible de contrevenir \u00e0 la l\u00e9gislation nationale ou internationale, \u00e0 la morale ou \u00e0 l'ordre public, en proc\u00e9dant au retrait imm\u00e9diat de la redirection vers ledit site web, en informant les autorit\u00e9s comp\u00e9tentes du contenu en question. Le RESPONSABLE n'est pas responsable des informations et contenus stock\u00e9s, y compris mais sans s'y limiter, dans les forums, chats, g\u00e9n\u00e9rateurs de blogs, commentaires, r\u00e9seaux sociaux ou tout autre support permettant \u00e0 des tiers de publier des contenus de mani\u00e8re ind\u00e9pendante sur le site web du RESPONSABLE. Toutefois, et conform\u00e9ment aux dispositions des articles 11 et 16 de la LSSICE, il se met \u00e0 la disposition de tous les utilisateurs, autorit\u00e9s et forces de s\u00e9curit\u00e9, en collaborant activement au retrait ou, le cas \u00e9ch\u00e9ant, au blocage de tous les contenus susceptibles d'affecter ou de contrevenir \u00e0 la l\u00e9gislation nationale ou internationale, aux droits des tiers ou \u00e0 la morale et \u00e0 l'ordre public. Si l'utilisateur estime qu'il existe sur le site un contenu susceptible d'\u00eatre class\u00e9 dans cette cat\u00e9gorie, il est pri\u00e9 d'en informer imm\u00e9diatement l'administrateur du site. Ce site web a \u00e9t\u00e9 v\u00e9rifi\u00e9 et test\u00e9 afin d'en assurer le bon fonctionnement. En principe, son bon fonctionnement peut \u00eatre garanti 365 jours par an et 24 heures par jour. Toutefois, le RESPONSABLE n'exclut pas la possibilit\u00e9 de certaines erreurs de programmation, ni la survenance de cas de force majeure, de catastrophes naturelles, de gr\u00e8ves ou de circonstances similaires rendant impossible l'acc\u00e8s au site web.<\/p>\n<p><strong>Adresses IP <\/strong><\/p>\n<p>Les serveurs du site web pourront d\u00e9tecter automatiquement l'adresse IP et le nom de domaine utilis\u00e9s par l'utilisateur. L'adresse IP est un num\u00e9ro attribu\u00e9 automatiquement \u00e0 un ordinateur lorsqu'il se connecte \u00e0 Internet. Toutes ces informations sont enregistr\u00e9es dans un fichier d'activit\u00e9 du serveur d\u00fbment enregistr\u00e9 qui permet le traitement ult\u00e9rieur des donn\u00e9es afin d'obtenir des mesures purement statistiques permettant de conna\u00eetre le nombre d'impressions de pages, le nombre de visites effectu\u00e9es sur les serveurs web, l'ordre des visites, le point d'acc\u00e8s, etc.<\/p>\n<p><strong>4. DROIT APPLICABLE ET JURIDICTION <\/strong><\/p>\n<p>Pour la r\u00e9solution de tous les litiges ou questions li\u00e9s \u00e0 ce site web ou aux activit\u00e9s qui y sont r\u00e9alis\u00e9es, la l\u00e9gislation espagnole s'applique, \u00e0 laquelle les parties se soumettent express\u00e9ment, et les tribunaux du domicile de l'UTILISATEUR ou du lieu d'ex\u00e9cution de l'obligation sont comp\u00e9tents pour la r\u00e9solution de tous les litiges d\u00e9coulant de son utilisation ou li\u00e9s \u00e0 celle-ci.<\/p>","protected":false},"excerpt":{"rendered":"<p>LEY DE LOS SERVICIOS DE LA SOCIEDAD DE LA INFORMACI\u00d3N (LSSI) HOLAWIFI COMERCIALIZADORA, S.L., responsable del sitio web, en adelante RESPONSABLE, pone a disposici\u00f3n de los usuarios el presente documento, con el que pretende dar cumplimiento a las obligaciones dispuestas en la Ley 34\/2002, de 11 de julio, de Servicios de la Sociedad de la [&hellip;]<\/p>\n","protected":false},"author":14,"featured_media":0,"parent":0,"menu_order":0,"comment_status":"closed","ping_status":"closed","template":"","meta":{"_acf_changed":false,"inline_featured_image":false,"footnotes":""},"class_list":["post-1869","page","type-page","status-publish","hentry"],"acf":[],"yoast_head":"<!-- This site is optimized with the Yoast SEO plugin v27.3 - https:\/\/yoast.com\/product\/yoast-seo-wordpress\/ -->\n<title>Aviso legal | holaWifi<\/title>\n<meta name=\"robots\" content=\"noindex, follow\" \/>\n<meta property=\"og:locale\" content=\"fr_FR\" \/>\n<meta property=\"og:type\" content=\"article\" \/>\n<meta property=\"og:title\" content=\"Aviso legal | holaWifi\" \/>\n<meta property=\"og:description\" content=\"LEY DE LOS SERVICIOS DE LA SOCIEDAD DE LA INFORMACI\u00d3N (LSSI) HOLAWIFI COMERCIALIZADORA, S.L., responsable del sitio web, en adelante RESPONSABLE, pone a disposici\u00f3n de los usuarios el presente documento, con el que pretende dar cumplimiento a las obligaciones dispuestas en la Ley 34\/2002, de 11 de julio, de Servicios de la Sociedad de la [&hellip;]\" \/>\n<meta property=\"og:url\" content=\"https:\/\/holawifi.net\/fr\/avis-juridique\/\" \/>\n<meta property=\"og:site_name\" content=\"holaWifi\" \/>\n<meta property=\"article:publisher\" content=\"https:\/\/www.facebook.com\/holawifi\/\" \/>\n<meta property=\"article:modified_time\" content=\"2022-12-21T12:32:33+00:00\" \/>\n<meta property=\"og:image\" content=\"https:\/\/holawifi.net\/wp-content\/uploads\/2025\/11\/13.jpg\" \/>\n\t<meta property=\"og:image:width\" content=\"1088\" \/>\n\t<meta property=\"og:image:height\" content=\"960\" \/>\n\t<meta property=\"og:image:type\" content=\"image\/jpeg\" \/>\n<meta name=\"twitter:card\" content=\"summary_large_image\" \/>\n<meta name=\"twitter:label1\" content=\"Dur\u00e9e de lecture estim\u00e9e\" \/>\n\t<meta name=\"twitter:data1\" content=\"7 minutes\" \/>\n<script type=\"application\/ld+json\" class=\"yoast-schema-graph\">{\"@context\":\"https:\\\/\\\/schema.org\",\"@graph\":[{\"@type\":\"WebPage\",\"@id\":\"https:\\\/\\\/holawifi.net\\\/aviso-legal\\\/\",\"url\":\"https:\\\/\\\/holawifi.net\\\/aviso-legal\\\/\",\"name\":\"Aviso legal | holaWifi\",\"isPartOf\":{\"@id\":\"https:\\\/\\\/holawifi.net\\\/#website\"},\"datePublished\":\"2022-12-21T08:40:44+00:00\",\"dateModified\":\"2022-12-21T12:32:33+00:00\",\"breadcrumb\":{\"@id\":\"https:\\\/\\\/holawifi.net\\\/aviso-legal\\\/#breadcrumb\"},\"inLanguage\":\"fr-FR\",\"potentialAction\":[{\"@type\":\"ReadAction\",\"target\":[\"https:\\\/\\\/holawifi.net\\\/aviso-legal\\\/\"]}]},{\"@type\":\"BreadcrumbList\",\"@id\":\"https:\\\/\\\/holawifi.net\\\/aviso-legal\\\/#breadcrumb\",\"itemListElement\":[{\"@type\":\"ListItem\",\"position\":1,\"name\":\"Portada\",\"item\":\"https:\\\/\\\/holawifi.net\\\/\"},{\"@type\":\"ListItem\",\"position\":2,\"name\":\"Aviso legal\"}]},{\"@type\":\"WebSite\",\"@id\":\"https:\\\/\\\/holawifi.net\\\/#website\",\"url\":\"https:\\\/\\\/holawifi.net\\\/\",\"name\":\"holaWifi\",\"description\":\"Internet en Comunidad Valenciana -Velocidades de fibra, vivas donde vivas\",\"publisher\":{\"@id\":\"https:\\\/\\\/holawifi.net\\\/#organization\"},\"potentialAction\":[{\"@type\":\"SearchAction\",\"target\":{\"@type\":\"EntryPoint\",\"urlTemplate\":\"https:\\\/\\\/holawifi.net\\\/?s={search_term_string}\"},\"query-input\":{\"@type\":\"PropertyValueSpecification\",\"valueRequired\":true,\"valueName\":\"search_term_string\"}}],\"inLanguage\":\"fr-FR\"},{\"@type\":\"Organization\",\"@id\":\"https:\\\/\\\/holawifi.net\\\/#organization\",\"name\":\"holaWifi\",\"url\":\"https:\\\/\\\/holawifi.net\\\/\",\"logo\":{\"@type\":\"ImageObject\",\"inLanguage\":\"fr-FR\",\"@id\":\"https:\\\/\\\/holawifi.net\\\/#\\\/schema\\\/logo\\\/image\\\/\",\"url\":\"https:\\\/\\\/holawifi.net\\\/wp-content\\\/uploads\\\/2021\\\/09\\\/cropped-FAVICON_hw.png\",\"contentUrl\":\"https:\\\/\\\/holawifi.net\\\/wp-content\\\/uploads\\\/2021\\\/09\\\/cropped-FAVICON_hw.png\",\"width\":512,\"height\":512,\"caption\":\"holaWifi\"},\"image\":{\"@id\":\"https:\\\/\\\/holawifi.net\\\/#\\\/schema\\\/logo\\\/image\\\/\"},\"sameAs\":[\"https:\\\/\\\/www.facebook.com\\\/holawifi\\\/\",\"https:\\\/\\\/www.instagram.com\\\/holawifi_\\\/\",\"https:\\\/\\\/es.linkedin.com\\\/company\\\/holawifi\"]}]}<\/script>\n<!-- \/ Yoast SEO plugin. -->","yoast_head_json":{"title":"Avis juridique - holaWifi","robots":{"index":"noindex","follow":"follow"},"og_locale":"fr_FR","og_type":"article","og_title":"Aviso legal | holaWifi","og_description":"LEY DE LOS SERVICIOS DE LA SOCIEDAD DE LA INFORMACI\u00d3N (LSSI) HOLAWIFI COMERCIALIZADORA, S.L., responsable del sitio web, en adelante RESPONSABLE, pone a disposici\u00f3n de los usuarios el presente documento, con el que pretende dar cumplimiento a las obligaciones dispuestas en la Ley 34\/2002, de 11 de julio, de Servicios de la Sociedad de la [&hellip;]","og_url":"https:\/\/holawifi.net\/fr\/avis-juridique\/","og_site_name":"holaWifi","article_publisher":"https:\/\/www.facebook.com\/holawifi\/","article_modified_time":"2022-12-21T12:32:33+00:00","og_image":[{"width":1088,"height":960,"url":"https:\/\/holawifi.net\/wp-content\/uploads\/2025\/11\/13.jpg","type":"image\/jpeg"}],"twitter_card":"summary_large_image","twitter_misc":{"Dur\u00e9e de lecture estim\u00e9e":"7 minutes"},"schema":{"@context":"https:\/\/schema.org","@graph":[{"@type":"WebPage","@id":"https:\/\/holawifi.net\/aviso-legal\/","url":"https:\/\/holawifi.net\/aviso-legal\/","name":"Avis juridique - holaWifi","isPartOf":{"@id":"https:\/\/holawifi.net\/#website"},"datePublished":"2022-12-21T08:40:44+00:00","dateModified":"2022-12-21T12:32:33+00:00","breadcrumb":{"@id":"https:\/\/holawifi.net\/aviso-legal\/#breadcrumb"},"inLanguage":"fr-FR","potentialAction":[{"@type":"ReadAction","target":["https:\/\/holawifi.net\/aviso-legal\/"]}]},{"@type":"BreadcrumbList","@id":"https:\/\/holawifi.net\/aviso-legal\/#breadcrumb","itemListElement":[{"@type":"ListItem","position":1,"name":"Portada","item":"https:\/\/holawifi.net\/"},{"@type":"ListItem","position":2,"name":"Aviso legal"}]},{"@type":"WebSite","@id":"https:\/\/holawifi.net\/#website","url":"https:\/\/holawifi.net\/","name":"holaWifi","description":"Internet dans la Communaut\u00e9 autonome de Valence - Des d\u00e9bits de fibre optique, o\u00f9 que vous viviez","publisher":{"@id":"https:\/\/holawifi.net\/#organization"},"potentialAction":[{"@type":"SearchAction","target":{"@type":"EntryPoint","urlTemplate":"https:\/\/holawifi.net\/?s={search_term_string}"},"query-input":{"@type":"PropertyValueSpecification","valueRequired":true,"valueName":"search_term_string"}}],"inLanguage":"fr-FR"},{"@type":"Organization","@id":"https:\/\/holawifi.net\/#organization","name":"holaWifi","url":"https:\/\/holawifi.net\/","logo":{"@type":"ImageObject","inLanguage":"fr-FR","@id":"https:\/\/holawifi.net\/#\/schema\/logo\/image\/","url":"https:\/\/holawifi.net\/wp-content\/uploads\/2021\/09\/cropped-FAVICON_hw.png","contentUrl":"https:\/\/holawifi.net\/wp-content\/uploads\/2021\/09\/cropped-FAVICON_hw.png","width":512,"height":512,"caption":"holaWifi"},"image":{"@id":"https:\/\/holawifi.net\/#\/schema\/logo\/image\/"},"sameAs":["https:\/\/www.facebook.com\/holawifi\/","https:\/\/www.instagram.com\/holawifi_\/","https:\/\/es.linkedin.com\/company\/holawifi"]}]}},"_links":{"self":[{"href":"https:\/\/holawifi.net\/fr\/wp-json\/wp\/v2\/pages\/1869","targetHints":{"allow":["GET"]}}],"collection":[{"href":"https:\/\/holawifi.net\/fr\/wp-json\/wp\/v2\/pages"}],"about":[{"href":"https:\/\/holawifi.net\/fr\/wp-json\/wp\/v2\/types\/page"}],"author":[{"embeddable":true,"href":"https:\/\/holawifi.net\/fr\/wp-json\/wp\/v2\/users\/14"}],"replies":[{"embeddable":true,"href":"https:\/\/holawifi.net\/fr\/wp-json\/wp\/v2\/comments?post=1869"}],"version-history":[{"count":1,"href":"https:\/\/holawifi.net\/fr\/wp-json\/wp\/v2\/pages\/1869\/revisions"}],"predecessor-version":[{"id":1870,"href":"https:\/\/holawifi.net\/fr\/wp-json\/wp\/v2\/pages\/1869\/revisions\/1870"}],"wp:attachment":[{"href":"https:\/\/holawifi.net\/fr\/wp-json\/wp\/v2\/media?parent=1869"}],"curies":[{"name":"wp","href":"https:\/\/api.w.org\/{rel}","templated":true}]}}