{"id":5168,"date":"2025-08-21T10:04:35","date_gmt":"2025-08-21T08:04:35","guid":{"rendered":"https:\/\/holawifi.net\/?page_id=5168"},"modified":"2025-08-21T10:04:35","modified_gmt":"2025-08-21T08:04:35","slug":"rrss-privacy-policy","status":"publish","type":"page","link":"https:\/\/holawifi.net\/en\/rrss-politica-de-privacidad\/","title":{"rendered":"RRSS: Privacy Policy"},"content":{"rendered":"<h1 data-start=\"738\" data-end=\"813\">Privacy Policy in Social Networks | Holawifi Comercializadora S.L.<\/h1>\n<h2 data-start=\"815\" data-end=\"843\">1. User Information<\/h2>\n<p data-start=\"844\" data-end=\"1205\"><strong data-start=\"844\" data-end=\"895\">Responsible for the processing of personal data<\/strong><br data-start=\"895\" data-end=\"898\" \/>HOLAWIFI COMERCIALIZADORA, S.L. (hereinafter referred to as the <strong data-start=\"947\" data-end=\"962\">RESPONSIBLE<\/strong>) has created profiles in <strong data-start=\"986\" data-end=\"1054\">Facebook, Instagram, Twitter, LinkedIn, YouTube, Vimeo and Google+<\/strong>.<br data-start=\"1055\" data-end=\"1058\" \/>The CONTROLLER processes the personal data of the users in accordance with the <strong data-start=\"1128\" data-end=\"1163\">Regulation (EU) 2016\/679 (GDPR)<\/strong> and the <strong data-start=\"1169\" data-end=\"1202\">Organic Law 3\/2018 (LOPDGDD)<\/strong>.<\/p>\n<h3 data-start=\"1207\" data-end=\"1251\">What do we process your personal data for?<\/h3>\n<ul data-start=\"1252\" data-end=\"1532\">\n<li data-start=\"1252\" data-end=\"1290\">\n<p data-start=\"1254\" data-end=\"1290\">Manage requests and queries.<\/p>\n<\/li>\n<li data-start=\"1291\" data-end=\"1372\">\n<p data-start=\"1293\" data-end=\"1372\">To report on <strong data-start=\"1308\" data-end=\"1344\">activities, news and events<\/strong> organised by Holawifi.<\/p>\n<\/li>\n<li data-start=\"1373\" data-end=\"1450\">\n<p data-start=\"1375\" data-end=\"1450\">Communicate products or services related to our social networks.<\/p>\n<\/li>\n<li data-start=\"1451\" data-end=\"1532\">\n<p data-start=\"1453\" data-end=\"1532\">Interact directly with users through official profiles.<\/p>\n<\/li>\n<\/ul>\n<h3 data-start=\"1534\" data-end=\"1564\">Legal basis for processing<\/h3>\n<p data-start=\"1565\" data-end=\"1768\">Treatment is based on the <strong data-start=\"1600\" data-end=\"1630\">user consent<\/strong> (art. 6.1.a GDPR).<br data-start=\"1649\" data-end=\"1652\" \/>By following our profiles, you consent to the processing of the data that you have made public in your profile.<\/p>\n<p data-start=\"1770\" data-end=\"1869\">Users can configure at any time the <strong data-start=\"1820\" data-end=\"1847\">privacy of your profile<\/strong> in each social network.<\/p>\n<hr data-start=\"1871\" data-end=\"1874\" \/>\n<h2 data-start=\"1876\" data-end=\"1907\">2. Data Retention<\/h2>\n<p data-start=\"1908\" data-end=\"1988\">The data will be retained <strong data-start=\"1933\" data-end=\"1985\">as long as the user does not revoke his consent<\/strong>.<\/p>\n<hr data-start=\"1990\" data-end=\"1993\" \/>\n<h2 data-start=\"1995\" data-end=\"2026\">3. Communication of Data<\/h2>\n<ul data-start=\"2027\" data-end=\"2364\">\n<li data-start=\"2027\" data-end=\"2115\">\n<p data-start=\"2029\" data-end=\"2115\">Information shared on our social networks may be publicly visible.<\/p>\n<\/li>\n<li data-start=\"2116\" data-end=\"2213\">\n<p data-start=\"2118\" data-end=\"2213\">The user controls which data he\/she wants to make public from the settings of each social network.<\/p>\n<\/li>\n<li data-start=\"2214\" data-end=\"2364\">\n<p data-start=\"2216\" data-end=\"2364\">No data will be disclosed to third parties outside the social network, except authorised service providers contracted under confidentiality agreements.<\/p>\n<\/li>\n<\/ul>\n<hr data-start=\"2366\" data-end=\"2369\" \/>\n<h2 data-start=\"2371\" data-end=\"2401\">4. User Rights<\/h2>\n<p data-start=\"2402\" data-end=\"2448\">Users may exercise their rights to:<\/p>\n<ul data-start=\"2449\" data-end=\"2700\">\n<li data-start=\"2449\" data-end=\"2510\">\n<p data-start=\"2451\" data-end=\"2510\">Access, rectification, portability and deletion of data.<\/p>\n<\/li>\n<li data-start=\"2511\" data-end=\"2553\">\n<p data-start=\"2513\" data-end=\"2553\">Limitation of or objection to processing.<\/p>\n<\/li>\n<li data-start=\"2554\" data-end=\"2607\">\n<p data-start=\"2556\" data-end=\"2607\">Withdrawal of consent at any time.<\/p>\n<\/li>\n<li data-start=\"2608\" data-end=\"2700\">\n<p data-start=\"2610\" data-end=\"2700\">File a complaint with the <strong data-start=\"2640\" data-end=\"2697\">Spanish Data Protection Agency (<a class=\"decorated-link\" href=\"http:\/\/www.aepd.es\" target=\"_new\" rel=\"noopener\" data-start=\"2683\" data-end=\"2694\">www.aepd.es<\/a>)<\/strong>.<\/p>\n<\/li>\n<\/ul>\n<p data-start=\"2702\" data-end=\"2844\"><strong data-start=\"2702\" data-end=\"2737\">Contact to exercise rights:<\/strong><br data-start=\"2737\" data-end=\"2740\" \/>HOLAWIFI COMERCIALIZADORA, S.L. - Calle Segar\u00eda, 1 2 4, 03760 Ondara (Alicante)<br data-start=\"2819\" data-end=\"2822\" \/><a class=\"decorated-link cursor-pointer\" rel=\"noopener\" data-start=\"2825\" data-end=\"2842\">info@holawifi.net<\/a><\/p>\n<p data-start=\"2846\" data-end=\"2978\"><strong data-start=\"2846\" data-end=\"2888\">Data Protection Delegate (DPD):<\/strong><br data-start=\"2888\" data-end=\"2891\" \/>BM GESTDATA, S.L. (ONTIDATA), Avda. Albaida, 19, 46870 Ontinyent -\u00a0 <a class=\"decorated-link cursor-pointer\" rel=\"noopener\" data-start=\"2961\" data-end=\"2976\">dpd@ontidata.es<\/a><\/p>\n<hr data-start=\"2980\" data-end=\"2983\" \/>\n<h2 data-start=\"2985\" data-end=\"3023\">5. Use of Social Media Profile<\/h2>\n<p data-start=\"3024\" data-end=\"3047\">The RESPONSIBLE PARTY may:<\/p>\n<ul data-start=\"3048\" data-end=\"3251\">\n<li data-start=\"3048\" data-end=\"3096\">\n<p data-start=\"3050\" data-end=\"3096\">Access public profile information.<\/p>\n<\/li>\n<li data-start=\"3097\" data-end=\"3149\">\n<p data-start=\"3099\" data-end=\"3149\">Publish content on user profiles.<\/p>\n<\/li>\n<li data-start=\"3150\" data-end=\"3209\">\n<p data-start=\"3152\" data-end=\"3209\">Send direct messages related to your activity.<\/p>\n<\/li>\n<li data-start=\"3210\" data-end=\"3251\">\n<p data-start=\"3212\" data-end=\"3251\">Share updates and news.<\/p>\n<\/li>\n<\/ul>\n<p data-start=\"3253\" data-end=\"3381\">The user can at any time configure his or her privacy, delete connections or restrict who he or she shares information with.<\/p>\n<hr data-start=\"3383\" data-end=\"3386\" \/>\n<h2 data-start=\"3388\" data-end=\"3423\">6. User Publications<\/h2>\n<ul data-start=\"3424\" data-end=\"3716\">\n<li data-start=\"3424\" data-end=\"3515\">\n<p data-start=\"3426\" data-end=\"3515\">The user may post comments, links, images and other multimedia content.<\/p>\n<\/li>\n<li data-start=\"3516\" data-end=\"3618\">\n<p data-start=\"3518\" data-end=\"3618\">Only content for which the user has <strong data-start=\"3575\" data-end=\"3615\">copyright or legal permissions<\/strong>.<\/p>\n<\/li>\n<li data-start=\"3619\" data-end=\"3716\">\n<p data-start=\"3621\" data-end=\"3716\">Publications that violate morals, ethics, intellectual property or the law are prohibited.<\/p>\n<\/li>\n<\/ul>\n<p data-start=\"3718\" data-end=\"3800\">\u00a0The RESPONSIBLE PARTY may remove any publication that breaches these rules.<\/p>\n<hr data-start=\"3802\" data-end=\"3805\" \/>\n<h2 data-start=\"3807\" data-end=\"3875\">7. Data on Minors or Persons with Special Needs<\/h2>\n<ul data-start=\"3876\" data-end=\"4207\">\n<li data-start=\"3876\" data-end=\"3956\">\n<p data-start=\"3878\" data-end=\"3956\">Access to our social networks is <strong data-start=\"3919\" data-end=\"3953\">prohibited for children under 14 years of age<\/strong>.<\/p>\n<\/li>\n<li data-start=\"3957\" data-end=\"4084\">\n<p data-start=\"3959\" data-end=\"4084\">In the case of users with special abilities, the authorisation of parents, guardians or legal representatives is required.<\/p>\n<\/li>\n<li data-start=\"4085\" data-end=\"4207\">\n<p data-start=\"4087\" data-end=\"4207\">The RESPONSIBLE DOES NOT knowingly collect data from minors. If a minor provides them, they will be deleted immediately.<\/p>\n<\/li>\n<\/ul>","protected":false},"excerpt":{"rendered":"<p>Pol\u00edtica de Privacidad en Redes Sociales | Holawifi Comercializadora S.L. 1. Informaci\u00f3n al Usuario Responsable del tratamiento de datos personalesHOLAWIFI COMERCIALIZADORA, S.L. (en adelante, el RESPONSABLE) ha creado perfiles en Facebook, Instagram, Twitter, LinkedIn, YouTube, Vimeo y Google+.El RESPONSABLE trata los datos personales de los usuarios conforme al Reglamento (UE) 2016\/679 (GDPR) y la Ley [&hellip;]<\/p>\n","protected":false},"author":14,"featured_media":0,"parent":0,"menu_order":0,"comment_status":"closed","ping_status":"closed","template":"","meta":{"_acf_changed":false,"inline_featured_image":false,"footnotes":""},"class_list":["post-5168","page","type-page","status-publish","hentry"],"acf":[],"yoast_head":"<!-- This site is optimized with the Yoast SEO plugin v27.5 - https:\/\/yoast.com\/product\/yoast-seo-wordpress\/ -->\n<title>RRSS: Pol\u00edtica de Privacidad | holaWifi<\/title>\n<meta name=\"robots\" content=\"index, follow, max-snippet:-1, max-image-preview:large, max-video-preview:-1\" \/>\n<link rel=\"canonical\" href=\"https:\/\/holawifi.net\/en\/rrss-privacy-policy\/\" \/>\n<meta property=\"og:locale\" content=\"en_GB\" \/>\n<meta property=\"og:type\" content=\"article\" \/>\n<meta property=\"og:title\" content=\"RRSS: Pol\u00edtica de Privacidad | holaWifi\" \/>\n<meta property=\"og:description\" content=\"Pol\u00edtica de Privacidad en Redes Sociales | Holawifi Comercializadora S.L. 1. Informaci\u00f3n al Usuario Responsable del tratamiento de datos personalesHOLAWIFI COMERCIALIZADORA, S.L. (en adelante, el RESPONSABLE) ha creado perfiles en Facebook, Instagram, Twitter, LinkedIn, YouTube, Vimeo y Google+.El RESPONSABLE trata los datos personales de los usuarios conforme al Reglamento (UE) 2016\/679 (GDPR) y la Ley [&hellip;]\" \/>\n<meta property=\"og:url\" content=\"https:\/\/holawifi.net\/en\/rrss-privacy-policy\/\" \/>\n<meta property=\"og:site_name\" content=\"holaWifi\" \/>\n<meta property=\"article:publisher\" content=\"https:\/\/www.facebook.com\/holawifi\/\" \/>\n<meta property=\"og:image\" content=\"https:\/\/holawifi.net\/wp-content\/uploads\/2025\/11\/13.jpg\" \/>\n\t<meta property=\"og:image:width\" content=\"1088\" \/>\n\t<meta property=\"og:image:height\" content=\"960\" \/>\n\t<meta property=\"og:image:type\" content=\"image\/jpeg\" \/>\n<meta name=\"twitter:card\" content=\"summary_large_image\" \/>\n<meta name=\"twitter:label1\" content=\"Estimated reading time\" \/>\n\t<meta name=\"twitter:data1\" content=\"3 minutes\" \/>\n<script type=\"application\/ld+json\" class=\"yoast-schema-graph\">{\"@context\":\"https:\\\/\\\/schema.org\",\"@graph\":[{\"@type\":\"WebPage\",\"@id\":\"https:\\\/\\\/holawifi.net\\\/rrss-politica-de-privacidad\\\/\",\"url\":\"https:\\\/\\\/holawifi.net\\\/rrss-politica-de-privacidad\\\/\",\"name\":\"RRSS: Pol\u00edtica de Privacidad | holaWifi\",\"isPartOf\":{\"@id\":\"https:\\\/\\\/holawifi.net\\\/#website\"},\"datePublished\":\"2025-08-21T08:04:35+00:00\",\"breadcrumb\":{\"@id\":\"https:\\\/\\\/holawifi.net\\\/rrss-politica-de-privacidad\\\/#breadcrumb\"},\"inLanguage\":\"en-GB\",\"potentialAction\":[{\"@type\":\"ReadAction\",\"target\":[\"https:\\\/\\\/holawifi.net\\\/rrss-politica-de-privacidad\\\/\"]}]},{\"@type\":\"BreadcrumbList\",\"@id\":\"https:\\\/\\\/holawifi.net\\\/rrss-politica-de-privacidad\\\/#breadcrumb\",\"itemListElement\":[{\"@type\":\"ListItem\",\"position\":1,\"name\":\"Portada\",\"item\":\"https:\\\/\\\/holawifi.net\\\/\"},{\"@type\":\"ListItem\",\"position\":2,\"name\":\"RRSS: Pol\u00edtica de Privacidad\"}]},{\"@type\":\"WebSite\",\"@id\":\"https:\\\/\\\/holawifi.net\\\/#website\",\"url\":\"https:\\\/\\\/holawifi.net\\\/\",\"name\":\"holaWifi\",\"description\":\"Internet en Comunidad Valenciana -Velocidades de fibra, vivas donde vivas\",\"publisher\":{\"@id\":\"https:\\\/\\\/holawifi.net\\\/#organization\"},\"potentialAction\":[{\"@type\":\"SearchAction\",\"target\":{\"@type\":\"EntryPoint\",\"urlTemplate\":\"https:\\\/\\\/holawifi.net\\\/?s={search_term_string}\"},\"query-input\":{\"@type\":\"PropertyValueSpecification\",\"valueRequired\":true,\"valueName\":\"search_term_string\"}}],\"inLanguage\":\"en-GB\"},{\"@type\":\"Organization\",\"@id\":\"https:\\\/\\\/holawifi.net\\\/#organization\",\"name\":\"holaWifi\",\"url\":\"https:\\\/\\\/holawifi.net\\\/\",\"logo\":{\"@type\":\"ImageObject\",\"inLanguage\":\"en-GB\",\"@id\":\"https:\\\/\\\/holawifi.net\\\/#\\\/schema\\\/logo\\\/image\\\/\",\"url\":\"https:\\\/\\\/holawifi.net\\\/wp-content\\\/uploads\\\/2021\\\/09\\\/cropped-FAVICON_hw.png\",\"contentUrl\":\"https:\\\/\\\/holawifi.net\\\/wp-content\\\/uploads\\\/2021\\\/09\\\/cropped-FAVICON_hw.png\",\"width\":512,\"height\":512,\"caption\":\"holaWifi\"},\"image\":{\"@id\":\"https:\\\/\\\/holawifi.net\\\/#\\\/schema\\\/logo\\\/image\\\/\"},\"sameAs\":[\"https:\\\/\\\/www.facebook.com\\\/holawifi\\\/\",\"https:\\\/\\\/www.instagram.com\\\/holawifi_\\\/\",\"https:\\\/\\\/es.linkedin.com\\\/company\\\/holawifi\"]}]}<\/script>\n<!-- \/ Yoast SEO plugin. -->","yoast_head_json":{"title":"RRSS: Privacy Policy | holaWifi","robots":{"index":"index","follow":"follow","max-snippet":"max-snippet:-1","max-image-preview":"max-image-preview:large","max-video-preview":"max-video-preview:-1"},"canonical":"https:\/\/holawifi.net\/en\/rrss-privacy-policy\/","og_locale":"en_GB","og_type":"article","og_title":"RRSS: Pol\u00edtica de Privacidad | holaWifi","og_description":"Pol\u00edtica de Privacidad en Redes Sociales | Holawifi Comercializadora S.L. 1. Informaci\u00f3n al Usuario Responsable del tratamiento de datos personalesHOLAWIFI COMERCIALIZADORA, S.L. (en adelante, el RESPONSABLE) ha creado perfiles en Facebook, Instagram, Twitter, LinkedIn, YouTube, Vimeo y Google+.El RESPONSABLE trata los datos personales de los usuarios conforme al Reglamento (UE) 2016\/679 (GDPR) y la Ley [&hellip;]","og_url":"https:\/\/holawifi.net\/en\/rrss-privacy-policy\/","og_site_name":"holaWifi","article_publisher":"https:\/\/www.facebook.com\/holawifi\/","og_image":[{"width":1088,"height":960,"url":"https:\/\/holawifi.net\/wp-content\/uploads\/2025\/11\/13.jpg","type":"image\/jpeg"}],"twitter_card":"summary_large_image","twitter_misc":{"Estimated reading time":"3 minutes"},"schema":{"@context":"https:\/\/schema.org","@graph":[{"@type":"WebPage","@id":"https:\/\/holawifi.net\/rrss-politica-de-privacidad\/","url":"https:\/\/holawifi.net\/rrss-politica-de-privacidad\/","name":"RRSS: Privacy Policy | holaWifi","isPartOf":{"@id":"https:\/\/holawifi.net\/#website"},"datePublished":"2025-08-21T08:04:35+00:00","breadcrumb":{"@id":"https:\/\/holawifi.net\/rrss-politica-de-privacidad\/#breadcrumb"},"inLanguage":"en-GB","potentialAction":[{"@type":"ReadAction","target":["https:\/\/holawifi.net\/rrss-politica-de-privacidad\/"]}]},{"@type":"BreadcrumbList","@id":"https:\/\/holawifi.net\/rrss-politica-de-privacidad\/#breadcrumb","itemListElement":[{"@type":"ListItem","position":1,"name":"Portada","item":"https:\/\/holawifi.net\/"},{"@type":"ListItem","position":2,"name":"RRSS: Pol\u00edtica de Privacidad"}]},{"@type":"WebSite","@id":"https:\/\/holawifi.net\/#website","url":"https:\/\/holawifi.net\/","name":"holaWifi","description":"Internet in Comunidad Valenciana -Fibre speeds, wherever you live","publisher":{"@id":"https:\/\/holawifi.net\/#organization"},"potentialAction":[{"@type":"SearchAction","target":{"@type":"EntryPoint","urlTemplate":"https:\/\/holawifi.net\/?s={search_term_string}"},"query-input":{"@type":"PropertyValueSpecification","valueRequired":true,"valueName":"search_term_string"}}],"inLanguage":"en-GB"},{"@type":"Organization","@id":"https:\/\/holawifi.net\/#organization","name":"holaWifi","url":"https:\/\/holawifi.net\/","logo":{"@type":"ImageObject","inLanguage":"en-GB","@id":"https:\/\/holawifi.net\/#\/schema\/logo\/image\/","url":"https:\/\/holawifi.net\/wp-content\/uploads\/2021\/09\/cropped-FAVICON_hw.png","contentUrl":"https:\/\/holawifi.net\/wp-content\/uploads\/2021\/09\/cropped-FAVICON_hw.png","width":512,"height":512,"caption":"holaWifi"},"image":{"@id":"https:\/\/holawifi.net\/#\/schema\/logo\/image\/"},"sameAs":["https:\/\/www.facebook.com\/holawifi\/","https:\/\/www.instagram.com\/holawifi_\/","https:\/\/es.linkedin.com\/company\/holawifi"]}]}},"_links":{"self":[{"href":"https:\/\/holawifi.net\/en\/wp-json\/wp\/v2\/pages\/5168","targetHints":{"allow":["GET"]}}],"collection":[{"href":"https:\/\/holawifi.net\/en\/wp-json\/wp\/v2\/pages"}],"about":[{"href":"https:\/\/holawifi.net\/en\/wp-json\/wp\/v2\/types\/page"}],"author":[{"embeddable":true,"href":"https:\/\/holawifi.net\/en\/wp-json\/wp\/v2\/users\/14"}],"replies":[{"embeddable":true,"href":"https:\/\/holawifi.net\/en\/wp-json\/wp\/v2\/comments?post=5168"}],"version-history":[{"count":3,"href":"https:\/\/holawifi.net\/en\/wp-json\/wp\/v2\/pages\/5168\/revisions"}],"predecessor-version":[{"id":5171,"href":"https:\/\/holawifi.net\/en\/wp-json\/wp\/v2\/pages\/5168\/revisions\/5171"}],"wp:attachment":[{"href":"https:\/\/holawifi.net\/en\/wp-json\/wp\/v2\/media?parent=5168"}],"curies":[{"name":"wp","href":"https:\/\/api.w.org\/{rel}","templated":true}]}}