{"id":247,"date":"2022-01-31T07:31:56","date_gmt":"2022-01-31T07:31:56","guid":{"rendered":"https:\/\/beta.holawifi.net\/?page_id=247"},"modified":"2026-01-14T11:09:17","modified_gmt":"2026-01-14T10:09:17","slug":"we","status":"publish","type":"page","link":"https:\/\/holawifi.net\/en\/nosotros\/","title":{"rendered":"We"},"content":{"rendered":"<div data-elementor-type=\"wp-page\" data-elementor-id=\"247\" class=\"elementor elementor-247\" data-elementor-post-type=\"page\">\n\t\t\t\t<div class=\"elementor-element elementor-element-a8aa958 e-flex e-con-boxed e-con e-parent\" data-id=\"a8aa958\" data-element_type=\"container\" data-e-type=\"container\">\n\t\t\t\t\t<div class=\"e-con-inner\">\n\t\t\t\t<div class=\"elementor-element elementor-element-dde15a8 elementor-widget elementor-widget-heading\" data-id=\"dde15a8\" data-element_type=\"widget\" data-e-type=\"widget\" data-widget_type=\"heading.default\">\n\t\t\t\t<div class=\"elementor-widget-container\">\n\t\t\t\t\t<h2 class=\"elementor-heading-title elementor-size-default\">We are holaWifi, the Valencian telecommunications operator that connects you without complications. <br><br>We were born to offer you quality internet and mobile telephony, but above all, a close and human service. <br><br>We are not a big corporation; we are your neighbours, committed to our land and to giving you the best experience. <br>\n<br><p data-start=\"0\" data-end=\"305\">We use professional technology <strong data-start=\"30\" data-end=\"42\">Ubiquiti<\/strong> to give a connection <strong data-start=\"65\" data-end=\"85\">fast and stable<\/strong>, especially where traditional fibre does not reach well. Unlike satellite, our solution avoids the <strong data-start=\"196\" data-end=\"213\">high latency<\/strong>, so you can surf, telecommute, play and stream with a smoother experience.<\/p>\n<p data-start=\"307\" data-end=\"342\">We have two main solutions:<\/p><ul data-start=\"343\" data-end=\"616\"><li data-start=\"343\" data-end=\"472\"><p data-start=\"345\" data-end=\"472\"><strong data-start=\"345\" data-end=\"387\">Air MAX \/ Air PRO (Wave 60 GHz) fibre:<\/strong> average latency ~<strong data-start=\"404\" data-end=\"413\">15 ms<\/strong> y <strong data-start=\"416\" data-end=\"431\">jitter 2 ms<\/strong>, with speeds comparable to fibre.<\/p><\/li><li data-start=\"473\" data-end=\"616\"><p data-start=\"475\" data-end=\"616\"><strong data-start=\"475\" data-end=\"494\">Camponet (LTU):<\/strong> designed for rural environments, latency ~<strong data-start=\"536\" data-end=\"545\">25 ms<\/strong> y <strong data-start=\"548\" data-end=\"563\">jitter 4 ms<\/strong>, The new system maintains stability even in complex areas.<\/p><\/li><\/ul>\n<p data-start=\"618\" data-end=\"722\">When fibre is present, we also offer <strong data-start=\"654\" data-end=\"691\">hybrid or backup solutions<\/strong> for a more robust connection.<\/p>\n<p data-start=\"724\" data-end=\"1082\">And the most important thing: we don't send you an antenna and \u201cget it fixed\u201d. It's a <strong data-start=\"792\" data-end=\"818\">professional installer<\/strong> which ensures <strong data-start=\"831\" data-end=\"855\">WiFi throughout the house<\/strong>, with WiFi 6 routers (such as <strong data-start=\"882\" data-end=\"899\">TP-Link HX520<\/strong>) and, if necessary, extra equipment and cabling for key devices (PC, TV, consoles). Our repeaters are <strong data-start=\"1017\" data-end=\"1037\">close to home<\/strong>, not in orbit: less ping and more stability.<\/p>\n<span style=\"font-size: 2rem\">If a problem arises, <\/span><strong data-start=\"1106\" data-end=\"1123\" style=\"font-size: 2rem\">a technician goes<\/strong><span style=\"font-size: 2rem\"> and you also have <\/span><strong data-start=\"1139\" data-end=\"1156\" style=\"font-size: 2rem\">physical shop<\/strong><span style=\"font-size: 2rem\">: face-to-face attention, from local people.<\/span><\/h2>\t\t\t\t<\/div>\n\t\t\t\t<\/div>\n\t\t\t\t\t<\/div>\n\t\t\t\t<\/div>\n\t\t\t\t<\/div>","protected":false},"excerpt":{"rendered":"<p>Somos holaWifi, la operadora de telecomunicaciones valenciana que te conecta sin complicaciones. Nacimos para ofrecerte internet y telefon\u00eda m\u00f3vil de calidad, pero sobre todo, un servicio cercano y humano. No somos una gran corporaci\u00f3n; somos vecinos tuyos, comprometidos con nuestra tierra y con darte la mejor experiencia. Usamos tecnolog\u00eda profesional Ubiquiti para dar una conexi\u00f3n [&hellip;]<\/p>\n","protected":false},"author":1,"featured_media":0,"parent":0,"menu_order":0,"comment_status":"closed","ping_status":"closed","template":"","meta":{"_acf_changed":false,"inline_featured_image":false,"footnotes":""},"class_list":["post-247","page","type-page","status-publish","hentry"],"acf":[],"yoast_head":"<!-- This site is optimized with the Yoast SEO plugin v27.4 - https:\/\/yoast.com\/product\/yoast-seo-wordpress\/ -->\n<title>Nosotros | holaWifi<\/title>\n<meta name=\"robots\" content=\"index, follow, max-snippet:-1, max-image-preview:large, max-video-preview:-1\" \/>\n<link rel=\"canonical\" href=\"https:\/\/holawifi.net\/en\/we\/\" \/>\n<meta property=\"og:locale\" content=\"en_GB\" \/>\n<meta property=\"og:type\" content=\"article\" \/>\n<meta property=\"og:title\" content=\"Nosotros | holaWifi\" \/>\n<meta property=\"og:description\" content=\"Somos holaWifi, la operadora de telecomunicaciones valenciana que te conecta sin complicaciones. Nacimos para ofrecerte internet y telefon\u00eda m\u00f3vil de calidad, pero sobre todo, un servicio cercano y humano. No somos una gran corporaci\u00f3n; somos vecinos tuyos, comprometidos con nuestra tierra y con darte la mejor experiencia. Usamos tecnolog\u00eda profesional Ubiquiti para dar una conexi\u00f3n [&hellip;]\" \/>\n<meta property=\"og:url\" content=\"https:\/\/holawifi.net\/en\/we\/\" \/>\n<meta property=\"og:site_name\" content=\"holaWifi\" \/>\n<meta property=\"article:publisher\" content=\"https:\/\/www.facebook.com\/holawifi\/\" \/>\n<meta property=\"article:modified_time\" content=\"2026-01-14T10:09:17+00:00\" \/>\n<meta property=\"og:image\" content=\"https:\/\/holawifi.net\/wp-content\/uploads\/2025\/11\/13.jpg\" \/>\n\t<meta property=\"og:image:width\" content=\"1088\" \/>\n\t<meta property=\"og:image:height\" content=\"960\" \/>\n\t<meta property=\"og:image:type\" content=\"image\/jpeg\" \/>\n<meta name=\"twitter:card\" content=\"summary_large_image\" \/>\n<meta name=\"twitter:label1\" content=\"Estimated reading time\" \/>\n\t<meta name=\"twitter:data1\" content=\"2 minutes\" \/>\n<script type=\"application\/ld+json\" class=\"yoast-schema-graph\">{\"@context\":\"https:\\\/\\\/schema.org\",\"@graph\":[{\"@type\":\"WebPage\",\"@id\":\"https:\\\/\\\/holawifi.net\\\/nosotros\\\/\",\"url\":\"https:\\\/\\\/holawifi.net\\\/nosotros\\\/\",\"name\":\"Nosotros | holaWifi\",\"isPartOf\":{\"@id\":\"https:\\\/\\\/holawifi.net\\\/#website\"},\"datePublished\":\"2022-01-31T07:31:56+00:00\",\"dateModified\":\"2026-01-14T10:09:17+00:00\",\"breadcrumb\":{\"@id\":\"https:\\\/\\\/holawifi.net\\\/nosotros\\\/#breadcrumb\"},\"inLanguage\":\"en-GB\",\"potentialAction\":[{\"@type\":\"ReadAction\",\"target\":[\"https:\\\/\\\/holawifi.net\\\/nosotros\\\/\"]}]},{\"@type\":\"BreadcrumbList\",\"@id\":\"https:\\\/\\\/holawifi.net\\\/nosotros\\\/#breadcrumb\",\"itemListElement\":[{\"@type\":\"ListItem\",\"position\":1,\"name\":\"Portada\",\"item\":\"https:\\\/\\\/holawifi.net\\\/\"},{\"@type\":\"ListItem\",\"position\":2,\"name\":\"Nosotros\"}]},{\"@type\":\"WebSite\",\"@id\":\"https:\\\/\\\/holawifi.net\\\/#website\",\"url\":\"https:\\\/\\\/holawifi.net\\\/\",\"name\":\"holaWifi\",\"description\":\"Internet en Comunidad Valenciana -Velocidades de fibra, vivas donde vivas\",\"publisher\":{\"@id\":\"https:\\\/\\\/holawifi.net\\\/#organization\"},\"potentialAction\":[{\"@type\":\"SearchAction\",\"target\":{\"@type\":\"EntryPoint\",\"urlTemplate\":\"https:\\\/\\\/holawifi.net\\\/?s={search_term_string}\"},\"query-input\":{\"@type\":\"PropertyValueSpecification\",\"valueRequired\":true,\"valueName\":\"search_term_string\"}}],\"inLanguage\":\"en-GB\"},{\"@type\":\"Organization\",\"@id\":\"https:\\\/\\\/holawifi.net\\\/#organization\",\"name\":\"holaWifi\",\"url\":\"https:\\\/\\\/holawifi.net\\\/\",\"logo\":{\"@type\":\"ImageObject\",\"inLanguage\":\"en-GB\",\"@id\":\"https:\\\/\\\/holawifi.net\\\/#\\\/schema\\\/logo\\\/image\\\/\",\"url\":\"https:\\\/\\\/holawifi.net\\\/wp-content\\\/uploads\\\/2021\\\/09\\\/cropped-FAVICON_hw.png\",\"contentUrl\":\"https:\\\/\\\/holawifi.net\\\/wp-content\\\/uploads\\\/2021\\\/09\\\/cropped-FAVICON_hw.png\",\"width\":512,\"height\":512,\"caption\":\"holaWifi\"},\"image\":{\"@id\":\"https:\\\/\\\/holawifi.net\\\/#\\\/schema\\\/logo\\\/image\\\/\"},\"sameAs\":[\"https:\\\/\\\/www.facebook.com\\\/holawifi\\\/\",\"https:\\\/\\\/www.instagram.com\\\/holawifi_\\\/\",\"https:\\\/\\\/es.linkedin.com\\\/company\\\/holawifi\"]}]}<\/script>\n<!-- \/ Yoast SEO plugin. -->","yoast_head_json":{"title":"About us | holaWifi","robots":{"index":"index","follow":"follow","max-snippet":"max-snippet:-1","max-image-preview":"max-image-preview:large","max-video-preview":"max-video-preview:-1"},"canonical":"https:\/\/holawifi.net\/en\/we\/","og_locale":"en_GB","og_type":"article","og_title":"Nosotros | holaWifi","og_description":"Somos holaWifi, la operadora de telecomunicaciones valenciana que te conecta sin complicaciones. Nacimos para ofrecerte internet y telefon\u00eda m\u00f3vil de calidad, pero sobre todo, un servicio cercano y humano. No somos una gran corporaci\u00f3n; somos vecinos tuyos, comprometidos con nuestra tierra y con darte la mejor experiencia. Usamos tecnolog\u00eda profesional Ubiquiti para dar una conexi\u00f3n [&hellip;]","og_url":"https:\/\/holawifi.net\/en\/we\/","og_site_name":"holaWifi","article_publisher":"https:\/\/www.facebook.com\/holawifi\/","article_modified_time":"2026-01-14T10:09:17+00:00","og_image":[{"width":1088,"height":960,"url":"https:\/\/holawifi.net\/wp-content\/uploads\/2025\/11\/13.jpg","type":"image\/jpeg"}],"twitter_card":"summary_large_image","twitter_misc":{"Estimated reading time":"2 minutes"},"schema":{"@context":"https:\/\/schema.org","@graph":[{"@type":"WebPage","@id":"https:\/\/holawifi.net\/nosotros\/","url":"https:\/\/holawifi.net\/nosotros\/","name":"About us | holaWifi","isPartOf":{"@id":"https:\/\/holawifi.net\/#website"},"datePublished":"2022-01-31T07:31:56+00:00","dateModified":"2026-01-14T10:09:17+00:00","breadcrumb":{"@id":"https:\/\/holawifi.net\/nosotros\/#breadcrumb"},"inLanguage":"en-GB","potentialAction":[{"@type":"ReadAction","target":["https:\/\/holawifi.net\/nosotros\/"]}]},{"@type":"BreadcrumbList","@id":"https:\/\/holawifi.net\/nosotros\/#breadcrumb","itemListElement":[{"@type":"ListItem","position":1,"name":"Portada","item":"https:\/\/holawifi.net\/"},{"@type":"ListItem","position":2,"name":"Nosotros"}]},{"@type":"WebSite","@id":"https:\/\/holawifi.net\/#website","url":"https:\/\/holawifi.net\/","name":"holaWifi","description":"Internet in Comunidad Valenciana -Fibre speeds, wherever you live","publisher":{"@id":"https:\/\/holawifi.net\/#organization"},"potentialAction":[{"@type":"SearchAction","target":{"@type":"EntryPoint","urlTemplate":"https:\/\/holawifi.net\/?s={search_term_string}"},"query-input":{"@type":"PropertyValueSpecification","valueRequired":true,"valueName":"search_term_string"}}],"inLanguage":"en-GB"},{"@type":"Organization","@id":"https:\/\/holawifi.net\/#organization","name":"holaWifi","url":"https:\/\/holawifi.net\/","logo":{"@type":"ImageObject","inLanguage":"en-GB","@id":"https:\/\/holawifi.net\/#\/schema\/logo\/image\/","url":"https:\/\/holawifi.net\/wp-content\/uploads\/2021\/09\/cropped-FAVICON_hw.png","contentUrl":"https:\/\/holawifi.net\/wp-content\/uploads\/2021\/09\/cropped-FAVICON_hw.png","width":512,"height":512,"caption":"holaWifi"},"image":{"@id":"https:\/\/holawifi.net\/#\/schema\/logo\/image\/"},"sameAs":["https:\/\/www.facebook.com\/holawifi\/","https:\/\/www.instagram.com\/holawifi_\/","https:\/\/es.linkedin.com\/company\/holawifi"]}]}},"_links":{"self":[{"href":"https:\/\/holawifi.net\/en\/wp-json\/wp\/v2\/pages\/247","targetHints":{"allow":["GET"]}}],"collection":[{"href":"https:\/\/holawifi.net\/en\/wp-json\/wp\/v2\/pages"}],"about":[{"href":"https:\/\/holawifi.net\/en\/wp-json\/wp\/v2\/types\/page"}],"author":[{"embeddable":true,"href":"https:\/\/holawifi.net\/en\/wp-json\/wp\/v2\/users\/1"}],"replies":[{"embeddable":true,"href":"https:\/\/holawifi.net\/en\/wp-json\/wp\/v2\/comments?post=247"}],"version-history":[{"count":4,"href":"https:\/\/holawifi.net\/en\/wp-json\/wp\/v2\/pages\/247\/revisions"}],"predecessor-version":[{"id":5862,"href":"https:\/\/holawifi.net\/en\/wp-json\/wp\/v2\/pages\/247\/revisions\/5862"}],"wp:attachment":[{"href":"https:\/\/holawifi.net\/en\/wp-json\/wp\/v2\/media?parent=247"}],"curies":[{"name":"wp","href":"https:\/\/api.w.org\/{rel}","templated":true}]}}