{"id":2406,"date":"2023-06-28T09:39:13","date_gmt":"2023-06-28T07:39:13","guid":{"rendered":"https:\/\/holawifi.net\/?page_id=2406"},"modified":"2023-06-28T13:59:22","modified_gmt":"2023-06-28T11:59:22","slug":"customer-communication-20mb","status":"publish","type":"page","link":"https:\/\/holawifi.net\/en\/comunicacion-clientes-20mb\/","title":{"rendered":"Customer communication 20Mb"},"content":{"rendered":"<div data-elementor-type=\"wp-page\" data-elementor-id=\"2406\" class=\"elementor elementor-2406\" data-elementor-post-type=\"page\">\n\t\t\t\t<div class=\"elementor-element elementor-element-5ca1508 e-flex e-con-boxed e-con e-parent\" data-id=\"5ca1508\" data-element_type=\"container\" data-e-type=\"container\">\n\t\t\t\t\t<div class=\"e-con-inner\">\n\t\t\t\t<div class=\"elementor-element elementor-element-fa10e6e elementor-widget elementor-widget-image\" data-id=\"fa10e6e\" data-element_type=\"widget\" data-e-type=\"widget\" data-widget_type=\"image.default\">\n\t\t\t\t<div class=\"elementor-widget-container\">\n\t\t\t\t\t\t\t\t\t\t\t\t\t\t\t<img decoding=\"async\" width=\"300\" height=\"135\" src=\"https:\/\/holawifi.net\/wp-content\/uploads\/2023\/06\/idwVaPHkRQ-300x135.png\" class=\"attachment-medium size-medium wp-image-2412\" alt=\"\" srcset=\"https:\/\/holawifi.net\/wp-content\/uploads\/2023\/06\/idwVaPHkRQ-300x135.png 300w, https:\/\/holawifi.net\/wp-content\/uploads\/2023\/06\/idwVaPHkRQ-768x346.png 768w, https:\/\/holawifi.net\/wp-content\/uploads\/2023\/06\/idwVaPHkRQ-18x8.png 18w, https:\/\/holawifi.net\/wp-content\/uploads\/2023\/06\/idwVaPHkRQ.png 820w\" sizes=\"(max-width: 300px) 100vw, 300px\" \/>\t\t\t\t\t\t\t\t\t\t\t\t\t\t\t<\/div>\n\t\t\t\t<\/div>\n\t\t\t\t<div class=\"elementor-element elementor-element-07bcd15 elementor-widget elementor-widget-text-editor\" data-id=\"07bcd15\" data-element_type=\"widget\" data-e-type=\"widget\" data-widget_type=\"text-editor.default\">\n\t\t\t\t<div class=\"elementor-widget-container\">\n\t\t\t\t\t\t\t\t\t<p style=\"text-align: left;\">Hello,<\/p><p style=\"text-align: left;\">At <strong>holaWifi<\/strong>\u00a0we greatly value your loyalty and trust in the internet service we offer you, and that is why we are addressing you to<i>\u00a0<\/i>to inform you of a new feature that will benefit your browsing experience.<\/p><p style=\"text-align: left;\">As you may know, over the last few years there has been an exponential growth in data consumption, mainly due to teleworking, e-learning and streaming of live entertainment (series, movies, etc). Therefore, in line with our commitment to provide you with a fast and stable connection, we have made significant investments in technology to meet your needs; and we are pleased to know that we have achieved this and have done so while maintaining our prices for more than 6 years.<\/p><p style=\"text-align: left;\">However, the increase in operating costs caused by the increase in the CPI will be reflected in our prices. However, in order to ensure that you continue to receive the best possible service, at <strong>holaWifi<\/strong>\u00a0We are finalising the arrangements for you to receive more speed very soon - more megabytes to boost your connection!<\/p><p style=\"text-align: left;\">In this way<i>,\u00a0<\/i>as of 1 August you will see an upgrade to your tariff that will allow you to enjoy up to 2<span title=\"{{ contact.SERVICE }}\" data-placeholder=\"{{ contact.SERVICIO }}\">0Mb<\/span>\u00a0download for just \u20ac14.95 per month. The advantages of this upgrade will benefit you in two ways as, on the one hand, you will enjoy more speed and stability; and on the other hand, it will allow us to continue creating and maintaining our own network to reach where others do not, with a quality service.\u00a0<\/p><p style=\"text-align: left;\">We understand that any change in prices may generate doubts, so we take this opportunity to remind you that our customer service team is at your disposal. <strong>holaWifi<\/strong>where we will listen to you and resolve any questions you may have. For us, your level of satisfaction with our work is very important, so we will always be happy to find the best solution for you.\u00a0<\/p><p style=\"text-align: left;\">Thank you for allowing us to be your internet company.\u00a0<\/p><p style=\"text-align: left;\">Best regards,<\/p><p style=\"text-align: left;\">HOLAWIFI COMERCIALIZADORA S.L.<\/p>\t\t\t\t\t\t\t\t<\/div>\n\t\t\t\t<\/div>\n\t\t\t\t\t<\/div>\n\t\t\t\t<\/div>\n\t\t\t\t<\/div>","protected":false},"excerpt":{"rendered":"<p>Hola, En holaWifi\u00a0valoramos enormemente tu lealtad y confianza en el servicio de internet que te ofrecemos, y por eso nos dirigimos\u00a0a ti para informarte de una novedad que beneficiar\u00e1 tu experiencia de navegaci\u00f3n. Como sabr\u00e1s, durante los \u00faltimos a\u00f1os se ha producido un crecimiento exponencial en el consumo de datos, debido sobre todo al teletrabajo, [&hellip;]<\/p>\n","protected":false},"author":14,"featured_media":0,"parent":0,"menu_order":0,"comment_status":"closed","ping_status":"closed","template":"elementor_canvas","meta":{"_acf_changed":false,"inline_featured_image":false,"footnotes":""},"class_list":["post-2406","page","type-page","status-publish","hentry"],"acf":[],"yoast_head":"<!-- This site is optimized with the Yoast SEO plugin v27.4 - https:\/\/yoast.com\/product\/yoast-seo-wordpress\/ -->\n<title>Comunicaci\u00f3n clientes 20Mb | holaWifi<\/title>\n<meta name=\"robots\" content=\"index, follow, max-snippet:-1, max-image-preview:large, max-video-preview:-1\" \/>\n<link rel=\"canonical\" href=\"https:\/\/holawifi.net\/en\/customer-communication-20mb\/\" \/>\n<meta property=\"og:locale\" content=\"en_GB\" \/>\n<meta property=\"og:type\" content=\"article\" \/>\n<meta property=\"og:title\" content=\"Comunicaci\u00f3n clientes 20Mb | holaWifi\" \/>\n<meta property=\"og:description\" content=\"Hola, En holaWifi\u00a0valoramos enormemente tu lealtad y confianza en el servicio de internet que te ofrecemos, y por eso nos dirigimos\u00a0a ti para informarte de una novedad que beneficiar\u00e1 tu experiencia de navegaci\u00f3n. Como sabr\u00e1s, durante los \u00faltimos a\u00f1os se ha producido un crecimiento exponencial en el consumo de datos, debido sobre todo al teletrabajo, [&hellip;]\" \/>\n<meta property=\"og:url\" content=\"https:\/\/holawifi.net\/en\/customer-communication-20mb\/\" \/>\n<meta property=\"og:site_name\" content=\"holaWifi\" \/>\n<meta property=\"article:publisher\" content=\"https:\/\/www.facebook.com\/holawifi\/\" \/>\n<meta property=\"article:modified_time\" content=\"2023-06-28T11:59:22+00:00\" \/>\n<meta property=\"og:image\" content=\"https:\/\/holawifi.net\/wp-content\/uploads\/2023\/06\/idwVaPHkRQ-300x135.png\" \/>\n<meta name=\"twitter:card\" content=\"summary_large_image\" \/>\n<meta name=\"twitter:label1\" content=\"Estimated reading time\" \/>\n\t<meta name=\"twitter:data1\" content=\"2 minutes\" \/>\n<script type=\"application\/ld+json\" class=\"yoast-schema-graph\">{\"@context\":\"https:\\\/\\\/schema.org\",\"@graph\":[{\"@type\":\"WebPage\",\"@id\":\"https:\\\/\\\/holawifi.net\\\/comunicacion-clientes-20mb\\\/\",\"url\":\"https:\\\/\\\/holawifi.net\\\/comunicacion-clientes-20mb\\\/\",\"name\":\"Comunicaci\u00f3n clientes 20Mb | holaWifi\",\"isPartOf\":{\"@id\":\"https:\\\/\\\/holawifi.net\\\/#website\"},\"primaryImageOfPage\":{\"@id\":\"https:\\\/\\\/holawifi.net\\\/comunicacion-clientes-20mb\\\/#primaryimage\"},\"image\":{\"@id\":\"https:\\\/\\\/holawifi.net\\\/comunicacion-clientes-20mb\\\/#primaryimage\"},\"thumbnailUrl\":\"https:\\\/\\\/holawifi.net\\\/wp-content\\\/uploads\\\/2023\\\/06\\\/idwVaPHkRQ-300x135.png\",\"datePublished\":\"2023-06-28T07:39:13+00:00\",\"dateModified\":\"2023-06-28T11:59:22+00:00\",\"breadcrumb\":{\"@id\":\"https:\\\/\\\/holawifi.net\\\/comunicacion-clientes-20mb\\\/#breadcrumb\"},\"inLanguage\":\"en-GB\",\"potentialAction\":[{\"@type\":\"ReadAction\",\"target\":[\"https:\\\/\\\/holawifi.net\\\/comunicacion-clientes-20mb\\\/\"]}]},{\"@type\":\"ImageObject\",\"inLanguage\":\"en-GB\",\"@id\":\"https:\\\/\\\/holawifi.net\\\/comunicacion-clientes-20mb\\\/#primaryimage\",\"url\":\"https:\\\/\\\/holawifi.net\\\/wp-content\\\/uploads\\\/2023\\\/06\\\/idwVaPHkRQ-300x135.png\",\"contentUrl\":\"https:\\\/\\\/holawifi.net\\\/wp-content\\\/uploads\\\/2023\\\/06\\\/idwVaPHkRQ-300x135.png\"},{\"@type\":\"BreadcrumbList\",\"@id\":\"https:\\\/\\\/holawifi.net\\\/comunicacion-clientes-20mb\\\/#breadcrumb\",\"itemListElement\":[{\"@type\":\"ListItem\",\"position\":1,\"name\":\"Portada\",\"item\":\"https:\\\/\\\/holawifi.net\\\/\"},{\"@type\":\"ListItem\",\"position\":2,\"name\":\"Comunicaci\u00f3n clientes 20Mb\"}]},{\"@type\":\"WebSite\",\"@id\":\"https:\\\/\\\/holawifi.net\\\/#website\",\"url\":\"https:\\\/\\\/holawifi.net\\\/\",\"name\":\"holaWifi\",\"description\":\"Internet en Comunidad Valenciana -Velocidades de fibra, vivas donde vivas\",\"publisher\":{\"@id\":\"https:\\\/\\\/holawifi.net\\\/#organization\"},\"potentialAction\":[{\"@type\":\"SearchAction\",\"target\":{\"@type\":\"EntryPoint\",\"urlTemplate\":\"https:\\\/\\\/holawifi.net\\\/?s={search_term_string}\"},\"query-input\":{\"@type\":\"PropertyValueSpecification\",\"valueRequired\":true,\"valueName\":\"search_term_string\"}}],\"inLanguage\":\"en-GB\"},{\"@type\":\"Organization\",\"@id\":\"https:\\\/\\\/holawifi.net\\\/#organization\",\"name\":\"holaWifi\",\"url\":\"https:\\\/\\\/holawifi.net\\\/\",\"logo\":{\"@type\":\"ImageObject\",\"inLanguage\":\"en-GB\",\"@id\":\"https:\\\/\\\/holawifi.net\\\/#\\\/schema\\\/logo\\\/image\\\/\",\"url\":\"https:\\\/\\\/holawifi.net\\\/wp-content\\\/uploads\\\/2021\\\/09\\\/cropped-FAVICON_hw.png\",\"contentUrl\":\"https:\\\/\\\/holawifi.net\\\/wp-content\\\/uploads\\\/2021\\\/09\\\/cropped-FAVICON_hw.png\",\"width\":512,\"height\":512,\"caption\":\"holaWifi\"},\"image\":{\"@id\":\"https:\\\/\\\/holawifi.net\\\/#\\\/schema\\\/logo\\\/image\\\/\"},\"sameAs\":[\"https:\\\/\\\/www.facebook.com\\\/holawifi\\\/\",\"https:\\\/\\\/www.instagram.com\\\/holawifi_\\\/\",\"https:\\\/\\\/es.linkedin.com\\\/company\\\/holawifi\"]}]}<\/script>\n<!-- \/ Yoast SEO plugin. -->","yoast_head_json":{"title":"Communication with 20Mb customers | holaWifi","robots":{"index":"index","follow":"follow","max-snippet":"max-snippet:-1","max-image-preview":"max-image-preview:large","max-video-preview":"max-video-preview:-1"},"canonical":"https:\/\/holawifi.net\/en\/customer-communication-20mb\/","og_locale":"en_GB","og_type":"article","og_title":"Comunicaci\u00f3n clientes 20Mb | holaWifi","og_description":"Hola, En holaWifi\u00a0valoramos enormemente tu lealtad y confianza en el servicio de internet que te ofrecemos, y por eso nos dirigimos\u00a0a ti para informarte de una novedad que beneficiar\u00e1 tu experiencia de navegaci\u00f3n. Como sabr\u00e1s, durante los \u00faltimos a\u00f1os se ha producido un crecimiento exponencial en el consumo de datos, debido sobre todo al teletrabajo, [&hellip;]","og_url":"https:\/\/holawifi.net\/en\/customer-communication-20mb\/","og_site_name":"holaWifi","article_publisher":"https:\/\/www.facebook.com\/holawifi\/","article_modified_time":"2023-06-28T11:59:22+00:00","og_image":[{"url":"https:\/\/holawifi.net\/wp-content\/uploads\/2023\/06\/idwVaPHkRQ-300x135.png","type":"","width":"","height":""}],"twitter_card":"summary_large_image","twitter_misc":{"Estimated reading time":"2 minutes"},"schema":{"@context":"https:\/\/schema.org","@graph":[{"@type":"WebPage","@id":"https:\/\/holawifi.net\/comunicacion-clientes-20mb\/","url":"https:\/\/holawifi.net\/comunicacion-clientes-20mb\/","name":"Communication with 20Mb customers | holaWifi","isPartOf":{"@id":"https:\/\/holawifi.net\/#website"},"primaryImageOfPage":{"@id":"https:\/\/holawifi.net\/comunicacion-clientes-20mb\/#primaryimage"},"image":{"@id":"https:\/\/holawifi.net\/comunicacion-clientes-20mb\/#primaryimage"},"thumbnailUrl":"https:\/\/holawifi.net\/wp-content\/uploads\/2023\/06\/idwVaPHkRQ-300x135.png","datePublished":"2023-06-28T07:39:13+00:00","dateModified":"2023-06-28T11:59:22+00:00","breadcrumb":{"@id":"https:\/\/holawifi.net\/comunicacion-clientes-20mb\/#breadcrumb"},"inLanguage":"en-GB","potentialAction":[{"@type":"ReadAction","target":["https:\/\/holawifi.net\/comunicacion-clientes-20mb\/"]}]},{"@type":"ImageObject","inLanguage":"en-GB","@id":"https:\/\/holawifi.net\/comunicacion-clientes-20mb\/#primaryimage","url":"https:\/\/holawifi.net\/wp-content\/uploads\/2023\/06\/idwVaPHkRQ-300x135.png","contentUrl":"https:\/\/holawifi.net\/wp-content\/uploads\/2023\/06\/idwVaPHkRQ-300x135.png"},{"@type":"BreadcrumbList","@id":"https:\/\/holawifi.net\/comunicacion-clientes-20mb\/#breadcrumb","itemListElement":[{"@type":"ListItem","position":1,"name":"Portada","item":"https:\/\/holawifi.net\/"},{"@type":"ListItem","position":2,"name":"Comunicaci\u00f3n clientes 20Mb"}]},{"@type":"WebSite","@id":"https:\/\/holawifi.net\/#website","url":"https:\/\/holawifi.net\/","name":"holaWifi","description":"Internet in Comunidad Valenciana -Fibre speeds, wherever you live","publisher":{"@id":"https:\/\/holawifi.net\/#organization"},"potentialAction":[{"@type":"SearchAction","target":{"@type":"EntryPoint","urlTemplate":"https:\/\/holawifi.net\/?s={search_term_string}"},"query-input":{"@type":"PropertyValueSpecification","valueRequired":true,"valueName":"search_term_string"}}],"inLanguage":"en-GB"},{"@type":"Organization","@id":"https:\/\/holawifi.net\/#organization","name":"holaWifi","url":"https:\/\/holawifi.net\/","logo":{"@type":"ImageObject","inLanguage":"en-GB","@id":"https:\/\/holawifi.net\/#\/schema\/logo\/image\/","url":"https:\/\/holawifi.net\/wp-content\/uploads\/2021\/09\/cropped-FAVICON_hw.png","contentUrl":"https:\/\/holawifi.net\/wp-content\/uploads\/2021\/09\/cropped-FAVICON_hw.png","width":512,"height":512,"caption":"holaWifi"},"image":{"@id":"https:\/\/holawifi.net\/#\/schema\/logo\/image\/"},"sameAs":["https:\/\/www.facebook.com\/holawifi\/","https:\/\/www.instagram.com\/holawifi_\/","https:\/\/es.linkedin.com\/company\/holawifi"]}]}},"_links":{"self":[{"href":"https:\/\/holawifi.net\/en\/wp-json\/wp\/v2\/pages\/2406","targetHints":{"allow":["GET"]}}],"collection":[{"href":"https:\/\/holawifi.net\/en\/wp-json\/wp\/v2\/pages"}],"about":[{"href":"https:\/\/holawifi.net\/en\/wp-json\/wp\/v2\/types\/page"}],"author":[{"embeddable":true,"href":"https:\/\/holawifi.net\/en\/wp-json\/wp\/v2\/users\/14"}],"replies":[{"embeddable":true,"href":"https:\/\/holawifi.net\/en\/wp-json\/wp\/v2\/comments?post=2406"}],"version-history":[{"count":24,"href":"https:\/\/holawifi.net\/en\/wp-json\/wp\/v2\/pages\/2406\/revisions"}],"predecessor-version":[{"id":2468,"href":"https:\/\/holawifi.net\/en\/wp-json\/wp\/v2\/pages\/2406\/revisions\/2468"}],"wp:attachment":[{"href":"https:\/\/holawifi.net\/en\/wp-json\/wp\/v2\/media?parent=2406"}],"curies":[{"name":"wp","href":"https:\/\/api.w.org\/{rel}","templated":true}]}}