{"id":1871,"date":"2022-12-21T10:03:30","date_gmt":"2022-12-21T09:03:30","guid":{"rendered":"https:\/\/holawifi.net\/?page_id=1871"},"modified":"2022-12-21T13:33:40","modified_gmt":"2022-12-21T12:33:40","slug":"privacy-policy","status":"publish","type":"page","link":"https:\/\/holawifi.net\/en\/politica-de-privacidad\/","title":{"rendered":"Privacy policy"},"content":{"rendered":"<p class=\"p1\"><strong>PRIVACY POLICY<\/strong><\/p>\n<p class=\"p1\"><strong>1. USER INFORMATION<\/strong><\/p>\n<p class=\"p1\"><strong>Who is responsible for the processing of your personal data?<\/strong><br \/>\nHOLAWIFI COMERCIALIZADORA, S.L. is RESPONSIBLE for the processing of the USER's personal data and informs you that this data will be processed in accordance with the provisions of Regulation (EU) 2016\/679, of 27 April (GDPR), and Organic Law 3\/2018, of 5 December (LOPDGDD).<\/p>\n<p class=\"p1\"><strong>What do we process your personal data for and why?<\/strong><br \/>\nDepending on the form in which we have obtained your personal data, we will treat it confidentially for the following purposes:<\/p>\n<p><strong>How long will we keep your personal data?<\/strong><br \/>\nThey shall be kept for no longer than is necessary to maintain the purpose of the processing or there are legal requirements dictating their safekeeping and when no longer necessary for that purpose, they shall be erased with appropriate security measures to ensure the anonymisation of the data or their total destruction.<\/p>\n<p><strong>To whom do we provide your personal data?<\/strong><br \/>\nNo communication of personal data to third parties is foreseen except, if necessary for the development and execution of the purposes of the processing, to our service providers related to communications, with whom the RESPONSIBLE has signed the confidentiality and data processor contracts required by the privacy regulations in force.<\/p>\n<p><strong>What are your rights?<\/strong><br \/>\nThe rights of the USER are:<\/p>\n<ul>\n<li>Right to withdraw consent at any time.<\/li>\n<li>The right of access, rectification, portability and deletion of your data, and the right to limit or oppose its processing.<\/li>\n<li>The right to lodge a complaint with the supervisory authority (www.aepd.es) if you consider that the processing does not comply with the regulations in force.<\/li>\n<\/ul>\n<p><strong>Contact details for exercising your rights:<\/strong><br \/>\nHOLAWIFI COMERCIALIZADORA, S.L.. Calle Segar\u00eda, 1 2 4 - 03760 Ondara (Alacant). E-mail: info@holawifi.net Contact details of the data protection officer: Avda. Albaida, 19, 46870 Ontinyent - dpd@ontidata.es<\/p>\n<p><strong>2. MANDATORY OR OPTIONAL NATURE OF THE INFORMATION PROVIDED BY THE USER<\/strong><\/p>\n<p>USERS, by ticking the corresponding boxes and entering data in the fields marked with an asterisk (*) in the contact form or presented in download forms, expressly and freely and unequivocally accept that their data are necessary to meet their request, by the provider, being voluntary the inclusion of data in the remaining fields. The USER guarantees that the personal data provided to the RESPONSIBLE are truthful and is responsible for communicating any changes to them.<\/p>\n<p class=\"p1\">The RESPONSIBLE informs that all data requested through the website are mandatory, as they are necessary for the provision of an optimal service to the USER. In the event that all the data is not provided, there is no guarantee that the information and services provided will be completely tailored to your needs.<\/p>\n<p class=\"p1\"><strong>3. SECURITY MEASURES<\/strong><\/p>\n<p class=\"p1\">That in accordance with the provisions of the regulations in force on personal data protection, the RESPONSIBLE is complying with all the provisions of the GDPR and LOPDGDD regulations for the processing of personal data under its responsibility, and manifestly with the principles described in article 5 of the GDPR, whereby they are processed lawfully, fairly and transparently in relation to the data subject and are adequate, relevant and limited to what is necessary in relation to the purposes for which they are processed.<\/p>\n<p class=\"p1\">The RESPONSIBLE guarantees that it has implemented appropriate technical and organisational policies to apply the security measures established by the GDPR and the LOPDGDD in order to protect the rights and freedoms of the USERS and has communicated the appropriate information to them so that they can exercise them.<\/p>\n<p class=\"p1\">For more information about privacy guarantees, you can contact the RESPONSIBLE person through HOLAWIFI COMERCIALIZADORA, S.L.. Calle Segar\u00eda, 1 2 4 - 03760 Ondara (Alacant). E-mail: info@holawifi.net<br \/>\nContact details of the data protection officer: Avda. Albaida, 19, 46870 Ontinyent - dpd@ontidata.es<\/p>","protected":false},"excerpt":{"rendered":"<p>POL\u00cdTICA DE PRIVACIDAD 1. INFORMACI\u00d3N AL USUARIO \u00bfQui\u00e9n es el responsable del tratamiento de tus datos personales? HOLAWIFI COMERCIALIZADORA, S.L. es el RESPONSABLE del tratamiento de los datos personales del USUARIO y le informa de que estos datos ser\u00e1n tratados de conformidad con lo dispuesto en el Reglamento (UE) 2016\/679, de 27 de abril (GDPR), [&hellip;]<\/p>\n","protected":false},"author":14,"featured_media":0,"parent":0,"menu_order":0,"comment_status":"closed","ping_status":"closed","template":"","meta":{"_acf_changed":false,"inline_featured_image":false,"footnotes":""},"class_list":["post-1871","page","type-page","status-publish","hentry"],"acf":[],"yoast_head":"<!-- This site is optimized with the Yoast SEO plugin v27.3 - https:\/\/yoast.com\/product\/yoast-seo-wordpress\/ -->\n<title>Pol\u00edtica de privacidad | holaWifi<\/title>\n<meta name=\"robots\" content=\"noindex, follow\" \/>\n<meta property=\"og:locale\" content=\"en_GB\" \/>\n<meta property=\"og:type\" content=\"article\" \/>\n<meta property=\"og:title\" content=\"Pol\u00edtica de privacidad | holaWifi\" \/>\n<meta property=\"og:description\" content=\"POL\u00cdTICA DE PRIVACIDAD 1. INFORMACI\u00d3N AL USUARIO \u00bfQui\u00e9n es el responsable del tratamiento de tus datos personales? HOLAWIFI COMERCIALIZADORA, S.L. es el RESPONSABLE del tratamiento de los datos personales del USUARIO y le informa de que estos datos ser\u00e1n tratados de conformidad con lo dispuesto en el Reglamento (UE) 2016\/679, de 27 de abril (GDPR), [&hellip;]\" \/>\n<meta property=\"og:url\" content=\"https:\/\/holawifi.net\/en\/privacy-policy\/\" \/>\n<meta property=\"og:site_name\" content=\"holaWifi\" \/>\n<meta property=\"article:publisher\" content=\"https:\/\/www.facebook.com\/holawifi\/\" \/>\n<meta property=\"article:modified_time\" content=\"2022-12-21T12:33:40+00:00\" \/>\n<meta property=\"og:image\" content=\"https:\/\/holawifi.net\/wp-content\/uploads\/2025\/11\/13.jpg\" \/>\n\t<meta property=\"og:image:width\" content=\"1088\" \/>\n\t<meta property=\"og:image:height\" content=\"960\" \/>\n\t<meta property=\"og:image:type\" content=\"image\/jpeg\" \/>\n<meta name=\"twitter:card\" content=\"summary_large_image\" \/>\n<meta name=\"twitter:label1\" content=\"Estimated reading time\" \/>\n\t<meta name=\"twitter:data1\" content=\"3 minutes\" \/>\n<script type=\"application\/ld+json\" class=\"yoast-schema-graph\">{\"@context\":\"https:\\\/\\\/schema.org\",\"@graph\":[{\"@type\":\"WebPage\",\"@id\":\"https:\\\/\\\/holawifi.net\\\/politica-de-privacidad\\\/\",\"url\":\"https:\\\/\\\/holawifi.net\\\/politica-de-privacidad\\\/\",\"name\":\"Pol\u00edtica de privacidad | holaWifi\",\"isPartOf\":{\"@id\":\"https:\\\/\\\/holawifi.net\\\/#website\"},\"datePublished\":\"2022-12-21T09:03:30+00:00\",\"dateModified\":\"2022-12-21T12:33:40+00:00\",\"breadcrumb\":{\"@id\":\"https:\\\/\\\/holawifi.net\\\/politica-de-privacidad\\\/#breadcrumb\"},\"inLanguage\":\"en-GB\",\"potentialAction\":[{\"@type\":\"ReadAction\",\"target\":[\"https:\\\/\\\/holawifi.net\\\/politica-de-privacidad\\\/\"]}]},{\"@type\":\"BreadcrumbList\",\"@id\":\"https:\\\/\\\/holawifi.net\\\/politica-de-privacidad\\\/#breadcrumb\",\"itemListElement\":[{\"@type\":\"ListItem\",\"position\":1,\"name\":\"Portada\",\"item\":\"https:\\\/\\\/holawifi.net\\\/\"},{\"@type\":\"ListItem\",\"position\":2,\"name\":\"Pol\u00edtica de privacidad\"}]},{\"@type\":\"WebSite\",\"@id\":\"https:\\\/\\\/holawifi.net\\\/#website\",\"url\":\"https:\\\/\\\/holawifi.net\\\/\",\"name\":\"holaWifi\",\"description\":\"Internet en Comunidad Valenciana -Velocidades de fibra, vivas donde vivas\",\"publisher\":{\"@id\":\"https:\\\/\\\/holawifi.net\\\/#organization\"},\"potentialAction\":[{\"@type\":\"SearchAction\",\"target\":{\"@type\":\"EntryPoint\",\"urlTemplate\":\"https:\\\/\\\/holawifi.net\\\/?s={search_term_string}\"},\"query-input\":{\"@type\":\"PropertyValueSpecification\",\"valueRequired\":true,\"valueName\":\"search_term_string\"}}],\"inLanguage\":\"en-GB\"},{\"@type\":\"Organization\",\"@id\":\"https:\\\/\\\/holawifi.net\\\/#organization\",\"name\":\"holaWifi\",\"url\":\"https:\\\/\\\/holawifi.net\\\/\",\"logo\":{\"@type\":\"ImageObject\",\"inLanguage\":\"en-GB\",\"@id\":\"https:\\\/\\\/holawifi.net\\\/#\\\/schema\\\/logo\\\/image\\\/\",\"url\":\"https:\\\/\\\/holawifi.net\\\/wp-content\\\/uploads\\\/2021\\\/09\\\/cropped-FAVICON_hw.png\",\"contentUrl\":\"https:\\\/\\\/holawifi.net\\\/wp-content\\\/uploads\\\/2021\\\/09\\\/cropped-FAVICON_hw.png\",\"width\":512,\"height\":512,\"caption\":\"holaWifi\"},\"image\":{\"@id\":\"https:\\\/\\\/holawifi.net\\\/#\\\/schema\\\/logo\\\/image\\\/\"},\"sameAs\":[\"https:\\\/\\\/www.facebook.com\\\/holawifi\\\/\",\"https:\\\/\\\/www.instagram.com\\\/holawifi_\\\/\",\"https:\\\/\\\/es.linkedin.com\\\/company\\\/holawifi\"]}]}<\/script>\n<!-- \/ Yoast SEO plugin. -->","yoast_head_json":{"title":"Privacy policy | holaWifi","robots":{"index":"noindex","follow":"follow"},"og_locale":"en_GB","og_type":"article","og_title":"Pol\u00edtica de privacidad | holaWifi","og_description":"POL\u00cdTICA DE PRIVACIDAD 1. INFORMACI\u00d3N AL USUARIO \u00bfQui\u00e9n es el responsable del tratamiento de tus datos personales? HOLAWIFI COMERCIALIZADORA, S.L. es el RESPONSABLE del tratamiento de los datos personales del USUARIO y le informa de que estos datos ser\u00e1n tratados de conformidad con lo dispuesto en el Reglamento (UE) 2016\/679, de 27 de abril (GDPR), [&hellip;]","og_url":"https:\/\/holawifi.net\/en\/privacy-policy\/","og_site_name":"holaWifi","article_publisher":"https:\/\/www.facebook.com\/holawifi\/","article_modified_time":"2022-12-21T12:33:40+00:00","og_image":[{"width":1088,"height":960,"url":"https:\/\/holawifi.net\/wp-content\/uploads\/2025\/11\/13.jpg","type":"image\/jpeg"}],"twitter_card":"summary_large_image","twitter_misc":{"Estimated reading time":"3 minutes"},"schema":{"@context":"https:\/\/schema.org","@graph":[{"@type":"WebPage","@id":"https:\/\/holawifi.net\/politica-de-privacidad\/","url":"https:\/\/holawifi.net\/politica-de-privacidad\/","name":"Privacy policy | holaWifi","isPartOf":{"@id":"https:\/\/holawifi.net\/#website"},"datePublished":"2022-12-21T09:03:30+00:00","dateModified":"2022-12-21T12:33:40+00:00","breadcrumb":{"@id":"https:\/\/holawifi.net\/politica-de-privacidad\/#breadcrumb"},"inLanguage":"en-GB","potentialAction":[{"@type":"ReadAction","target":["https:\/\/holawifi.net\/politica-de-privacidad\/"]}]},{"@type":"BreadcrumbList","@id":"https:\/\/holawifi.net\/politica-de-privacidad\/#breadcrumb","itemListElement":[{"@type":"ListItem","position":1,"name":"Portada","item":"https:\/\/holawifi.net\/"},{"@type":"ListItem","position":2,"name":"Pol\u00edtica de privacidad"}]},{"@type":"WebSite","@id":"https:\/\/holawifi.net\/#website","url":"https:\/\/holawifi.net\/","name":"holaWifi","description":"Internet in Comunidad Valenciana -Fibre speeds, wherever you live","publisher":{"@id":"https:\/\/holawifi.net\/#organization"},"potentialAction":[{"@type":"SearchAction","target":{"@type":"EntryPoint","urlTemplate":"https:\/\/holawifi.net\/?s={search_term_string}"},"query-input":{"@type":"PropertyValueSpecification","valueRequired":true,"valueName":"search_term_string"}}],"inLanguage":"en-GB"},{"@type":"Organization","@id":"https:\/\/holawifi.net\/#organization","name":"holaWifi","url":"https:\/\/holawifi.net\/","logo":{"@type":"ImageObject","inLanguage":"en-GB","@id":"https:\/\/holawifi.net\/#\/schema\/logo\/image\/","url":"https:\/\/holawifi.net\/wp-content\/uploads\/2021\/09\/cropped-FAVICON_hw.png","contentUrl":"https:\/\/holawifi.net\/wp-content\/uploads\/2021\/09\/cropped-FAVICON_hw.png","width":512,"height":512,"caption":"holaWifi"},"image":{"@id":"https:\/\/holawifi.net\/#\/schema\/logo\/image\/"},"sameAs":["https:\/\/www.facebook.com\/holawifi\/","https:\/\/www.instagram.com\/holawifi_\/","https:\/\/es.linkedin.com\/company\/holawifi"]}]}},"_links":{"self":[{"href":"https:\/\/holawifi.net\/en\/wp-json\/wp\/v2\/pages\/1871","targetHints":{"allow":["GET"]}}],"collection":[{"href":"https:\/\/holawifi.net\/en\/wp-json\/wp\/v2\/pages"}],"about":[{"href":"https:\/\/holawifi.net\/en\/wp-json\/wp\/v2\/types\/page"}],"author":[{"embeddable":true,"href":"https:\/\/holawifi.net\/en\/wp-json\/wp\/v2\/users\/14"}],"replies":[{"embeddable":true,"href":"https:\/\/holawifi.net\/en\/wp-json\/wp\/v2\/comments?post=1871"}],"version-history":[{"count":5,"href":"https:\/\/holawifi.net\/en\/wp-json\/wp\/v2\/pages\/1871\/revisions"}],"predecessor-version":[{"id":1883,"href":"https:\/\/holawifi.net\/en\/wp-json\/wp\/v2\/pages\/1871\/revisions\/1883"}],"wp:attachment":[{"href":"https:\/\/holawifi.net\/en\/wp-json\/wp\/v2\/media?parent=1871"}],"curies":[{"name":"wp","href":"https:\/\/api.w.org\/{rel}","templated":true}]}}