{"id":14398,"date":"2026-02-03T12:50:51","date_gmt":"2026-02-03T11:50:51","guid":{"rendered":"https:\/\/holawifi.net\/?page_id=14398"},"modified":"2026-02-04T08:19:05","modified_gmt":"2026-02-04T07:19:05","slug":"whatsapp","status":"publish","type":"page","link":"https:\/\/holawifi.net\/en\/whatsapp\/","title":{"rendered":"WhatsApp"},"content":{"rendered":"<div data-elementor-type=\"wp-page\" data-elementor-id=\"14398\" class=\"elementor elementor-14398\" data-elementor-post-type=\"page\">\n\t\t\t\t<div class=\"elementor-element elementor-element-106e650 e-flex e-con-boxed e-con e-parent\" data-id=\"106e650\" data-element_type=\"container\" data-e-type=\"container\">\n\t\t\t\t\t<div class=\"e-con-inner\">\n\t\t<div class=\"elementor-element elementor-element-300cb98 e-con-full e-flex e-con e-child\" data-id=\"300cb98\" data-element_type=\"container\" data-e-type=\"container\">\n\t\t\t\t<div class=\"elementor-element elementor-element-65aa0b5 elementor-widget elementor-widget-heading\" data-id=\"65aa0b5\" data-element_type=\"widget\" data-e-type=\"widget\" data-widget_type=\"heading.default\">\n\t\t\t\t<div class=\"elementor-widget-container\">\n\t\t\t\t\t<h2 class=\"elementor-heading-title elementor-size-default\">Direct attention by WhatsApp<span style=\"font-size: 2rem\"><\/span><\/h2>\t\t\t\t<\/div>\n\t\t\t\t<\/div>\n\t\t\t\t<div class=\"elementor-element elementor-element-ba726c5 elementor-widget__width-initial elementor-widget elementor-widget-heading\" data-id=\"ba726c5\" data-element_type=\"widget\" data-e-type=\"widget\" data-widget_type=\"heading.default\">\n\t\t\t\t<div class=\"elementor-widget-container\">\n\t\t\t\t\t<h3 class=\"elementor-heading-title elementor-size-default\">We help you check coverage, choose the best tariff and manage your installation quickly and directly.<\/h3>\t\t\t\t<\/div>\n\t\t\t\t<\/div>\n\t\t\t\t<div class=\"elementor-element elementor-element-1d42adf elementor-button-info elementor-align-left elementor-widget__width-initial elementor-widget elementor-widget-button\" data-id=\"1d42adf\" data-element_type=\"widget\" data-e-type=\"widget\" data-widget_type=\"button.default\">\n\t\t\t\t<div class=\"elementor-widget-container\">\n\t\t\t\t\t\t\t\t\t<div class=\"elementor-button-wrapper\">\n\t\t\t\t\t<a class=\"elementor-button elementor-button-link elementor-size-sm\" href=\"https:\/\/wa.me\/34635303030?text=Hola.%20Quiero%20informaci\u00f3n%20sobre%20los%20servicios%20de%20holaWifi.Me%20gustar\u00eda%20confirmar%20cobertura%20en%20mi%20zona.Gracias.\" id=\"WhatsApp-ads\">\n\t\t\t\t\t\t<span class=\"elementor-button-content-wrapper\">\n\t\t\t\t\t\t<span class=\"elementor-button-icon\">\n\t\t\t\t<svg aria-hidden=\"true\" class=\"e-font-icon-svg e-fab-whatsapp\" viewbox=\"0 0 448 512\" xmlns=\"http:\/\/www.w3.org\/2000\/svg\"><path d=\"M380.9 97.1C339 55.1 283.2 32 223.9 32c-122.4 0-222 99.6-222 222 0 39.1 10.2 77.3 29.6 111L0 480l117.7-30.9c32.4 17.7 68.9 27 106.1 27h.1c122.3 0 224.1-99.6 224.1-222 0-59.3-25.2-115-67.1-157zm-157 341.6c-33.2 0-65.7-8.9-94-25.7l-6.7-4-69.8 18.3L72 359.2l-4.4-7c-18.5-29.4-28.2-63.3-28.2-98.2 0-101.7 82.8-184.5 184.6-184.5 49.3 0 95.6 19.2 130.4 54.1 34.8 34.9 56.2 81.2 56.1 130.5 0 101.8-84.9 184.6-186.6 184.6zm101.2-138.2c-5.5-2.8-32.8-16.2-37.9-18-5.1-1.9-8.8-2.8-12.5 2.8-3.7 5.6-14.3 18-17.6 21.8-3.2 3.7-6.5 4.2-12 1.4-32.6-16.3-54-29.1-75.5-66-5.7-9.8 5.7-9.1 16.3-30.3 1.8-3.7.9-6.9-.5-9.7-1.4-2.8-12.5-30.1-17.1-41.2-4.5-10.8-9.1-9.3-12.5-9.5-3.2-.2-6.9-.2-10.6-.2-3.7 0-9.7 1.4-14.8 6.9-5.1 5.6-19.4 19-19.4 46.3 0 27.3 19.9 53.7 22.6 57.4 2.8 3.7 39.1 59.7 94.8 83.8 35.2 15.2 49 16.5 66.6 13.9 10.7-1.6 32.8-13.4 37.4-26.4 4.6-13 4.6-24.1 3.2-26.4-1.3-2.5-5-3.9-10.5-6.6z\"><\/path><\/svg>\t\t\t<\/span>\n\t\t\t\t\t\t\t\t\t<span class=\"elementor-button-text\">Talking on WhatsApp<\/span>\n\t\t\t\t\t<\/span>\n\t\t\t\t\t<\/a>\n\t\t\t\t<\/div>\n\t\t\t\t\t\t\t\t<\/div>\n\t\t\t\t<\/div>\n\t\t\t\t<\/div>\n\t\t<div class=\"elementor-element elementor-element-ff9279b e-con-full e-flex e-con e-child\" data-id=\"ff9279b\" data-element_type=\"container\" data-e-type=\"container\">\n\t\t\t\t<div class=\"elementor-element elementor-element-8f2e2b0 elementor-widget elementor-widget-image\" data-id=\"8f2e2b0\" data-element_type=\"widget\" data-e-type=\"widget\" data-widget_type=\"image.default\">\n\t\t\t\t<div class=\"elementor-widget-container\">\n\t\t\t\t\t\t\t\t\t\t\t\t\t\t\t<img fetchpriority=\"high\" decoding=\"async\" width=\"640\" height=\"565\" src=\"https:\/\/holawifi.net\/wp-content\/uploads\/2025\/11\/13-768x678.jpg\" class=\"attachment-medium_large size-medium_large wp-image-5457\" alt=\"Internet in Comunidad Valenciana - HolaWifi\" srcset=\"https:\/\/holawifi.net\/wp-content\/uploads\/2025\/11\/13-768x678.jpg 768w, https:\/\/holawifi.net\/wp-content\/uploads\/2025\/11\/13-300x265.jpg 300w, https:\/\/holawifi.net\/wp-content\/uploads\/2025\/11\/13-1024x904.jpg 1024w, https:\/\/holawifi.net\/wp-content\/uploads\/2025\/11\/13-14x12.jpg 14w, https:\/\/holawifi.net\/wp-content\/uploads\/2025\/11\/13.jpg 1088w\" sizes=\"(max-width: 640px) 100vw, 640px\" \/>\t\t\t\t\t\t\t\t\t\t\t\t\t\t\t<\/div>\n\t\t\t\t<\/div>\n\t\t\t\t<\/div>\n\t\t\t\t\t<\/div>\n\t\t\t\t<\/div>\n\t\t\t\t<\/div>","protected":false},"excerpt":{"rendered":"<p>Direct attention by WhatsApp We help you to check coverage, choose the best tariff and manage your installation quickly and directly. Talk by WhatsApp<\/p>","protected":false},"author":16,"featured_media":5457,"parent":0,"menu_order":0,"comment_status":"closed","ping_status":"closed","template":"","meta":{"_acf_changed":false,"inline_featured_image":false,"footnotes":""},"class_list":["post-14398","page","type-page","status-publish","has-post-thumbnail","hentry"],"acf":[],"yoast_head":"<!-- This site is optimized with the Yoast SEO plugin v27.3 - https:\/\/yoast.com\/product\/yoast-seo-wordpress\/ -->\n<title>WhatsApp | holaWifi<\/title>\n<meta name=\"robots\" content=\"index, follow, max-snippet:-1, max-image-preview:large, max-video-preview:-1\" \/>\n<link rel=\"canonical\" href=\"https:\/\/holawifi.net\/en\/whatsapp\/\" \/>\n<meta property=\"og:locale\" content=\"en_GB\" \/>\n<meta property=\"og:type\" content=\"article\" \/>\n<meta property=\"og:title\" content=\"WhatsApp | holaWifi\" \/>\n<meta property=\"og:description\" content=\"Atenci\u00f3n directa por WhatsApp Te ayudamos a comprobar cobertura, elegir la mejor tarifa y gestionar tu instalaci\u00f3n de forma r\u00e1pida y directa. Hablar por WhatsApp\" \/>\n<meta property=\"og:url\" content=\"https:\/\/holawifi.net\/en\/whatsapp\/\" \/>\n<meta property=\"og:site_name\" content=\"holaWifi\" \/>\n<meta property=\"article:publisher\" content=\"https:\/\/www.facebook.com\/holawifi\/\" \/>\n<meta property=\"article:modified_time\" content=\"2026-02-04T07:19:05+00:00\" \/>\n<meta property=\"og:image\" content=\"https:\/\/holawifi.net\/wp-content\/uploads\/2025\/11\/13.jpg\" \/>\n\t<meta property=\"og:image:width\" content=\"1088\" \/>\n\t<meta property=\"og:image:height\" content=\"960\" \/>\n\t<meta property=\"og:image:type\" content=\"image\/jpeg\" \/>\n<meta name=\"twitter:card\" content=\"summary_large_image\" \/>\n<meta name=\"twitter:label1\" content=\"Estimated reading time\" \/>\n\t<meta name=\"twitter:data1\" content=\"1 minute\" \/>\n<script type=\"application\/ld+json\" class=\"yoast-schema-graph\">{\"@context\":\"https:\\\/\\\/schema.org\",\"@graph\":[{\"@type\":\"WebPage\",\"@id\":\"https:\\\/\\\/holawifi.net\\\/whatsapp\\\/\",\"url\":\"https:\\\/\\\/holawifi.net\\\/whatsapp\\\/\",\"name\":\"WhatsApp | holaWifi\",\"isPartOf\":{\"@id\":\"https:\\\/\\\/holawifi.net\\\/#website\"},\"primaryImageOfPage\":{\"@id\":\"https:\\\/\\\/holawifi.net\\\/whatsapp\\\/#primaryimage\"},\"image\":{\"@id\":\"https:\\\/\\\/holawifi.net\\\/whatsapp\\\/#primaryimage\"},\"thumbnailUrl\":\"https:\\\/\\\/holawifi.net\\\/wp-content\\\/uploads\\\/2025\\\/11\\\/13.jpg\",\"datePublished\":\"2026-02-03T11:50:51+00:00\",\"dateModified\":\"2026-02-04T07:19:05+00:00\",\"breadcrumb\":{\"@id\":\"https:\\\/\\\/holawifi.net\\\/whatsapp\\\/#breadcrumb\"},\"inLanguage\":\"en-GB\",\"potentialAction\":[{\"@type\":\"ReadAction\",\"target\":[\"https:\\\/\\\/holawifi.net\\\/whatsapp\\\/\"]}]},{\"@type\":\"ImageObject\",\"inLanguage\":\"en-GB\",\"@id\":\"https:\\\/\\\/holawifi.net\\\/whatsapp\\\/#primaryimage\",\"url\":\"https:\\\/\\\/holawifi.net\\\/wp-content\\\/uploads\\\/2025\\\/11\\\/13.jpg\",\"contentUrl\":\"https:\\\/\\\/holawifi.net\\\/wp-content\\\/uploads\\\/2025\\\/11\\\/13.jpg\",\"width\":1088,\"height\":960,\"caption\":\"Internet en Comunidad Valenciana \u2013 HolaWifi\"},{\"@type\":\"BreadcrumbList\",\"@id\":\"https:\\\/\\\/holawifi.net\\\/whatsapp\\\/#breadcrumb\",\"itemListElement\":[{\"@type\":\"ListItem\",\"position\":1,\"name\":\"Portada\",\"item\":\"https:\\\/\\\/holawifi.net\\\/\"},{\"@type\":\"ListItem\",\"position\":2,\"name\":\"WhatsApp\"}]},{\"@type\":\"WebSite\",\"@id\":\"https:\\\/\\\/holawifi.net\\\/#website\",\"url\":\"https:\\\/\\\/holawifi.net\\\/\",\"name\":\"holaWifi\",\"description\":\"Internet en Comunidad Valenciana -Velocidades de fibra, vivas donde vivas\",\"publisher\":{\"@id\":\"https:\\\/\\\/holawifi.net\\\/#organization\"},\"potentialAction\":[{\"@type\":\"SearchAction\",\"target\":{\"@type\":\"EntryPoint\",\"urlTemplate\":\"https:\\\/\\\/holawifi.net\\\/?s={search_term_string}\"},\"query-input\":{\"@type\":\"PropertyValueSpecification\",\"valueRequired\":true,\"valueName\":\"search_term_string\"}}],\"inLanguage\":\"en-GB\"},{\"@type\":\"Organization\",\"@id\":\"https:\\\/\\\/holawifi.net\\\/#organization\",\"name\":\"holaWifi\",\"url\":\"https:\\\/\\\/holawifi.net\\\/\",\"logo\":{\"@type\":\"ImageObject\",\"inLanguage\":\"en-GB\",\"@id\":\"https:\\\/\\\/holawifi.net\\\/#\\\/schema\\\/logo\\\/image\\\/\",\"url\":\"https:\\\/\\\/holawifi.net\\\/wp-content\\\/uploads\\\/2021\\\/09\\\/cropped-FAVICON_hw.png\",\"contentUrl\":\"https:\\\/\\\/holawifi.net\\\/wp-content\\\/uploads\\\/2021\\\/09\\\/cropped-FAVICON_hw.png\",\"width\":512,\"height\":512,\"caption\":\"holaWifi\"},\"image\":{\"@id\":\"https:\\\/\\\/holawifi.net\\\/#\\\/schema\\\/logo\\\/image\\\/\"},\"sameAs\":[\"https:\\\/\\\/www.facebook.com\\\/holawifi\\\/\",\"https:\\\/\\\/www.instagram.com\\\/holawifi_\\\/\",\"https:\\\/\\\/es.linkedin.com\\\/company\\\/holawifi\"]}]}<\/script>\n<!-- \/ Yoast SEO plugin. -->","yoast_head_json":{"title":"WhatsApp | helloWifi","robots":{"index":"index","follow":"follow","max-snippet":"max-snippet:-1","max-image-preview":"max-image-preview:large","max-video-preview":"max-video-preview:-1"},"canonical":"https:\/\/holawifi.net\/en\/whatsapp\/","og_locale":"en_GB","og_type":"article","og_title":"WhatsApp | holaWifi","og_description":"Atenci\u00f3n directa por WhatsApp Te ayudamos a comprobar cobertura, elegir la mejor tarifa y gestionar tu instalaci\u00f3n de forma r\u00e1pida y directa. Hablar por WhatsApp","og_url":"https:\/\/holawifi.net\/en\/whatsapp\/","og_site_name":"holaWifi","article_publisher":"https:\/\/www.facebook.com\/holawifi\/","article_modified_time":"2026-02-04T07:19:05+00:00","og_image":[{"width":1088,"height":960,"url":"https:\/\/holawifi.net\/wp-content\/uploads\/2025\/11\/13.jpg","type":"image\/jpeg"}],"twitter_card":"summary_large_image","twitter_misc":{"Estimated reading time":"1 minute"},"schema":{"@context":"https:\/\/schema.org","@graph":[{"@type":"WebPage","@id":"https:\/\/holawifi.net\/whatsapp\/","url":"https:\/\/holawifi.net\/whatsapp\/","name":"WhatsApp | helloWifi","isPartOf":{"@id":"https:\/\/holawifi.net\/#website"},"primaryImageOfPage":{"@id":"https:\/\/holawifi.net\/whatsapp\/#primaryimage"},"image":{"@id":"https:\/\/holawifi.net\/whatsapp\/#primaryimage"},"thumbnailUrl":"https:\/\/holawifi.net\/wp-content\/uploads\/2025\/11\/13.jpg","datePublished":"2026-02-03T11:50:51+00:00","dateModified":"2026-02-04T07:19:05+00:00","breadcrumb":{"@id":"https:\/\/holawifi.net\/whatsapp\/#breadcrumb"},"inLanguage":"en-GB","potentialAction":[{"@type":"ReadAction","target":["https:\/\/holawifi.net\/whatsapp\/"]}]},{"@type":"ImageObject","inLanguage":"en-GB","@id":"https:\/\/holawifi.net\/whatsapp\/#primaryimage","url":"https:\/\/holawifi.net\/wp-content\/uploads\/2025\/11\/13.jpg","contentUrl":"https:\/\/holawifi.net\/wp-content\/uploads\/2025\/11\/13.jpg","width":1088,"height":960,"caption":"Internet en Comunidad Valenciana \u2013 HolaWifi"},{"@type":"BreadcrumbList","@id":"https:\/\/holawifi.net\/whatsapp\/#breadcrumb","itemListElement":[{"@type":"ListItem","position":1,"name":"Portada","item":"https:\/\/holawifi.net\/"},{"@type":"ListItem","position":2,"name":"WhatsApp"}]},{"@type":"WebSite","@id":"https:\/\/holawifi.net\/#website","url":"https:\/\/holawifi.net\/","name":"holaWifi","description":"Internet in Comunidad Valenciana -Fibre speeds, wherever you live","publisher":{"@id":"https:\/\/holawifi.net\/#organization"},"potentialAction":[{"@type":"SearchAction","target":{"@type":"EntryPoint","urlTemplate":"https:\/\/holawifi.net\/?s={search_term_string}"},"query-input":{"@type":"PropertyValueSpecification","valueRequired":true,"valueName":"search_term_string"}}],"inLanguage":"en-GB"},{"@type":"Organization","@id":"https:\/\/holawifi.net\/#organization","name":"holaWifi","url":"https:\/\/holawifi.net\/","logo":{"@type":"ImageObject","inLanguage":"en-GB","@id":"https:\/\/holawifi.net\/#\/schema\/logo\/image\/","url":"https:\/\/holawifi.net\/wp-content\/uploads\/2021\/09\/cropped-FAVICON_hw.png","contentUrl":"https:\/\/holawifi.net\/wp-content\/uploads\/2021\/09\/cropped-FAVICON_hw.png","width":512,"height":512,"caption":"holaWifi"},"image":{"@id":"https:\/\/holawifi.net\/#\/schema\/logo\/image\/"},"sameAs":["https:\/\/www.facebook.com\/holawifi\/","https:\/\/www.instagram.com\/holawifi_\/","https:\/\/es.linkedin.com\/company\/holawifi"]}]}},"_links":{"self":[{"href":"https:\/\/holawifi.net\/en\/wp-json\/wp\/v2\/pages\/14398","targetHints":{"allow":["GET"]}}],"collection":[{"href":"https:\/\/holawifi.net\/en\/wp-json\/wp\/v2\/pages"}],"about":[{"href":"https:\/\/holawifi.net\/en\/wp-json\/wp\/v2\/types\/page"}],"author":[{"embeddable":true,"href":"https:\/\/holawifi.net\/en\/wp-json\/wp\/v2\/users\/16"}],"replies":[{"embeddable":true,"href":"https:\/\/holawifi.net\/en\/wp-json\/wp\/v2\/comments?post=14398"}],"version-history":[{"count":17,"href":"https:\/\/holawifi.net\/en\/wp-json\/wp\/v2\/pages\/14398\/revisions"}],"predecessor-version":[{"id":14452,"href":"https:\/\/holawifi.net\/en\/wp-json\/wp\/v2\/pages\/14398\/revisions\/14452"}],"wp:featuredmedia":[{"embeddable":true,"href":"https:\/\/holawifi.net\/en\/wp-json\/wp\/v2\/media\/5457"}],"wp:attachment":[{"href":"https:\/\/holawifi.net\/en\/wp-json\/wp\/v2\/media?parent=14398"}],"curies":[{"name":"wp","href":"https:\/\/api.w.org\/{rel}","templated":true}]}}